{"id":10962,"date":"2024-03-14T13:27:54","date_gmt":"2024-03-14T12:27:54","guid":{"rendered":"http:\/\/delikatesy.wineport.pl\/?product=wino-happy-cat-pink-katz-qba-075l"},"modified":"2026-05-10T18:10:25","modified_gmt":"2026-05-10T16:10:25","slug":"wino-happy-cat-pink-katz-qba-075l","status":"publish","type":"product","link":"http:\/\/delikatesy.wineport.pl\/?product=wino-happy-cat-pink-katz-qba-075l","title":{"rendered":"Wino Happy Cat Pink Katz QbA 0,75L"},"content":{"rendered":"<p><span style=\"color: #ff0000;\">UWAGA!!! NIE WYSY\u0141AMY ALKOHOLU KURIEREM W PRZYPADKU ZAM\u00d3WIE\u0143 OD OS\u00d3B PRYWATNYCH, TYLKO ODBI\u00d3R OSOBISTY NA UL. \u015aW. STANIS\u0141AWA 12 W WARSZAWIE!!! W przypadku op\u0142acenia zam\u00f3wienia alkoholu z wysy\u0142k\u0105, przy zwrocie pieni\u0119dzy zostanie potr\u0105cona prowizja\u00a0<\/span><strong style=\"color: #ff0000;\">DOTPAY<\/strong><span style=\"color: #ff0000;\">!<\/span><\/p>\n<table border=\"0\" width=\"130\" cellspacing=\"0\" cellpadding=\"0\" align=\"center\">\n<tbody>\n<tr>\n<td bgcolor=\"#e2cfaf\" width=\"1\">\u00a0<\/td>\n<\/tr>\n<tr>\n<td colspan=\"2\">\u00a0<\/td>\n<td valign=\"bottom\" bgcolor=\"#fbfbf8\" width=\"110\">\u00a0<\/td>\n<td colspan=\"2\">\u00a0<\/td>\n<\/tr>\n<\/tbody>\n<\/table>\n<p> bia\u0142e p\u00f3\u0142wytrawne<\/p>\n<p> kraj pochodzenia: <span style=\"font-weight: bold;\">Niemcy<\/span><br \/>Region: <span style=\"font-weight: bold;\">Mosel-Saar-Ruwer<\/span><br \/> pojemno\u015b\u0107: 0,5 l.<br \/> zawarto\u015b\u0107 alk. 8%<\/p>\n","protected":false},"excerpt":{"rendered":"<p>bia\u0142e p\u00f3\u0142wytrawne kraj pochodzenia: Niemcy Region: Mosel-Saar-Ruwer pojemno\u015b\u0107: 0,5 l. zawarto\u015b\u0107 alk. 8%<\/p>\n","protected":false},"featured_media":10961,"comment_status":"open","ping_status":"closed","template":"","meta":[],"product_cat":[121,80],"product_tag":[],"class_list":{"0":"post-10962","1":"product","2":"type-product","3":"status-publish","4":"has-post-thumbnail","6":"product_cat-niemcy","7":"product_cat-wina-swiata","9":"first","10":"instock","11":"shipping-taxable","12":"purchasable","13":"product-type-simple"},"_links":{"self":[{"href":"http:\/\/delikatesy.wineport.pl\/index.php?rest_route=\/wp\/v2\/product\/10962","targetHints":{"allow":["GET"]}}],"collection":[{"href":"http:\/\/delikatesy.wineport.pl\/index.php?rest_route=\/wp\/v2\/product"}],"about":[{"href":"http:\/\/delikatesy.wineport.pl\/index.php?rest_route=\/wp\/v2\/types\/product"}],"replies":[{"embeddable":true,"href":"http:\/\/delikatesy.wineport.pl\/index.php?rest_route=%2Fwp%2Fv2%2Fcomments&post=10962"}],"wp:featuredmedia":[{"embeddable":true,"href":"http:\/\/delikatesy.wineport.pl\/index.php?rest_route=\/wp\/v2\/media\/10961"}],"wp:attachment":[{"href":"http:\/\/delikatesy.wineport.pl\/index.php?rest_route=%2Fwp%2Fv2%2Fmedia&parent=10962"}],"wp:term":[{"taxonomy":"product_cat","embeddable":true,"href":"http:\/\/delikatesy.wineport.pl\/index.php?rest_route=%2Fwp%2Fv2%2Fproduct_cat&post=10962"},{"taxonomy":"product_tag","embeddable":true,"href":"http:\/\/delikatesy.wineport.pl\/index.php?rest_route=%2Fwp%2Fv2%2Fproduct_tag&post=10962"}],"curies":[{"name":"wp","href":"https:\/\/api.w.org\/{rel}","templated":true}]}}