{"id":11010,"date":"2024-03-14T13:28:03","date_gmt":"2024-03-14T12:28:03","guid":{"rendered":"http:\/\/delikatesy.wineport.pl\/?product=wino-monte-da-cal-reserva-075l"},"modified":"2026-05-10T18:11:17","modified_gmt":"2026-05-10T16:11:17","slug":"wino-monte-da-cal-reserva-075l","status":"publish","type":"product","link":"http:\/\/delikatesy.wineport.pl\/?product=wino-monte-da-cal-reserva-075l","title":{"rendered":"Wino Monte da Cal Reserva 0,75L"},"content":{"rendered":"<p><span style=\"color: #ff0000;\">UWAGA!!! NIE WYSY\u0141AMY ALKOHOLU KURIEREM W PRZYPADKU ZAM\u00d3WIE\u0143 OD OS\u00d3B PRYWATNYCH, TYLKO ODBI\u00d3R OSOBISTY NA UL. \u015aW. STANIS\u0141AWA 12 W WARSZAWIE!!! W przypadku op\u0142acenia zam\u00f3wienia alkoholu z wysy\u0142k\u0105, przy zwrocie pieni\u0119dzy zostanie potr\u0105cona prowizja\u00a0<\/span><strong style=\"color: #ff0000;\">DOTPAY<\/strong><span style=\"color: #ff0000;\">!<\/span><\/p>\n<table border=\"0\" width=\"130\" cellspacing=\"0\" cellpadding=\"0\" align=\"center\">\n<tbody>\n<tr>\n<td bgcolor=\"#e2cfaf\" width=\"1\">\u00a0<\/td>\n<\/tr>\n<tr>\n<td colspan=\"2\"><img decoding=\"async\" src=\"http:\/\/www.waldipol.pl\/img\/c-p-bottom-left.gif\" alt=\"\" width=\"10\" height=\"10\" border=\"0\" \/><\/td>\n<td valign=\"bottom\" bgcolor=\"#fbfbf8\" width=\"110\"><img decoding=\"async\" src=\"http:\/\/www.waldipol.pl\/img\/point-light.gif\" alt=\"\" width=\"110\" height=\"1\" border=\"0\" \/><\/td>\n<td colspan=\"2\"><img decoding=\"async\" src=\"http:\/\/www.waldipol.pl\/img\/c-p-bottom-right.gif\" alt=\"\" width=\"10\" height=\"10\" border=\"0\" \/><\/td>\n<\/tr>\n<\/tbody>\n<\/table>\n<p> czerwone wytrawne<\/p>\n<p> typ: <span style=\"font-weight: bold;\">wina oryginalne<\/span><br \/>kraj pochodzenia: <span style=\"font-weight: bold;\">Portugalia<\/span><br \/> pojemno\u015b\u0107: 0,75 l.<br \/> zawarto\u015b\u0107 alk. 14%<\/p>\n","protected":false},"excerpt":{"rendered":"<p>czerwone wytrawne typ: wina oryginalne kraj pochodzenia: Portugalia pojemno\u015b\u0107: 0,75 l. zawarto\u015b\u0107 alk. 14%<\/p>\n","protected":false},"featured_media":11009,"comment_status":"open","ping_status":"closed","template":"","meta":[],"product_cat":[94,80],"product_tag":[],"class_list":{"0":"post-11010","1":"product","2":"type-product","3":"status-publish","4":"has-post-thumbnail","6":"product_cat-portugalia","7":"product_cat-wina-swiata","9":"first","10":"instock","11":"shipping-taxable","12":"purchasable","13":"product-type-simple"},"_links":{"self":[{"href":"http:\/\/delikatesy.wineport.pl\/index.php?rest_route=\/wp\/v2\/product\/11010","targetHints":{"allow":["GET"]}}],"collection":[{"href":"http:\/\/delikatesy.wineport.pl\/index.php?rest_route=\/wp\/v2\/product"}],"about":[{"href":"http:\/\/delikatesy.wineport.pl\/index.php?rest_route=\/wp\/v2\/types\/product"}],"replies":[{"embeddable":true,"href":"http:\/\/delikatesy.wineport.pl\/index.php?rest_route=%2Fwp%2Fv2%2Fcomments&post=11010"}],"wp:featuredmedia":[{"embeddable":true,"href":"http:\/\/delikatesy.wineport.pl\/index.php?rest_route=\/wp\/v2\/media\/11009"}],"wp:attachment":[{"href":"http:\/\/delikatesy.wineport.pl\/index.php?rest_route=%2Fwp%2Fv2%2Fmedia&parent=11010"}],"wp:term":[{"taxonomy":"product_cat","embeddable":true,"href":"http:\/\/delikatesy.wineport.pl\/index.php?rest_route=%2Fwp%2Fv2%2Fproduct_cat&post=11010"},{"taxonomy":"product_tag","embeddable":true,"href":"http:\/\/delikatesy.wineport.pl\/index.php?rest_route=%2Fwp%2Fv2%2Fproduct_tag&post=11010"}],"curies":[{"name":"wp","href":"https:\/\/api.w.org\/{rel}","templated":true}]}}