{"id":11020,"date":"2024-03-14T13:28:06","date_gmt":"2024-03-14T12:28:06","guid":{"rendered":"http:\/\/delikatesy.wineport.pl\/?product=wino-conde-de-sabugal-d-o-dao-075l"},"modified":"2026-05-10T18:11:20","modified_gmt":"2026-05-10T16:11:20","slug":"wino-conde-de-sabugal-d-o-dao-075l","status":"publish","type":"product","link":"http:\/\/delikatesy.wineport.pl\/?product=wino-conde-de-sabugal-d-o-dao-075l","title":{"rendered":"Wino Conde de Sabugal D.O. Dao 0,75L"},"content":{"rendered":"<p><span style=\"color: #ff0000;\">UWAGA!!! NIE WYSY\u0141AMY ALKOHOLU KURIEREM W PRZYPADKU ZAM\u00d3WIE\u0143 OD OS\u00d3B PRYWATNYCH, TYLKO ODBI\u00d3R OSOBISTY NA UL. \u015aW. STANIS\u0141AWA 12 W WARSZAWIE!!! W przypadku op\u0142acenia zam\u00f3wienia alkoholu z wysy\u0142k\u0105, przy zwrocie pieni\u0119dzy zostanie potr\u0105cona prowizja\u00a0<\/span><strong style=\"color: #ff0000;\">DOTPAY<\/strong><span style=\"color: #ff0000;\">!<\/span><\/p>\n<p>Region: DOC Dao<br \/> Szczepy: Touriga Nacional, Tinta Roriz, Touriga Franca<\/p>\n<p> Dojrzewa przez 6 miesi\u0119cy w beczkach z francuskiego d\u0119bu. <br \/> Wino koloru rubinowego , wyczuwalny aromat czerwonych owoc\u00f3w i czekolady. W ustach wyczuwalny delikatny smak taniny i owoc\u00f3w le\u015bnych, z\u0142o\u017cone, charakteryzuje si\u0119 d\u0142ugim zako\u0144czniem.<\/p>\n<p> czerwone wytrawne<\/p>\n<p> kraj pochodzenia: <span style=\"font-weight: bold;\">Portugalia<\/span><br \/>Region: <span style=\"font-weight: bold;\">Dao<\/span><br \/> pojemno\u015b\u0107: 0,75 l.<br \/> zawarto\u015b\u0107 alk. 13%<\/p>\n","protected":false},"excerpt":{"rendered":"<p>Region: DOC Dao Szczepy: Touriga Nacional, Tinta Roriz, Touriga Franca Dojrzewa przez 6 miesi\u0119cy w beczkach z francuskiego d\u0119bu. Wino koloru rubinowego , wyczuwalny aromat czerwonych owoc\u00f3w i czekolady. W ustach wyczuwalny delikatny smak taniny i owo&#8230;<\/p>\n","protected":false},"featured_media":11019,"comment_status":"open","ping_status":"closed","template":"","meta":[],"product_cat":[94,80],"product_tag":[],"class_list":{"0":"post-11020","1":"product","2":"type-product","3":"status-publish","4":"has-post-thumbnail","6":"product_cat-portugalia","7":"product_cat-wina-swiata","9":"first","10":"instock","11":"shipping-taxable","12":"purchasable","13":"product-type-simple"},"_links":{"self":[{"href":"http:\/\/delikatesy.wineport.pl\/index.php?rest_route=\/wp\/v2\/product\/11020","targetHints":{"allow":["GET"]}}],"collection":[{"href":"http:\/\/delikatesy.wineport.pl\/index.php?rest_route=\/wp\/v2\/product"}],"about":[{"href":"http:\/\/delikatesy.wineport.pl\/index.php?rest_route=\/wp\/v2\/types\/product"}],"replies":[{"embeddable":true,"href":"http:\/\/delikatesy.wineport.pl\/index.php?rest_route=%2Fwp%2Fv2%2Fcomments&post=11020"}],"wp:featuredmedia":[{"embeddable":true,"href":"http:\/\/delikatesy.wineport.pl\/index.php?rest_route=\/wp\/v2\/media\/11019"}],"wp:attachment":[{"href":"http:\/\/delikatesy.wineport.pl\/index.php?rest_route=%2Fwp%2Fv2%2Fmedia&parent=11020"}],"wp:term":[{"taxonomy":"product_cat","embeddable":true,"href":"http:\/\/delikatesy.wineport.pl\/index.php?rest_route=%2Fwp%2Fv2%2Fproduct_cat&post=11020"},{"taxonomy":"product_tag","embeddable":true,"href":"http:\/\/delikatesy.wineport.pl\/index.php?rest_route=%2Fwp%2Fv2%2Fproduct_tag&post=11020"}],"curies":[{"name":"wp","href":"https:\/\/api.w.org\/{rel}","templated":true}]}}