{"id":11026,"date":"2024-03-14T13:28:07","date_gmt":"2024-03-14T12:28:07","guid":{"rendered":"http:\/\/delikatesy.wineport.pl\/?product=wino-cabriz-d-o-dao-czerwone-075l"},"modified":"2026-03-31T18:04:08","modified_gmt":"2026-03-31T16:04:08","slug":"wino-cabriz-d-o-dao-czerwone-075l","status":"publish","type":"product","link":"http:\/\/delikatesy.wineport.pl\/?product=wino-cabriz-d-o-dao-czerwone-075l","title":{"rendered":"Wino Cabriz D.O. Dao czerwone 0,75L"},"content":{"rendered":"<p><span style=\"color: #ff0000;\">UWAGA!!! NIE WYSY\u0141AMY ALKOHOLU KURIEREM W PRZYPADKU ZAM\u00d3WIE\u0143 OD OS\u00d3B PRYWATNYCH, TYLKO ODBI\u00d3R OSOBISTY NA UL. \u015aW. STANIS\u0141AWA 12 W WARSZAWIE!!! W przypadku op\u0142acenia zam\u00f3wienia alkoholu z wysy\u0142k\u0105, przy zwrocie pieni\u0119dzy zostanie potr\u0105cona prowizja\u00a0<\/span><strong style=\"color: #ff0000;\">DOTPAY<\/strong><span style=\"color: #ff0000;\">!<\/span><\/p>\n<p>Region: DOC Dao<br \/> Szczepy: Alfrocheiro, Tinta Roriz, Touriga Naciona<\/p>\n<p> Le\u017cakuje przez 6 miesi\u0119cy w beczkach z francuskiego d\u0119bu. Rubinowa barwa i \u0142adny bukiet z wanili\u0105 i dojrza\u0142ymi owocami. \u0141agodnie taniczne na podniebieniu. W szczytowej fazie rozwoju.<\/p>\n<p> czerwone wytrawne<\/p>\n<p> kraj pochodzenia: <span style=\"font-weight: bold;\">Portugalia<\/span><br \/>Region: <span style=\"font-weight: bold;\">Dao<\/span><br \/> pojemno\u015b\u0107: 0,75 l.<br \/> zawarto\u015b\u0107 alk. 13%<\/p>\n","protected":false},"excerpt":{"rendered":"<p>Region: DOC Dao Szczepy: Alfrocheiro, Tinta Roriz, Touriga Naciona Le\u017cakuje przez 6 miesi\u0119cy w beczkach z francuskiego d\u0119bu. Rubinowa barwa i \u0142adny bukiet z wanili\u0105 i dojrza\u0142ymi owocami. \u0141agodnie taniczne na podniebieniu. W szczytowej fazie rozwoju. &#8230;<\/p>\n","protected":false},"featured_media":11025,"comment_status":"open","ping_status":"closed","template":"","meta":[],"product_cat":[94,80],"product_tag":[],"class_list":{"0":"post-11026","1":"product","2":"type-product","3":"status-publish","4":"has-post-thumbnail","6":"product_cat-portugalia","7":"product_cat-wina-swiata","9":"first","10":"instock","11":"shipping-taxable","12":"purchasable","13":"product-type-simple"},"_links":{"self":[{"href":"http:\/\/delikatesy.wineport.pl\/index.php?rest_route=\/wp\/v2\/product\/11026","targetHints":{"allow":["GET"]}}],"collection":[{"href":"http:\/\/delikatesy.wineport.pl\/index.php?rest_route=\/wp\/v2\/product"}],"about":[{"href":"http:\/\/delikatesy.wineport.pl\/index.php?rest_route=\/wp\/v2\/types\/product"}],"replies":[{"embeddable":true,"href":"http:\/\/delikatesy.wineport.pl\/index.php?rest_route=%2Fwp%2Fv2%2Fcomments&post=11026"}],"wp:featuredmedia":[{"embeddable":true,"href":"http:\/\/delikatesy.wineport.pl\/index.php?rest_route=\/wp\/v2\/media\/11025"}],"wp:attachment":[{"href":"http:\/\/delikatesy.wineport.pl\/index.php?rest_route=%2Fwp%2Fv2%2Fmedia&parent=11026"}],"wp:term":[{"taxonomy":"product_cat","embeddable":true,"href":"http:\/\/delikatesy.wineport.pl\/index.php?rest_route=%2Fwp%2Fv2%2Fproduct_cat&post=11026"},{"taxonomy":"product_tag","embeddable":true,"href":"http:\/\/delikatesy.wineport.pl\/index.php?rest_route=%2Fwp%2Fv2%2Fproduct_tag&post=11026"}],"curies":[{"name":"wp","href":"https:\/\/api.w.org\/{rel}","templated":true}]}}