{"id":11124,"date":"2024-03-14T13:28:32","date_gmt":"2024-03-14T12:28:32","guid":{"rendered":"http:\/\/delikatesy.wineport.pl\/?product=miod-dwojniak-kurpiowski-075l"},"modified":"2026-05-10T18:13:08","modified_gmt":"2026-05-10T16:13:08","slug":"miod-dwojniak-kurpiowski-075l","status":"publish","type":"product","link":"http:\/\/delikatesy.wineport.pl\/?product=miod-dwojniak-kurpiowski-075l","title":{"rendered":"Mi\u00f3d Dw\u00f3jniak Kurpiowski 0,75l"},"content":{"rendered":"<div class=\"titlesecondary\">\n<p><span style=\"color: #ff0000; font-size: 16px; font-family: arial, helvetica, sans-serif;\">UWAGA!!! NIE WYSY\u0141AMY ALKOHOLU W PRZYPADKU ZAM\u00d3WIE\u0143 OD OS\u00d3B PRYWATNYCH, TYLKO ODBI\u00d3R OSOBISTY NA UL. \u015aW. STANIS\u0141AWA 12 W WARSZAWIE!!! W przypadku op\u0142acenia zam\u00f3wienia alkoholu z wysy\u0142k\u0105, przy zwrocie pieni\u0119dzy zostanie potr\u0105cona prowizja\u00a0DOTPAY!<\/span><\/p>\n<p><span style=\"color: #ff0000; font-size: 16px; font-family: arial, helvetica, sans-serif;\">\u00a0<\/span><\/p>\n<p>  Dw\u00f3jniak Kurpiowski<\/p><\/div>\n<div class=\"description\"><span class=\"firstLetter\">O<\/span>dpowiednio dobrany zestaw przypraw korzennych nadaje mu harmonijny smak i zapach. Jest produkowany z dodatkiem soku z czarnej porzeczki.<\/p>\n<div class=\"adLinksPrizes\">\n<div class=\"titleAdLinks\">Nagrody i wyr\u00f3\u017cnienia<\/div>\n<ul class=\"adLinksUL\">\n<li><a class=\"adLink\" href=\"http:\/\/www.apis.pl\/?pl-ofirmie-nagrody#n22\">Nagroda za utrzymanie jako\u015bci i sukcesu rynkowego miodu pitnego &#8220;Kurpiowskiego&#8221; Kapelusz Merkurego (Warszawa; 2005) <\/a><\/li>\n<li><a class=\"adLink\" href=\"http:\/\/www.apis.pl\/?pl-ofirmie-nagrody#n4\">Konsumencki Znak Jako\u015bci \u017bywno\u015bci &#8220;Q&#8221; oraz Nagroda Marsza\u0142ka Sejmu R.P. na XIII Prezentacjach \u017bywno\u015bci (Warszawa)<\/a><\/li>\n<li><a class=\"adLink\" href=\"http:\/\/www.apis.pl\/?pl-ofirmie-nagrody#n9\">Srebrny medal na XI Og\u00f3lnopolskim Konkursie Win, Miod\u00f3w Pitnych i Napoj\u00f3w Winiarskich (Pszczela Wola)<\/a><\/li>\n<li><a class=\"adLink\" href=\"http:\/\/www.apis.pl\/?pl-ofirmie-nagrody#n10\">G\u0142\u00f3wne wyr\u00f3\u017cnienie na Mi\u0119dzynarodowych Targach Spo\u017cywczych FOODTARG (Katowice)<\/a><\/li>\n<li><a class=\"adLink\" href=\"http:\/\/www.apis.pl\/?pl-ofirmie-nagrody#n16\">Z\u0142ota statuetka &#8220;\u0141uczniczki&#8221; na Mi\u0119dzynarodowych Targach Pomorza i Kujaw &#8220;DRINK 2000&#8221; (Bydgoszcz)<\/a><\/li>\n<li><a class=\"adLink\" href=\"http:\/\/www.apis.pl\/?pl-ofirmie-nagrody#n19\">Z\u0142oty medal Mi\u0119dzynarodowych Targ\u00f3w Pozna\u0144skich 1994 <\/a><\/li>\n<\/ul><\/div>\n<\/p><\/div>\n","protected":false},"excerpt":{"rendered":"<p>Dw\u00f3jniak Kurpiowski O dpowiednio dobrany zestaw przypraw korzennych nadaje mu harmonijny smak i zapach. Jest produkowany z dodatkiem soku z czarnej porzeczki. Nagrody i wyr\u00f3\u017cnienia Nagroda za utrzymanie jako\u015bci i sukcesu rynkowego miodu pitnego &#8220;Kurp&#8230;<\/p>\n","protected":false},"featured_media":11123,"comment_status":"open","ping_status":"closed","template":"","meta":[],"product_cat":[105,104,139,106],"product_tag":[],"class_list":{"0":"post-11124","1":"product","2":"type-product","3":"status-publish","4":"has-post-thumbnail","6":"product_cat-kremy","7":"product_cat-likiery","8":"product_cat-miody","9":"product_cat-nalewki-i-miody","11":"first","12":"instock","13":"shipping-taxable","14":"purchasable","15":"product-type-simple"},"_links":{"self":[{"href":"http:\/\/delikatesy.wineport.pl\/index.php?rest_route=\/wp\/v2\/product\/11124","targetHints":{"allow":["GET"]}}],"collection":[{"href":"http:\/\/delikatesy.wineport.pl\/index.php?rest_route=\/wp\/v2\/product"}],"about":[{"href":"http:\/\/delikatesy.wineport.pl\/index.php?rest_route=\/wp\/v2\/types\/product"}],"replies":[{"embeddable":true,"href":"http:\/\/delikatesy.wineport.pl\/index.php?rest_route=%2Fwp%2Fv2%2Fcomments&post=11124"}],"wp:featuredmedia":[{"embeddable":true,"href":"http:\/\/delikatesy.wineport.pl\/index.php?rest_route=\/wp\/v2\/media\/11123"}],"wp:attachment":[{"href":"http:\/\/delikatesy.wineport.pl\/index.php?rest_route=%2Fwp%2Fv2%2Fmedia&parent=11124"}],"wp:term":[{"taxonomy":"product_cat","embeddable":true,"href":"http:\/\/delikatesy.wineport.pl\/index.php?rest_route=%2Fwp%2Fv2%2Fproduct_cat&post=11124"},{"taxonomy":"product_tag","embeddable":true,"href":"http:\/\/delikatesy.wineport.pl\/index.php?rest_route=%2Fwp%2Fv2%2Fproduct_tag&post=11124"}],"curies":[{"name":"wp","href":"https:\/\/api.w.org\/{rel}","templated":true}]}}