{"id":11213,"date":"2024-03-14T13:28:54","date_gmt":"2024-03-14T12:28:54","guid":{"rendered":"http:\/\/delikatesy.wineport.pl\/?product=wino-choya-sake-075l"},"modified":"2026-05-10T18:15:00","modified_gmt":"2026-05-10T16:15:00","slug":"wino-choya-sake-075l","status":"publish","type":"product","link":"http:\/\/delikatesy.wineport.pl\/?product=wino-choya-sake-075l","title":{"rendered":"Wino Choya Sake 0,75L"},"content":{"rendered":"<div class=\"border-top\" style=\"border-top-width: 1px; border-top-style: solid; border-top-color: #660000; color: #ffffff; font-family: tahoma, helvetica, sans-serif; font-size: 11px;\"><span class=\"Apple-style-span\" style=\"font-size: medium; color: #000000;\"><span style=\"color: #ff0000;\">UWAGA!!! NIE WYSY\u0141AMY ALKOHOLU KURIEREM W PRZYPADKU ZAM\u00d3WIE\u0143 OD OS\u00d3B PRYWATNYCH, TYLKO ODBI\u00d3R OSOBISTY NA UL. \u015aW. STANIS\u0141AWA 12 W WARSZAWIE!!! W przypadku op\u0142acenia zam\u00f3wienia alkoholu z wysy\u0142k\u0105, przy zwrocie pieni\u0119dzy zostanie potr\u0105cona prowizja\u00a0<\/span><strong style=\"color: #ff0000;\">DOTPAY<\/strong><span style=\"color: #ff0000;\">!<\/span><br \/> <\/span><\/div>\n<div class=\"text border-top\" style=\"border-top-width: 1px; border-top-style: solid; border-top-color: #660000; line-height: 1.6em; font-family: tahoma, helvetica, sans-serif; font-size: 11px; padding: 5px 15px 15px 15px;\">Sake to wino ry\u017cowe, bezbarwne lub s\u0142omkowe o lekko s\u0142odkawym smaku. Podaje si\u0119 je najcz\u0119\u015bciej na ciep\u0142o &#8211; w specjalnych porcelanowych naczynkach zwanych \u201esakazuki\u201d. Od ponad 1000 lat, sake by\u0142o produkowane z ry\u017cu, rosn\u0105cego w regionie Nara na wschodzie Japonii, po czym fermentowane za pomoc\u0105 specjalnej odmiany dro\u017cd\u017cy \u201eKoji\u201d. Choya sake tworzona jest z niemodyfikowanego genetycznie zbo\u017ca co niezwykle uszlachetnia ten trunek<\/div>\n<div class=\"text border-top\" style=\"border-top-width: 1px; border-top-style: solid; border-top-color: #660000; line-height: 1.6em; font-family: tahoma, helvetica, sans-serif; font-size: 11px; padding: 5px 15px 15px 15px;\">zobacz ile sake choya kosztuje u konkurencji:<\/div>\n<div class=\"text border-top\" style=\"border-top-width: 1px; border-top-style: solid; border-top-color: #660000; line-height: 1.6em; font-family: tahoma, helvetica, sans-serif; font-size: 11px; padding: 5px 15px 15px 15px;\">\u00a0<\/div>\n<div class=\"text border-top\" style=\"border-top-width: 1px; border-top-style: solid; border-top-color: #660000; line-height: 1.6em; font-family: tahoma, helvetica, sans-serif; font-size: 11px; padding: 5px 15px 15px 15px;\"><a href=\"http:\/\/www.smaczajama.pl\/sklep\/pl\/p\/Wino-Choya-Sake\/1106\">http:\/\/www.smaczajama.pl\/sklep\/pl\/p\/Wino-Choya-Sake\/1106<\/a><\/div>\n<div class=\"text border-top\" style=\"border-top-width: 1px; border-top-style: solid; border-top-color: #660000; line-height: 1.6em; font-family: tahoma, helvetica, sans-serif; font-size: 11px; padding: 5px 15px 15px 15px;\"><a href=\"http:\/\/www.sklep-ballantines.pl\/Choya_Sake-1549.html\">http:\/\/www.sklep-ballantines.pl\/Choya_Sake-1549.html<\/a><\/div>\n<div class=\"text border-top\" style=\"border-top-width: 1px; border-top-style: solid; border-top-color: #660000; line-height: 1.6em; font-family: tahoma, helvetica, sans-serif; font-size: 11px; padding: 5px 15px 15px 15px;\">\u00a0<\/div>\n<div class=\"text border-top\" style=\"border-top-width: 1px; border-top-style: solid; border-top-color: #660000; line-height: 1.6em; font-family: tahoma, helvetica, sans-serif; font-size: 11px; padding: 5px 15px 15px 15px;\">\u00a0<\/div>\n<div class=\"text border-top\" style=\"border-top-width: 1px; border-top-style: solid; border-top-color: #660000; line-height: 1.6em; font-family: tahoma, helvetica, sans-serif; font-size: 11px; padding: 5px 15px 15px 15px;\">15% alc<\/div>\n<div class=\"text border-top\" style=\"border-top-width: 1px; border-top-style: solid; border-top-color: #660000; line-height: 1.6em; font-family: tahoma, helvetica, sans-serif; font-size: 11px; padding: 5px 15px 15px 15px;\">kraj pochodzenia: Japonia<\/div>\n","protected":false},"excerpt":{"rendered":"<p>Sake to wino ry\u017cowe, bezbarwne lub s\u0142omkowe o lekko s\u0142odkawym smaku. Podaje si\u0119 je najcz\u0119\u015bciej na ciep\u0142o &#8211; w specjalnych porcelanowych naczynkach zwanych \u201esakazuki\u201d. Od ponad 1000 lat, sake by\u0142o produkowane z ry\u017cu, rosn\u0105cego w regionie Nara na wschod&#8230;<\/p>\n","protected":false},"featured_media":11212,"comment_status":"open","ping_status":"closed","template":"","meta":[],"product_cat":[141,80],"product_tag":[],"class_list":{"0":"post-11213","1":"product","2":"type-product","3":"status-publish","4":"has-post-thumbnail","6":"product_cat-japonia","7":"product_cat-wina-swiata","9":"first","10":"instock","11":"shipping-taxable","12":"purchasable","13":"product-type-simple"},"_links":{"self":[{"href":"http:\/\/delikatesy.wineport.pl\/index.php?rest_route=\/wp\/v2\/product\/11213","targetHints":{"allow":["GET"]}}],"collection":[{"href":"http:\/\/delikatesy.wineport.pl\/index.php?rest_route=\/wp\/v2\/product"}],"about":[{"href":"http:\/\/delikatesy.wineport.pl\/index.php?rest_route=\/wp\/v2\/types\/product"}],"replies":[{"embeddable":true,"href":"http:\/\/delikatesy.wineport.pl\/index.php?rest_route=%2Fwp%2Fv2%2Fcomments&post=11213"}],"wp:featuredmedia":[{"embeddable":true,"href":"http:\/\/delikatesy.wineport.pl\/index.php?rest_route=\/wp\/v2\/media\/11212"}],"wp:attachment":[{"href":"http:\/\/delikatesy.wineport.pl\/index.php?rest_route=%2Fwp%2Fv2%2Fmedia&parent=11213"}],"wp:term":[{"taxonomy":"product_cat","embeddable":true,"href":"http:\/\/delikatesy.wineport.pl\/index.php?rest_route=%2Fwp%2Fv2%2Fproduct_cat&post=11213"},{"taxonomy":"product_tag","embeddable":true,"href":"http:\/\/delikatesy.wineport.pl\/index.php?rest_route=%2Fwp%2Fv2%2Fproduct_tag&post=11213"}],"curies":[{"name":"wp","href":"https:\/\/api.w.org\/{rel}","templated":true}]}}