{"id":11215,"date":"2024-03-14T13:28:55","date_gmt":"2024-03-14T12:28:55","guid":{"rendered":"http:\/\/delikatesy.wineport.pl\/?product=wino-choya-silver-1l"},"modified":"2026-05-10T18:15:01","modified_gmt":"2026-05-10T16:15:01","slug":"wino-choya-silver-1l","status":"publish","type":"product","link":"http:\/\/delikatesy.wineport.pl\/?product=wino-choya-silver-1l","title":{"rendered":"Wino Choya Silver 1L"},"content":{"rendered":"<p><span style=\"color: #ff0000;\">UWAGA!!! NIE WYSY\u0141AMY ALKOHOLU KURIEREM W PRZYPADKU ZAM\u00d3WIE\u0143 OD OS\u00d3B PRYWATNYCH, TYLKO ODBI\u00d3R OSOBISTY NA UL. \u015aW. STANIS\u0141AWA 12 W WARSZAWIE!!! W przypadku op\u0142acenia zam\u00f3wienia alkoholu z wysy\u0142k\u0105, przy zwrocie pieni\u0119dzy zostanie potr\u0105cona prowizja\u00a0<\/span><strong style=\"color: #ff0000;\">DOTPAY<\/strong><span style=\"color: #ff0000;\">!<\/span><\/p>\n<table style=\"color: #2b4501; font-family: tahoma; font-size: 11px; line-height: 17px; -webkit-border-horizontal-spacing: 1px; -webkit-border-vertical-spacing: 1px;\" width=\"100%\" cellspacing=\"0\" cellpadding=\"0\">\n<tbody>\n<tr>\n<td class=\"tresc\" style=\"color: #2b4501; text-decoration: none; font-weight: normal; line-height: 17px; text-align: justify; margin: 0px;\">\n<p class=\"MsoNormal\" style=\"font-family: tahoma; font-size: 11px; margin: 0cm 0cm 2pt 0cm;\"><span style=\"font-family: Arial, sans-serif; font-size: 9pt;\">Wino z zielonej \u015bliwki ume powstaje s\u0142odkie, owocowe wino o g\u0142adkiej fakturze i niezwyk\u0142ej subtelno\u015bci. Dzia\u0142a antystresowo, oczyszcza organizm z toksyn. \u015awietne jako aperitif i do deser\u00f3w. Zdaniem naszych szacownych klient\u00f3w jest niekwestionowanym przebojem, a opinia o jego bezdyskusyjnie wybornym smaku, poczt\u0105 pantoflow\u0105 zatacza coraz to szersze kr\u0119gi. <\/span><\/p>\n<p class=\"MsoNormal\" style=\"font-family: tahoma; font-size: 11px; margin: 0cm 0cm 2pt 0cm;\"><span style=\"font-family: Arial, sans-serif; font-size: 9pt;\"><br \/> <\/span><\/p>\n<p class=\"MsoNormal\" style=\"margin: 0cm 0cm 2pt 0cm;\"><span class=\"Apple-style-span\" style=\"font-size: 12px; font-family: Arial, sans-serif;\"><br \/> <\/span><\/p>\n<\/td>\n<\/tr>\n<tr>\n<td class=\"tresc\" style=\"font-family: tahoma; font-size: 11px; color: #2b4501; text-decoration: none; font-weight: normal; line-height: 17px; text-align: justify; margin: 0px;\">\u00a0<\/td>\n<\/tr>\n<tr>\n<td style=\"font-family: tahoma; font-size: 11px; color: #2b4501; text-decoration: none; font-weight: normal; line-height: 17px; margin: 0px;\">\n<table width=\"100%\" cellspacing=\"1\" cellpadding=\"0\">\n<tbody>\n<tr>\n<td style=\"font-family: tahoma; font-size: 11px; color: #2b4501; text-decoration: none; font-weight: normal; line-height: 17px; margin: 0px;\">\u00a0<\/td>\n<\/tr>\n<tr>\n<td style=\"font-family: tahoma; font-size: 11px; color: #2b4501; text-decoration: none; font-weight: normal; line-height: 17px; margin: 0px;\" width=\"30%\" height=\"20\">\n<p class=\"all\" style=\"font-family: tahoma; font-size: 11px; text-align: left; color: #2b4501; text-decoration: none; font-weight: normal; line-height: 15px; margin: 0px;\"><span style=\"font-weight: bold;\">Kraj pochodzenia:<\/span><\/p>\n<\/td>\n<td style=\"font-family: tahoma; font-size: 11px; color: #2b4501; text-decoration: none; font-weight: normal; line-height: 17px; margin: 0px;\">\n<p class=\"all\" style=\"font-family: tahoma; font-size: 11px; text-align: left; color: #2b4501; text-decoration: none; font-weight: normal; line-height: 15px; margin: 0px;\">Japonia<\/p>\n<\/td>\n<\/tr>\n<tr>\n<td style=\"font-family: tahoma; font-size: 11px; color: #2b4501; text-decoration: none; font-weight: normal; line-height: 17px; margin: 0px;\" width=\"30%\" height=\"20\">\n<p class=\"all\" style=\"font-family: tahoma; font-size: 11px; text-align: left; color: #2b4501; text-decoration: none; font-weight: normal; line-height: 15px; margin: 0px;\"><span style=\"font-weight: bold;\">Producent:<\/span><\/p>\n<\/td>\n<td style=\"font-family: tahoma; font-size: 11px; color: #2b4501; text-decoration: none; font-weight: normal; line-height: 17px; margin: 0px;\">\n<p class=\"all\" style=\"font-family: tahoma; font-size: 11px; text-align: left; color: #2b4501; text-decoration: none; font-weight: normal; line-height: 15px; margin: 0px;\">Choya<\/p>\n<\/td>\n<\/tr>\n<tr>\n<td style=\"font-family: tahoma; font-size: 11px; color: #2b4501; text-decoration: none; font-weight: normal; line-height: 17px; margin: 0px;\" width=\"30%\" height=\"20\">\n<p class=\"all\" style=\"font-family: tahoma; font-size: 11px; text-align: left; color: #2b4501; text-decoration: none; font-weight: normal; line-height: 15px; margin: 0px;\"><span style=\"font-weight: bold;\">Pojemno\u015b\u0107:<\/span><\/p>\n<\/td>\n<td style=\"font-family: tahoma; font-size: 11px; color: #2b4501; text-decoration: none; font-weight: normal; line-height: 17px; margin: 0px;\">\n<p class=\"all\" style=\"font-family: tahoma; font-size: 11px; text-align: left; color: #2b4501; text-decoration: none; font-weight: normal; line-height: 15px; margin: 0px;\">100 cl = 1litr<\/p>\n<p class=\"all\" style=\"font-family: tahoma; font-size: 11px; text-align: left; color: #2b4501; text-decoration: none; font-weight: normal; line-height: 15px; margin: 0px;\">\u00a0<\/p>\n<\/td>\n<\/tr>\n<\/tbody>\n<\/table>\n<\/td>\n<\/tr>\n<\/tbody>\n<\/table>\n","protected":false},"excerpt":{"rendered":"<p>Wino z zielonej \u015bliwki ume powstaje s\u0142odkie, owocowe wino o g\u0142adkiej fakturze i niezwyk\u0142ej subtelno\u015bci. Dzia\u0142a antystresowo, oczyszcza organizm z toksyn. \u015awietne jako aperitif i do deser\u00f3w. Zdaniem naszych szacownych klient\u00f3w jest niekwestionowanym p&#8230;<\/p>\n","protected":false},"featured_media":11214,"comment_status":"open","ping_status":"closed","template":"","meta":[],"product_cat":[141,80],"product_tag":[],"class_list":{"0":"post-11215","1":"product","2":"type-product","3":"status-publish","4":"has-post-thumbnail","6":"product_cat-japonia","7":"product_cat-wina-swiata","9":"first","10":"instock","11":"shipping-taxable","12":"purchasable","13":"product-type-simple"},"_links":{"self":[{"href":"http:\/\/delikatesy.wineport.pl\/index.php?rest_route=\/wp\/v2\/product\/11215","targetHints":{"allow":["GET"]}}],"collection":[{"href":"http:\/\/delikatesy.wineport.pl\/index.php?rest_route=\/wp\/v2\/product"}],"about":[{"href":"http:\/\/delikatesy.wineport.pl\/index.php?rest_route=\/wp\/v2\/types\/product"}],"replies":[{"embeddable":true,"href":"http:\/\/delikatesy.wineport.pl\/index.php?rest_route=%2Fwp%2Fv2%2Fcomments&post=11215"}],"wp:featuredmedia":[{"embeddable":true,"href":"http:\/\/delikatesy.wineport.pl\/index.php?rest_route=\/wp\/v2\/media\/11214"}],"wp:attachment":[{"href":"http:\/\/delikatesy.wineport.pl\/index.php?rest_route=%2Fwp%2Fv2%2Fmedia&parent=11215"}],"wp:term":[{"taxonomy":"product_cat","embeddable":true,"href":"http:\/\/delikatesy.wineport.pl\/index.php?rest_route=%2Fwp%2Fv2%2Fproduct_cat&post=11215"},{"taxonomy":"product_tag","embeddable":true,"href":"http:\/\/delikatesy.wineport.pl\/index.php?rest_route=%2Fwp%2Fv2%2Fproduct_tag&post=11215"}],"curies":[{"name":"wp","href":"https:\/\/api.w.org\/{rel}","templated":true}]}}