{"id":11217,"date":"2024-03-14T13:28:55","date_gmt":"2024-03-14T12:28:55","guid":{"rendered":"http:\/\/delikatesy.wineport.pl\/?product=wino-choya-original-075l"},"modified":"2026-05-10T18:15:01","modified_gmt":"2026-05-10T16:15:01","slug":"wino-choya-original-075l","status":"publish","type":"product","link":"http:\/\/delikatesy.wineport.pl\/?product=wino-choya-original-075l","title":{"rendered":"Wino Choya Original 0,75L"},"content":{"rendered":"<p><span style=\"color: #ff0000;\">UWAGA!!! NIE WYSY\u0141AMY ALKOHOLU KURIEREM W PRZYPADKU ZAM\u00d3WIE\u0143 OD OS\u00d3B PRYWATNYCH, TYLKO ODBI\u00d3R OSOBISTY NA UL. \u015aW. STANIS\u0141AWA 12 W WARSZAWIE!!! W przypadku op\u0142acenia zam\u00f3wienia alkoholu z wysy\u0142k\u0105, przy zwrocie pieni\u0119dzy zostanie potr\u0105cona prowizja\u00a0<\/span><strong style=\"color: #ff0000;\">DOTPAY<\/strong><span style=\"color: #ff0000;\">!<\/span><\/p>\n<table style=\"color: #2b4501; font-family: tahoma; font-size: 11px; line-height: 17px; -webkit-border-horizontal-spacing: 1px; -webkit-border-vertical-spacing: 1px;\" width=\"100%\" cellspacing=\"0\" cellpadding=\"0\">\n<tbody>\n<tr>\n<td class=\"tresc\" style=\"font-family: tahoma; font-size: 11px; color: #2b4501; text-decoration: none; font-weight: normal; line-height: 17px; text-align: justify; margin: 0px;\">\n<p class=\"MsoNormal\" style=\"margin: 0cm 0cm 2pt 0cm;\"><span style=\"font-family: Arial, sans-serif; font-size: 9pt;\">Likier wytwarzany z japo\u0144skich owoc\u00f3w \u015bliwki ume, cukru i japo\u0144skiej w\u00f3dki \u201eshochu\u201d. Cz\u0119sto nazywany potocznie winem \u015bliwkowym, o charakterystycznym s\u0142odko-kwa\u015bnym smaku. Produkt idealnie nadaj\u0105cy si\u0119 do ryb, owoc\u00f3w morza, deser\u00f3w, koktajli oraz jako aperitif. Choya Original jest o jeden poziom lepszym produktem od Choya Silver, obydwa produkty s\u0105 podobne ale Original jest bardziej esencjonalny, jest wytwarzany zgodnie ze star\u0105 japo\u0144sk\u0105 receptur\u0105. <\/span><\/p>\n<p class=\"MsoNormal\" style=\"margin: 0cm 0cm 2pt 0cm;\"><span style=\"font-family: Arial, sans-serif; font-size: 9pt;\">Dost\u0119pne r\u00f3wnie\u017c w Bag In boxach o pojemno\u015bci 5l. <\/span><\/p>\n<p class=\"MsoNormal\" style=\"margin: 0cm 0cm 2pt 0cm;\"><span style=\"font-family: Arial, sans-serif; font-size: 9pt;\">\u00a0<\/span><\/p>\n<\/td>\n<\/tr>\n<tr>\n<td class=\"tresc\" style=\"font-family: tahoma; font-size: 11px; color: #2b4501; text-decoration: none; font-weight: normal; line-height: 17px; text-align: justify; margin: 0px;\">\u00a0<\/td>\n<\/tr>\n<tr>\n<td style=\"font-family: tahoma; font-size: 11px; color: #2b4501; text-decoration: none; font-weight: normal; line-height: 17px; margin: 0px;\">\n<table width=\"100%\" cellspacing=\"1\" cellpadding=\"0\">\n<tbody>\n<tr>\n<td style=\"font-family: tahoma; font-size: 11px; color: #2b4501; text-decoration: none; font-weight: normal; line-height: 17px; margin: 0px;\">\u00a0<\/td>\n<\/tr>\n<tr>\n<td style=\"font-family: tahoma; font-size: 11px; color: #2b4501; text-decoration: none; font-weight: normal; line-height: 17px; margin: 0px;\" width=\"30%\" height=\"20\">\n<p class=\"all\" style=\"font-family: tahoma; font-size: 11px; text-align: left; color: #2b4501; text-decoration: none; font-weight: normal; line-height: 15px; margin: 0px;\"><span style=\"font-weight: bold;\">Kraj pochodzenia:<\/span><\/p>\n<\/td>\n<td style=\"font-family: tahoma; font-size: 11px; color: #2b4501; text-decoration: none; font-weight: normal; line-height: 17px; margin: 0px;\">\n<p class=\"all\" style=\"font-family: tahoma; font-size: 11px; text-align: left; color: #2b4501; text-decoration: none; font-weight: normal; line-height: 15px; margin: 0px;\">Japonia<\/p>\n<\/td>\n<\/tr>\n<tr>\n<td style=\"font-family: tahoma; font-size: 11px; color: #2b4501; text-decoration: none; font-weight: normal; line-height: 17px; margin: 0px;\" width=\"30%\" height=\"20\">\n<p class=\"all\" style=\"font-family: tahoma; font-size: 11px; text-align: left; color: #2b4501; text-decoration: none; font-weight: normal; line-height: 15px; margin: 0px;\">\u00a0<\/p>\n<\/td>\n<td style=\"font-family: tahoma; font-size: 11px; color: #2b4501; text-decoration: none; font-weight: normal; line-height: 17px; margin: 0px;\">\u00a0<\/td>\n<\/tr>\n<tr>\n<td style=\"font-family: tahoma; font-size: 11px; color: #2b4501; text-decoration: none; font-weight: normal; line-height: 17px; margin: 0px;\" width=\"30%\" height=\"20\">\n<p class=\"all\" style=\"font-family: tahoma; font-size: 11px; text-align: left; color: #2b4501; text-decoration: none; font-weight: normal; line-height: 15px; margin: 0px;\"><span style=\"font-weight: bold;\">Pojemno\u015b\u0107:<\/span><\/p>\n<\/td>\n<td style=\"font-family: tahoma; font-size: 11px; color: #2b4501; text-decoration: none; font-weight: normal; line-height: 17px; margin: 0px;\">\n<p class=\"all\" style=\"font-family: tahoma; font-size: 11px; text-align: left; color: #2b4501; text-decoration: none; font-weight: normal; line-height: 15px; margin: 0px;\">75 cl<\/p>\n<\/td>\n<\/tr>\n<tr>\n<td style=\"font-family: tahoma; font-size: 11px; color: #2b4501; text-decoration: none; font-weight: normal; line-height: 17px; margin: 0px;\" width=\"30%\" height=\"20\">\n<p class=\"all\" style=\"font-family: tahoma; font-size: 11px; text-align: left; color: #2b4501; text-decoration: none; font-weight: normal; line-height: 15px; margin: 0px;\"><span style=\"font-weight: bold;\">Temperatura serwowania:\u00a0<\/span><\/p>\n<\/td>\n<td style=\"font-family: tahoma; font-size: 11px; color: #2b4501; text-decoration: none; font-weight: normal; line-height: 17px; margin: 0px;\">\n<p class=\"all\" style=\"font-family: tahoma; font-size: 11px; text-align: left; color: #2b4501; text-decoration: none; font-weight: normal; line-height: 15px; margin: 0px;\">10-12 \u00baC<\/p>\n<\/td>\n<\/tr>\n<\/tbody>\n<\/table>\n<\/td>\n<\/tr>\n<\/tbody>\n<\/table>\n","protected":false},"excerpt":{"rendered":"<p>Likier wytwarzany z japo\u0144skich owoc\u00f3w \u015bliwki ume, cukru i japo\u0144skiej w\u00f3dki \u201eshochu\u201d. Cz\u0119sto nazywany potocznie winem \u015bliwkowym, o charakterystycznym s\u0142odko-kwa\u015bnym smaku. Produkt idealnie nadaj\u0105cy si\u0119 do ryb, owoc\u00f3w morza, deser\u00f3w, koktajli oraz jako&#8230;<\/p>\n","protected":false},"featured_media":11216,"comment_status":"open","ping_status":"closed","template":"","meta":[],"product_cat":[141,80],"product_tag":[],"class_list":{"0":"post-11217","1":"product","2":"type-product","3":"status-publish","4":"has-post-thumbnail","6":"product_cat-japonia","7":"product_cat-wina-swiata","9":"first","10":"instock","11":"shipping-taxable","12":"purchasable","13":"product-type-simple"},"_links":{"self":[{"href":"http:\/\/delikatesy.wineport.pl\/index.php?rest_route=\/wp\/v2\/product\/11217","targetHints":{"allow":["GET"]}}],"collection":[{"href":"http:\/\/delikatesy.wineport.pl\/index.php?rest_route=\/wp\/v2\/product"}],"about":[{"href":"http:\/\/delikatesy.wineport.pl\/index.php?rest_route=\/wp\/v2\/types\/product"}],"replies":[{"embeddable":true,"href":"http:\/\/delikatesy.wineport.pl\/index.php?rest_route=%2Fwp%2Fv2%2Fcomments&post=11217"}],"wp:featuredmedia":[{"embeddable":true,"href":"http:\/\/delikatesy.wineport.pl\/index.php?rest_route=\/wp\/v2\/media\/11216"}],"wp:attachment":[{"href":"http:\/\/delikatesy.wineport.pl\/index.php?rest_route=%2Fwp%2Fv2%2Fmedia&parent=11217"}],"wp:term":[{"taxonomy":"product_cat","embeddable":true,"href":"http:\/\/delikatesy.wineport.pl\/index.php?rest_route=%2Fwp%2Fv2%2Fproduct_cat&post=11217"},{"taxonomy":"product_tag","embeddable":true,"href":"http:\/\/delikatesy.wineport.pl\/index.php?rest_route=%2Fwp%2Fv2%2Fproduct_tag&post=11217"}],"curies":[{"name":"wp","href":"https:\/\/api.w.org\/{rel}","templated":true}]}}