{"id":11229,"date":"2024-03-14T13:28:57","date_gmt":"2024-03-14T12:28:57","guid":{"rendered":"http:\/\/delikatesy.wineport.pl\/?product=metaxa-5-38-3l"},"modified":"2026-05-10T18:15:05","modified_gmt":"2026-05-10T16:15:05","slug":"metaxa-5-38-3l","status":"publish","type":"product","link":"http:\/\/delikatesy.wineport.pl\/?product=metaxa-5-38-3l","title":{"rendered":"Metaxa 5* 38% \/ 3L"},"content":{"rendered":"<p><span class=\"Apple-style-span\" style=\"font-family: Tahoma, Verdana, Arial, sans-serif; font-size: 11px;\"><span style=\"color: #ff0000;\">UWAGA!!! NIE WYSY\u0141AMY ALKOHOLU KURIEREM W PRZYPADKU ZAM\u00d3WIE\u0143 OD OS\u00d3B PRYWATNYCH, TYLKO ODBI\u00d3R OSOBISTY NA UL. \u015aW. STANIS\u0141AWA 12 W WARSZAWIE!!! W przypadku op\u0142acenia zam\u00f3wienia alkoholu z wysy\u0142k\u0105, przy zwrocie pieni\u0119dzy zostanie potr\u0105cona prowizja\u00a0<\/span><strong style=\"color: #ff0000;\">DOTPAY<\/strong><span style=\"color: #ff0000;\">!<\/span><\/span><\/p>\n<p><span class=\"Apple-style-span\" style=\"font-family: Tahoma, Verdana, Arial, sans-serif; font-size: 11px;\">Metaxa produkowana z czerwonych winogron gatunku Savatiano, Sultanina i Black Corinth, poddawana jest dwukrotnej destylacji i rozlewana jest do d\u0119bowych kadzi. 60 % trunek le\u017cakuje tak od 3 do 15 lat. P\u00f3\u017aniej dodaje si\u0119 do niej sezonowane muskatowe wina z wysp Samos i Lemnos a na koniec doprawia si\u0119 j\u0105 sekretnym zestawem zi\u00f3\u0142 (w tym any\u017cku), dodaje si\u0119 te\u017c prawdopodobnie p\u0142atki r\u00f3\u017cane i na koniec s\u0142odzi. P\u00f3\u017aniej trunek rozlewany jest do wykonanych r\u0119cznie d\u0119bowych beczek i rozpoczyna proces le\u017cakowania w temperaturze &#8211; 6 st. C, kt\u00f3ry trwa co najmniej 6 miesi\u0119cy. Na koniec Metaxa jest butelkowana. &#8211; po trzech latach do butelek rozlewa si\u0119 Metax\u0119 oznaczon\u0105 3 gwiazdkami, &#8211; po 5 latach 5 gwiazdkow\u0105, &#8211; po 7 latach mamy na butelce ju\u017c siedem gwiazdek &#8211; po 20 latach to ju\u017c Metaxa Private Reserve, najbardziej poszukiwana przez znawc\u00f3w.<\/span><\/p>\n","protected":false},"excerpt":{"rendered":"<p>Metaxa produkowana z czerwonych winogron gatunku Savatiano, Sultanina i Black Corinth, poddawana jest dwukrotnej destylacji i rozlewana jest do d\u0119bowych kadzi. 60 % trunek le\u017cakuje tak od 3 do 15 lat. P\u00f3\u017aniej dodaje si\u0119 do niej sezonowane muskatowe w&#8230;<\/p>\n","protected":false},"featured_media":11228,"comment_status":"open","ping_status":"closed","template":"","meta":[],"product_cat":[142,146,145,147],"product_tag":[],"class_list":{"0":"post-11229","1":"product","2":"type-product","3":"status-publish","4":"has-post-thumbnail","6":"product_cat-alkohole-mocne","7":"product_cat-armagnac-i-brandy","8":"product_cat-cognac","9":"product_cat-grecja","11":"first","12":"instock","13":"shipping-taxable","14":"purchasable","15":"product-type-simple"},"_links":{"self":[{"href":"http:\/\/delikatesy.wineport.pl\/index.php?rest_route=\/wp\/v2\/product\/11229","targetHints":{"allow":["GET"]}}],"collection":[{"href":"http:\/\/delikatesy.wineport.pl\/index.php?rest_route=\/wp\/v2\/product"}],"about":[{"href":"http:\/\/delikatesy.wineport.pl\/index.php?rest_route=\/wp\/v2\/types\/product"}],"replies":[{"embeddable":true,"href":"http:\/\/delikatesy.wineport.pl\/index.php?rest_route=%2Fwp%2Fv2%2Fcomments&post=11229"}],"wp:featuredmedia":[{"embeddable":true,"href":"http:\/\/delikatesy.wineport.pl\/index.php?rest_route=\/wp\/v2\/media\/11228"}],"wp:attachment":[{"href":"http:\/\/delikatesy.wineport.pl\/index.php?rest_route=%2Fwp%2Fv2%2Fmedia&parent=11229"}],"wp:term":[{"taxonomy":"product_cat","embeddable":true,"href":"http:\/\/delikatesy.wineport.pl\/index.php?rest_route=%2Fwp%2Fv2%2Fproduct_cat&post=11229"},{"taxonomy":"product_tag","embeddable":true,"href":"http:\/\/delikatesy.wineport.pl\/index.php?rest_route=%2Fwp%2Fv2%2Fproduct_tag&post=11229"}],"curies":[{"name":"wp","href":"https:\/\/api.w.org\/{rel}","templated":true}]}}