{"id":11285,"date":"2024-03-14T13:29:11","date_gmt":"2024-03-14T12:29:11","guid":{"rendered":"http:\/\/delikatesy.wineport.pl\/?product=scharlachberg-xtra-reserve-38-07l"},"modified":"2026-05-10T18:16:02","modified_gmt":"2026-05-10T16:16:02","slug":"scharlachberg-xtra-reserve-38-07l","status":"publish","type":"product","link":"http:\/\/delikatesy.wineport.pl\/?product=scharlachberg-xtra-reserve-38-07l","title":{"rendered":"SCHARLACHBERG XTRA RESERVE 38% 0,7l"},"content":{"rendered":"<p><span class=\"Apple-style-span\" style=\"color: #a3916e; font-family: Verdana, Arial, Helvetica, sans-serif; font-size: 11px; line-height: 17px; -webkit-border-horizontal-spacing: 4px; -webkit-border-vertical-spacing: 4px;\"><span style=\"color: #ff0000;\">UWAGA!!! NIE WYSY\u0141AMY ALKOHOLU KURIEREM W PRZYPADKU ZAM\u00d3WIE\u0143 OD OS\u00d3B PRYWATNYCH, TYLKO ODBI\u00d3R OSOBISTY NA UL. \u015aW. STANIS\u0141AWA 12 W WARSZAWIE!!! W przypadku op\u0142acenia zam\u00f3wienia alkoholu z wysy\u0142k\u0105, przy zwrocie pieni\u0119dzy zostanie potr\u0105cona prowizja\u00a0<\/span><strong style=\"color: #ff0000;\">DOTPAY<\/strong><span style=\"color: #ff0000;\">!<\/span><\/span><\/p>\n<p><span class=\"Apple-style-span\" style=\"color: #a3916e; font-family: Verdana, Arial, Helvetica, sans-serif; font-size: 11px; line-height: 17px; -webkit-border-horizontal-spacing: 4px; -webkit-border-vertical-spacing: 4px;\">Wysokiej jako\u015bci brandy wytwarzana zgodnie z wieloletni\u0105 tradycj\u0105 niemieckich mistrz\u00f3w. Jedyny w swoim rodzaju smak zawdzi\u0119cza m.in. min. 6 miesi\u0119cznemu le\u017cakowaniu w ma\u0142ych kufach d\u0119bowych. Brandy Scharlachberg jest niemieck\u0105 mark\u0105 przeznaczon\u0105 dla tych konsument\u00f3w, kt\u00f3rzy doceniaj\u0105 wysok\u0105 niemieck\u0105 jako\u015b\u0107 i tradycj\u0119 wytwarzania brandy.<\/span><\/p>\n","protected":false},"excerpt":{"rendered":"<p>Wysokiej jako\u015bci brandy wytwarzana zgodnie z wieloletni\u0105 tradycj\u0105 niemieckich mistrz\u00f3w. Jedyny w swoim rodzaju smak zawdzi\u0119cza m.in. min. 6 miesi\u0119cznemu le\u017cakowaniu w ma\u0142ych kufach d\u0119bowych. Brandy Scharlachberg jest niemieck\u0105 mark\u0105 przeznaczon\u0105 dla &#8230;<\/p>\n","protected":false},"featured_media":11284,"comment_status":"open","ping_status":"closed","template":"","meta":[],"product_cat":[142,146,145,155],"product_tag":[],"class_list":{"0":"post-11285","1":"product","2":"type-product","3":"status-publish","4":"has-post-thumbnail","6":"product_cat-alkohole-mocne","7":"product_cat-armagnac-i-brandy","8":"product_cat-cognac","9":"product_cat-niemcy-armagnac-i-brandy","11":"first","12":"instock","13":"shipping-taxable","14":"purchasable","15":"product-type-simple"},"_links":{"self":[{"href":"http:\/\/delikatesy.wineport.pl\/index.php?rest_route=\/wp\/v2\/product\/11285","targetHints":{"allow":["GET"]}}],"collection":[{"href":"http:\/\/delikatesy.wineport.pl\/index.php?rest_route=\/wp\/v2\/product"}],"about":[{"href":"http:\/\/delikatesy.wineport.pl\/index.php?rest_route=\/wp\/v2\/types\/product"}],"replies":[{"embeddable":true,"href":"http:\/\/delikatesy.wineport.pl\/index.php?rest_route=%2Fwp%2Fv2%2Fcomments&post=11285"}],"wp:featuredmedia":[{"embeddable":true,"href":"http:\/\/delikatesy.wineport.pl\/index.php?rest_route=\/wp\/v2\/media\/11284"}],"wp:attachment":[{"href":"http:\/\/delikatesy.wineport.pl\/index.php?rest_route=%2Fwp%2Fv2%2Fmedia&parent=11285"}],"wp:term":[{"taxonomy":"product_cat","embeddable":true,"href":"http:\/\/delikatesy.wineport.pl\/index.php?rest_route=%2Fwp%2Fv2%2Fproduct_cat&post=11285"},{"taxonomy":"product_tag","embeddable":true,"href":"http:\/\/delikatesy.wineport.pl\/index.php?rest_route=%2Fwp%2Fv2%2Fproduct_tag&post=11285"}],"curies":[{"name":"wp","href":"https:\/\/api.w.org\/{rel}","templated":true}]}}