{"id":11355,"date":"2024-03-14T13:29:45","date_gmt":"2024-03-14T12:29:45","guid":{"rendered":"http:\/\/delikatesy.wineport.pl\/?product=bodega-norton-malbec-mendoza"},"modified":"2026-05-10T18:18:20","modified_gmt":"2026-05-10T16:18:20","slug":"bodega-norton-malbec-mendoza","status":"publish","type":"product","link":"http:\/\/delikatesy.wineport.pl\/?product=bodega-norton-malbec-mendoza","title":{"rendered":"Bodega Norton Malbec Mendoza"},"content":{"rendered":"<p><span class=\"Apple-style-span\" style=\"font-family: Arial, Helvetica, sans-serif; font-size: 11px;\"><span style=\"color: #ff0000; font-size: 16px; font-family: arial, helvetica, sans-serif;\">UWAGA!!! NIE WYSY\u0141AMY ALKOHOLU KURIEREM W PRZYPADKU ZAM\u00d3WIE\u0143 OD OS\u00d3B PRYWATNYCH, TYLKO ODBI\u00d3R OSOBISTY NA UL. \u015aW. STANIS\u0141AWA 12 W WARSZAWIE!!! W przypadku op\u0142acenia zam\u00f3wienia alkoholu z wysy\u0142k\u0105, przy zwrocie pieni\u0119dzy zostanie potr\u0105cona prowizja dotpay!<\/span><\/span><\/p>\n<p><span class=\"Apple-style-span\" style=\"font-family: Arial, Helvetica, sans-serif; font-size: 11px;\"> <span class=\"wyrozn\" style=\"font-weight: bold;\">Bodega Norton Malbec, Mendoza<\/span><\/span> <span class=\"Apple-style-span\" style=\"font-family: Arial, Helvetica, sans-serif; font-size: 11px;\"><br \/> <\/span> <span class=\"Apple-style-span\" style=\"font-family: Arial, Helvetica, sans-serif; font-size: 11px;\">Pochodzenie:<\/span> <span class=\"Apple-style-span\" style=\"font-family: Arial, Helvetica, sans-serif; font-size: 11px;\">\u00a0<\/span> <span class=\"Apple-style-span\" style=\"font-family: Arial, Helvetica, sans-serif; font-size: 11px;\"> <span class=\"pochodz\">Mendoza, Argentyna<\/span><\/span> <span class=\"Apple-style-span\" style=\"font-family: Arial, Helvetica, sans-serif; font-size: 11px;\"><br \/> <\/span> <span class=\"Apple-style-span\" style=\"font-family: Arial, Helvetica, sans-serif; font-size: 11px;\"><br \/> <\/span> <span class=\"Apple-style-span\" style=\"font-family: Arial, Helvetica, sans-serif; font-size: 11px;\"><br \/> <\/span> <span class=\"Apple-style-span\" style=\"font-family: Arial, Helvetica, sans-serif; font-size: 11px;\">Barwa wina:<\/span> <span class=\"Apple-style-span\" style=\"font-family: Arial, Helvetica, sans-serif; font-size: 11px;\">\u00a0<\/span> <span class=\"Apple-style-span\" style=\"font-family: Arial, Helvetica, sans-serif; font-size: 11px;\"> <span class=\"pochodz\">czerwone<\/span><\/span> <span class=\"Apple-style-span\" style=\"font-family: Arial, Helvetica, sans-serif; font-size: 11px;\">\u00a0<\/span> <span class=\"Apple-style-span\" style=\"font-family: Arial, Helvetica, sans-serif; font-size: 11px;\"><br \/> <\/span> <span class=\"Apple-style-span\" style=\"font-family: Arial, Helvetica, sans-serif; font-size: 11px;\">Natura wina: Wytrawne<\/span> <span class=\"Apple-style-span\" style=\"font-family: Arial, Helvetica, sans-serif; font-size: 11px;\">\u00a0<\/span> <span class=\"Apple-style-span\" style=\"font-family: Arial, Helvetica, sans-serif; font-size: 11px;\"><br \/> <\/span> <span class=\"Apple-style-span\" style=\"font-family: Arial, Helvetica, sans-serif; font-size: 11px;\"><br \/> <\/span> <span class=\"Apple-style-span\" style=\"font-family: Arial, Helvetica, sans-serif; font-size: 11px;\">Kwiatowe i owocowe aromaty fio\u0142k\u00f3w, dojrza\u0142ych wi\u015bni z nutami lukrecji. Wino kr\u0105g\u0142e, o delikatnych taninach. D\u0142ugie zako\u0144czenie pozostawiaj\u0105ce posmak dojrza\u0142ych owoc\u00f3w oraz przypraw. Kompozycja: 100% Malbec<\/span> <span class=\"Apple-style-span\" style=\"color: #e6dbce; font-family: Arial, Helvetica, sans-serif; font-size: 11px;\">.<\/span> <span class=\"Apple-style-span\" style=\"color: #e6dbce; font-family: Arial, Helvetica, sans-serif; font-size: 11px;\"><br \/> <\/span><\/p>\n","protected":false},"excerpt":{"rendered":"<p>Bodega Norton Malbec, Mendoza Pochodzenie: Mendoza, Argentyna Barwa wina: czerwone Natura wina: Wytrawne Kwiatowe i owocowe aromaty fio\u0142k\u00f3w, dojrza\u0142ych wi\u015bni z nutami lukrecji. Wino kr\u0105g\u0142e, o delikatnych taninach. D\u0142ugie zako\u0144czenie pozostawiaj\u0105ce po&#8230;<\/p>\n","protected":false},"featured_media":11354,"comment_status":"open","ping_status":"closed","template":"","meta":[],"product_cat":[81,80],"product_tag":[],"class_list":{"0":"post-11355","1":"product","2":"type-product","3":"status-publish","4":"has-post-thumbnail","6":"product_cat-argentyna","7":"product_cat-wina-swiata","9":"first","10":"instock","11":"shipping-taxable","12":"purchasable","13":"product-type-simple"},"_links":{"self":[{"href":"http:\/\/delikatesy.wineport.pl\/index.php?rest_route=\/wp\/v2\/product\/11355","targetHints":{"allow":["GET"]}}],"collection":[{"href":"http:\/\/delikatesy.wineport.pl\/index.php?rest_route=\/wp\/v2\/product"}],"about":[{"href":"http:\/\/delikatesy.wineport.pl\/index.php?rest_route=\/wp\/v2\/types\/product"}],"replies":[{"embeddable":true,"href":"http:\/\/delikatesy.wineport.pl\/index.php?rest_route=%2Fwp%2Fv2%2Fcomments&post=11355"}],"wp:featuredmedia":[{"embeddable":true,"href":"http:\/\/delikatesy.wineport.pl\/index.php?rest_route=\/wp\/v2\/media\/11354"}],"wp:attachment":[{"href":"http:\/\/delikatesy.wineport.pl\/index.php?rest_route=%2Fwp%2Fv2%2Fmedia&parent=11355"}],"wp:term":[{"taxonomy":"product_cat","embeddable":true,"href":"http:\/\/delikatesy.wineport.pl\/index.php?rest_route=%2Fwp%2Fv2%2Fproduct_cat&post=11355"},{"taxonomy":"product_tag","embeddable":true,"href":"http:\/\/delikatesy.wineport.pl\/index.php?rest_route=%2Fwp%2Fv2%2Fproduct_tag&post=11355"}],"curies":[{"name":"wp","href":"https:\/\/api.w.org\/{rel}","templated":true}]}}