{"id":11363,"date":"2024-03-14T13:29:48","date_gmt":"2024-03-14T12:29:48","guid":{"rendered":"http:\/\/delikatesy.wineport.pl\/?product=jinda-lee-merlot-south-eastern-australia-red-75cl"},"modified":"2026-05-10T18:18:23","modified_gmt":"2026-05-10T16:18:23","slug":"jinda-lee-merlot-south-eastern-australia-red-75cl","status":"publish","type":"product","link":"http:\/\/delikatesy.wineport.pl\/?product=jinda-lee-merlot-south-eastern-australia-red-75cl","title":{"rendered":"Jinda-Lee Merlot, South Eastern Australia red 75cl"},"content":{"rendered":"<p class=\"MsoNormal\"><span style=\"color: #ff0000;\">UWAGA!!! NIE WYSY\u0141AMY ALKOHOLU KURIEREM W PRZYPADKU ZAM\u00d3WIE\u0143 OD OS\u00d3B PRYWATNYCH, TYLKO ODBI\u00d3R OSOBISTY NA UL. \u015aW. STANIS\u0141AWA 12 W WARSZAWIE!!! W przypadku op\u0142acenia zam\u00f3wienia alkoholu z wysy\u0142k\u0105, przy zwrocie pieni\u0119dzy zostanie potr\u0105cona prowizja dotpay!<\/span><\/p>\n<p class=\"MsoNormal\">Jasna barwa z fi oletowymi niuansami. Wino o owocowym charakterze z suszona<\/p>\n<p class=\"MsoNormal\">sliwka, konfi tura malinowa, czarna porzeczka i wisnia po\u0142aczona z delikatnymi<\/p>\n<p class=\"MsoNormal\">aromatami wanilii i przypraw. Idealne do makaron\u00f3w, pizzy, grillowanego steku,<\/p>\n<p class=\"MsoNormal\">zapiekanek, pieczeni i grilla. Szczep: 100% Merlot.<\/p>\n","protected":false},"excerpt":{"rendered":"<p>Jasna barwa z fi oletowymi niuansami. Wino o owocowym charakterze z suszona sliwka, konfi tura malinowa, czarna porzeczka i wisnia po\u0142aczona z delikatnymi aromatami wanilii i przypraw. Idealne do makaron\u00f3w, pizzy, grillowanego steku, zapiekanek, piec&#8230;<\/p>\n","protected":false},"featured_media":11362,"comment_status":"open","ping_status":"closed","template":"","meta":[],"product_cat":[112,80],"product_tag":[],"class_list":{"0":"post-11363","1":"product","2":"type-product","3":"status-publish","4":"has-post-thumbnail","6":"product_cat-australia","7":"product_cat-wina-swiata","9":"first","10":"instock","11":"shipping-taxable","12":"purchasable","13":"product-type-simple"},"_links":{"self":[{"href":"http:\/\/delikatesy.wineport.pl\/index.php?rest_route=\/wp\/v2\/product\/11363","targetHints":{"allow":["GET"]}}],"collection":[{"href":"http:\/\/delikatesy.wineport.pl\/index.php?rest_route=\/wp\/v2\/product"}],"about":[{"href":"http:\/\/delikatesy.wineport.pl\/index.php?rest_route=\/wp\/v2\/types\/product"}],"replies":[{"embeddable":true,"href":"http:\/\/delikatesy.wineport.pl\/index.php?rest_route=%2Fwp%2Fv2%2Fcomments&post=11363"}],"wp:featuredmedia":[{"embeddable":true,"href":"http:\/\/delikatesy.wineport.pl\/index.php?rest_route=\/wp\/v2\/media\/11362"}],"wp:attachment":[{"href":"http:\/\/delikatesy.wineport.pl\/index.php?rest_route=%2Fwp%2Fv2%2Fmedia&parent=11363"}],"wp:term":[{"taxonomy":"product_cat","embeddable":true,"href":"http:\/\/delikatesy.wineport.pl\/index.php?rest_route=%2Fwp%2Fv2%2Fproduct_cat&post=11363"},{"taxonomy":"product_tag","embeddable":true,"href":"http:\/\/delikatesy.wineport.pl\/index.php?rest_route=%2Fwp%2Fv2%2Fproduct_tag&post=11363"}],"curies":[{"name":"wp","href":"https:\/\/api.w.org\/{rel}","templated":true}]}}