{"id":11367,"date":"2024-03-14T13:29:49","date_gmt":"2024-03-14T12:29:49","guid":{"rendered":"http:\/\/delikatesy.wineport.pl\/?product=wino-carmen-reserve-petite-sirah-maipo-valley-075l"},"modified":"2026-03-31T20:19:10","modified_gmt":"2026-03-31T18:19:10","slug":"wino-carmen-reserve-petite-sirah-maipo-valley-075l","status":"publish","type":"product","link":"http:\/\/delikatesy.wineport.pl\/?product=wino-carmen-reserve-petite-sirah-maipo-valley-075l","title":{"rendered":"Wino CARMEN RESERVE PETITE SIRAH, MAIPO VALLEY 0,75L"},"content":{"rendered":"<p><span class=\"Apple-style-span\" style=\"color: #3a3a3a; font-family: Tahoma, Verdana, Arial, sans-serif; font-size: 11px; -webkit-border-horizontal-spacing: 5px; -webkit-border-vertical-spacing: 5px;\"><span style=\"color: #ff0000;\">UWAGA!!! NIE WYSY\u0141AMY ALKOHOLU KURIEREM W PRZYPADKU ZAM\u00d3WIE\u0143 OD OS\u00d3B PRYWATNYCH, TYLKO ODBI\u00d3R OSOBISTY NA UL. \u015aW. STANIS\u0141AWA 12 W WARSZAWIE!!! W przypadku op\u0142acenia zam\u00f3wienia alkoholu z wysy\u0142k\u0105, przy zwrocie pieni\u0119dzy zostanie potr\u0105cona prowizja\u00a0<\/span><strong style=\"color: #ff0000;\">DOTPAY<\/strong><span style=\"color: #ff0000;\">!<\/span><\/span><\/p>\n<p><span class=\"Apple-style-span\" style=\"color: #3a3a3a; font-family: Tahoma, Verdana, Arial, sans-serif; font-size: 11px; -webkit-border-horizontal-spacing: 5px; -webkit-border-vertical-spacing: 5px;\">Wino bardzo kremowe, aksamitne z nut\u0105 kawy i czekolady. Przez okres 13 miesi\u0119cy dojrzewa w nowych, francuskich, d\u0119bowych barriques. Nos z czere\u015bni\u0105, imbirem, any\u017cem oraz wyra\u017an\u0105 owocow\u0105 konfitur\u0105. \u015awietna struktura, szczeg\u00f3lnie taninowy posmak. Wino polecane do ser\u00f3w, past, drobiu oraz dziczyzny. Kompozycja szczepowa: Petite Sirah (87%), Syrah (3%) i Cabernet Sauvignon (10%).<\/span><\/p>\n","protected":false},"excerpt":{"rendered":"<p>Wino bardzo kremowe, aksamitne z nut\u0105 kawy i czekolady. Przez okres 13 miesi\u0119cy dojrzewa w nowych, francuskich, d\u0119bowych barriques. Nos z czere\u015bni\u0105, imbirem, any\u017cem oraz wyra\u017an\u0105 owocow\u0105 konfitur\u0105. \u015awietna struktura, szczeg\u00f3lnie taninowy posmak. Wino &#8230;<\/p>\n","protected":false},"featured_media":11366,"comment_status":"open","ping_status":"closed","template":"","meta":[],"product_cat":[82,80],"product_tag":[],"class_list":{"0":"post-11367","1":"product","2":"type-product","3":"status-publish","4":"has-post-thumbnail","6":"product_cat-chile","7":"product_cat-wina-swiata","9":"first","10":"instock","11":"shipping-taxable","12":"purchasable","13":"product-type-simple"},"_links":{"self":[{"href":"http:\/\/delikatesy.wineport.pl\/index.php?rest_route=\/wp\/v2\/product\/11367","targetHints":{"allow":["GET"]}}],"collection":[{"href":"http:\/\/delikatesy.wineport.pl\/index.php?rest_route=\/wp\/v2\/product"}],"about":[{"href":"http:\/\/delikatesy.wineport.pl\/index.php?rest_route=\/wp\/v2\/types\/product"}],"replies":[{"embeddable":true,"href":"http:\/\/delikatesy.wineport.pl\/index.php?rest_route=%2Fwp%2Fv2%2Fcomments&post=11367"}],"wp:featuredmedia":[{"embeddable":true,"href":"http:\/\/delikatesy.wineport.pl\/index.php?rest_route=\/wp\/v2\/media\/11366"}],"wp:attachment":[{"href":"http:\/\/delikatesy.wineport.pl\/index.php?rest_route=%2Fwp%2Fv2%2Fmedia&parent=11367"}],"wp:term":[{"taxonomy":"product_cat","embeddable":true,"href":"http:\/\/delikatesy.wineport.pl\/index.php?rest_route=%2Fwp%2Fv2%2Fproduct_cat&post=11367"},{"taxonomy":"product_tag","embeddable":true,"href":"http:\/\/delikatesy.wineport.pl\/index.php?rest_route=%2Fwp%2Fv2%2Fproduct_tag&post=11367"}],"curies":[{"name":"wp","href":"https:\/\/api.w.org\/{rel}","templated":true}]}}