{"id":11369,"date":"2024-03-14T13:29:50","date_gmt":"2024-03-14T12:29:50","guid":{"rendered":"http:\/\/delikatesy.wineport.pl\/?product=carmen-reserve-merlot-casablanca-valley"},"modified":"2026-05-10T18:18:26","modified_gmt":"2026-05-10T16:18:26","slug":"carmen-reserve-merlot-casablanca-valley","status":"publish","type":"product","link":"http:\/\/delikatesy.wineport.pl\/?product=carmen-reserve-merlot-casablanca-valley","title":{"rendered":"CARMEN RESERVE MERLOT, CASABLANCA VALLEY"},"content":{"rendered":"<p><span style=\"color: #ff0000;\">UWAGA!!! NIE WYSY\u0141AMY ALKOHOLU KURIEREM W PRZYPADKU ZAM\u00d3WIE\u0143 OD OS\u00d3B PRYWATNYCH, TYLKO ODBI\u00d3R OSOBISTY NA UL. \u015aW. STANIS\u0141AWA 12 W WARSZAWIE!!! W przypadku op\u0142acenia zam\u00f3wienia alkoholu z wysy\u0142k\u0105, przy zwrocie pieni\u0119dzy zostanie potr\u0105cona prowizja\u00a0<\/span><strong style=\"color: #ff0000;\">DOTPAY<\/strong><span style=\"color: #ff0000;\">!<\/span><\/p>\n<p> Bogactwo aromat\u00f3w mi\u0119ty, czarnej porzeczki, \u015bwie\u017cej \u015bliwki, dymu i minera\u0142\u00f3w. W ustach kr\u0105g\u0142e, z delikatnymi taninami, dobrze skoncentrowane. Wino o d\u0142ugim finiszu polecane do ser\u00f3w, makaronu i dziczyzny.\u00a0<br \/>\u00a0<\/p>\n","protected":false},"excerpt":{"rendered":"<p>Bogactwo aromat\u00f3w mi\u0119ty, czarnej porzeczki, \u015bwie\u017cej \u015bliwki, dymu i minera\u0142\u00f3w. W ustach kr\u0105g\u0142e, z delikatnymi taninami, dobrze skoncentrowane. Wino o d\u0142ugim finiszu polecane do ser\u00f3w, makaronu i dziczyzny.<\/p>\n","protected":false},"featured_media":11368,"comment_status":"open","ping_status":"closed","template":"","meta":[],"product_cat":[82,80],"product_tag":[],"class_list":{"0":"post-11369","1":"product","2":"type-product","3":"status-publish","4":"has-post-thumbnail","6":"product_cat-chile","7":"product_cat-wina-swiata","9":"first","10":"instock","11":"shipping-taxable","12":"purchasable","13":"product-type-simple"},"_links":{"self":[{"href":"http:\/\/delikatesy.wineport.pl\/index.php?rest_route=\/wp\/v2\/product\/11369","targetHints":{"allow":["GET"]}}],"collection":[{"href":"http:\/\/delikatesy.wineport.pl\/index.php?rest_route=\/wp\/v2\/product"}],"about":[{"href":"http:\/\/delikatesy.wineport.pl\/index.php?rest_route=\/wp\/v2\/types\/product"}],"replies":[{"embeddable":true,"href":"http:\/\/delikatesy.wineport.pl\/index.php?rest_route=%2Fwp%2Fv2%2Fcomments&post=11369"}],"wp:featuredmedia":[{"embeddable":true,"href":"http:\/\/delikatesy.wineport.pl\/index.php?rest_route=\/wp\/v2\/media\/11368"}],"wp:attachment":[{"href":"http:\/\/delikatesy.wineport.pl\/index.php?rest_route=%2Fwp%2Fv2%2Fmedia&parent=11369"}],"wp:term":[{"taxonomy":"product_cat","embeddable":true,"href":"http:\/\/delikatesy.wineport.pl\/index.php?rest_route=%2Fwp%2Fv2%2Fproduct_cat&post=11369"},{"taxonomy":"product_tag","embeddable":true,"href":"http:\/\/delikatesy.wineport.pl\/index.php?rest_route=%2Fwp%2Fv2%2Fproduct_tag&post=11369"}],"curies":[{"name":"wp","href":"https:\/\/api.w.org\/{rel}","templated":true}]}}