{"id":11375,"date":"2024-03-14T13:29:53","date_gmt":"2024-03-14T12:29:53","guid":{"rendered":"http:\/\/delikatesy.wineport.pl\/?product=bodega-norton-rosado-cabernet-sauvignon-mendoza"},"modified":"2026-05-10T18:18:28","modified_gmt":"2026-05-10T16:18:28","slug":"bodega-norton-rosado-cabernet-sauvignon-mendoza","status":"publish","type":"product","link":"http:\/\/delikatesy.wineport.pl\/?product=bodega-norton-rosado-cabernet-sauvignon-mendoza","title":{"rendered":"BODEGA NORTON ROSADO CABERNET SAUVIGNON, MENDOZA"},"content":{"rendered":"<p><span class=\"Apple-style-span\" style=\"color: #3a3a3a; font-family: Tahoma, Verdana, Arial, sans-serif; font-size: 11px; -webkit-border-horizontal-spacing: 5px; -webkit-border-vertical-spacing: 5px;\"><span style=\"color: #ff0000; font-size: 16px; font-family: arial, helvetica, sans-serif;\">UWAGA!!! NIE WYSY\u0141AMY ALKOHOLU KURIEREM W PRZYPADKU ZAM\u00d3WIE\u0143 OD OS\u00d3B PRYWATNYCH, TYLKO ODBI\u00d3R OSOBISTY NA UL. \u015aW. STANIS\u0141AWA 12 W WARSZAWIE!!! W przypadku op\u0142acenia zam\u00f3wienia alkoholu z wysy\u0142k\u0105, przy zwrocie pieni\u0119dzy zostanie potr\u0105cona prowizja dotpay!<\/span><\/span><\/p>\n<p><span class=\"Apple-style-span\" style=\"color: #3a3a3a; font-family: Tahoma, Verdana, Arial, sans-serif; font-size: 11px; -webkit-border-horizontal-spacing: 5px; -webkit-border-vertical-spacing: 5px;\">R\u00f3\u017cowe argenty\u0144skie wino z Mendozy. Delikatne aromaty malin, truskawek, kwiat\u00f3w. Bardzo \u015bwie\u017ce z \u017cyw\u0105 kwasowo\u015bci\u0105 i przyjemnym finiszem, wino z ostatnich zbior\u00f3w. Kompozycja: 100% Cabernet Sauvignon<\/span> <span class=\"Apple-style-span\" style=\"color: #3a3a3a; font-family: Tahoma, Verdana, Arial, sans-serif; font-size: 11px; -webkit-border-horizontal-spacing: 5px; -webkit-border-vertical-spacing: 5px;\">\u00a0<\/span><\/p>\n","protected":false},"excerpt":{"rendered":"<p>R\u00f3\u017cowe argenty\u0144skie wino z Mendozy. Delikatne aromaty malin, truskawek, kwiat\u00f3w. Bardzo \u015bwie\u017ce z \u017cyw\u0105 kwasowo\u015bci\u0105 i przyjemnym finiszem, wino z ostatnich zbior\u00f3w. Kompozycja: 100% Cabernet Sauvignon<\/p>\n","protected":false},"featured_media":11374,"comment_status":"open","ping_status":"closed","template":"","meta":[],"product_cat":[81,80],"product_tag":[],"class_list":{"0":"post-11375","1":"product","2":"type-product","3":"status-publish","4":"has-post-thumbnail","6":"product_cat-argentyna","7":"product_cat-wina-swiata","9":"first","10":"instock","11":"shipping-taxable","12":"purchasable","13":"product-type-simple"},"_links":{"self":[{"href":"http:\/\/delikatesy.wineport.pl\/index.php?rest_route=\/wp\/v2\/product\/11375","targetHints":{"allow":["GET"]}}],"collection":[{"href":"http:\/\/delikatesy.wineport.pl\/index.php?rest_route=\/wp\/v2\/product"}],"about":[{"href":"http:\/\/delikatesy.wineport.pl\/index.php?rest_route=\/wp\/v2\/types\/product"}],"replies":[{"embeddable":true,"href":"http:\/\/delikatesy.wineport.pl\/index.php?rest_route=%2Fwp%2Fv2%2Fcomments&post=11375"}],"wp:featuredmedia":[{"embeddable":true,"href":"http:\/\/delikatesy.wineport.pl\/index.php?rest_route=\/wp\/v2\/media\/11374"}],"wp:attachment":[{"href":"http:\/\/delikatesy.wineport.pl\/index.php?rest_route=%2Fwp%2Fv2%2Fmedia&parent=11375"}],"wp:term":[{"taxonomy":"product_cat","embeddable":true,"href":"http:\/\/delikatesy.wineport.pl\/index.php?rest_route=%2Fwp%2Fv2%2Fproduct_cat&post=11375"},{"taxonomy":"product_tag","embeddable":true,"href":"http:\/\/delikatesy.wineport.pl\/index.php?rest_route=%2Fwp%2Fv2%2Fproduct_tag&post=11375"}],"curies":[{"name":"wp","href":"https:\/\/api.w.org\/{rel}","templated":true}]}}