{"id":11377,"date":"2024-03-14T13:29:54","date_gmt":"2024-03-14T12:29:54","guid":{"rendered":"http:\/\/delikatesy.wineport.pl\/?product=norton-cosecha-especial-extra-brut-mendoza-oryginalna-tuba"},"modified":"2026-05-10T18:18:28","modified_gmt":"2026-05-10T16:18:28","slug":"norton-cosecha-especial-extra-brut-mendoza-oryginalna-tuba","status":"publish","type":"product","link":"http:\/\/delikatesy.wineport.pl\/?product=norton-cosecha-especial-extra-brut-mendoza-oryginalna-tuba","title":{"rendered":"NORTON COSECHA ESPECIAL EXTRA BRUT, MENDOZA (ORYGINALNA TUBA)"},"content":{"rendered":"<p><span class=\"Apple-style-span\" style=\"font-family: Georgia, Tahoma, Arial, Verdana, sans-serif; font-size: 12px; line-height: 18px; -webkit-border-horizontal-spacing: 2px; -webkit-border-vertical-spacing: 2px;\"><span style=\"color: #ff0000; font-size: 16px; font-family: arial, helvetica, sans-serif;\">UWAGA!!! NIE WYSY\u0141AMY ALKOHOLU KURIEREM W PRZYPADKU ZAM\u00d3WIE\u0143 OD OS\u00d3B PRYWATNYCH, TYLKO ODBI\u00d3R OSOBISTY NA UL. \u015aW. STANIS\u0141AWA 12 W WARSZAWIE!!! W przypadku op\u0142acenia zam\u00f3wienia alkoholu z wysy\u0142k\u0105, przy zwrocie pieni\u0119dzy zostanie potr\u0105cona prowizja dotpay!<\/span><\/span><\/p>\n<p><span class=\"Apple-style-span\" style=\"font-family: Georgia, Tahoma, Arial, Verdana, sans-serif; font-size: 12px; line-height: 18px; -webkit-border-horizontal-spacing: 2px; -webkit-border-vertical-spacing: 2px;\">Argenty\u0144skie wytrawne wino musuj\u0105ce. Z\u0142oto \u017c\u00f3\u0142ta barwa z zielonymi nutami. Dobrze wywa\u017cone z intensywnymi aromatami owoc\u00f3w. Przyjemne, o d\u0142ugim zako\u0144czeniu. Kompozycja: 100% Chardonnay<\/span><\/p>\n","protected":false},"excerpt":{"rendered":"<p>Argenty\u0144skie wytrawne wino musuj\u0105ce. Z\u0142oto \u017c\u00f3\u0142ta barwa z zielonymi nutami. Dobrze wywa\u017cone z intensywnymi aromatami owoc\u00f3w. Przyjemne, o d\u0142ugim zako\u0144czeniu. Kompozycja: 100% Chardonnay<\/p>\n","protected":false},"featured_media":11376,"comment_status":"open","ping_status":"closed","template":"","meta":[],"product_cat":[81,80],"product_tag":[],"class_list":{"0":"post-11377","1":"product","2":"type-product","3":"status-publish","4":"has-post-thumbnail","6":"product_cat-argentyna","7":"product_cat-wina-swiata","9":"first","10":"instock","11":"shipping-taxable","12":"purchasable","13":"product-type-simple"},"_links":{"self":[{"href":"http:\/\/delikatesy.wineport.pl\/index.php?rest_route=\/wp\/v2\/product\/11377","targetHints":{"allow":["GET"]}}],"collection":[{"href":"http:\/\/delikatesy.wineport.pl\/index.php?rest_route=\/wp\/v2\/product"}],"about":[{"href":"http:\/\/delikatesy.wineport.pl\/index.php?rest_route=\/wp\/v2\/types\/product"}],"replies":[{"embeddable":true,"href":"http:\/\/delikatesy.wineport.pl\/index.php?rest_route=%2Fwp%2Fv2%2Fcomments&post=11377"}],"wp:featuredmedia":[{"embeddable":true,"href":"http:\/\/delikatesy.wineport.pl\/index.php?rest_route=\/wp\/v2\/media\/11376"}],"wp:attachment":[{"href":"http:\/\/delikatesy.wineport.pl\/index.php?rest_route=%2Fwp%2Fv2%2Fmedia&parent=11377"}],"wp:term":[{"taxonomy":"product_cat","embeddable":true,"href":"http:\/\/delikatesy.wineport.pl\/index.php?rest_route=%2Fwp%2Fv2%2Fproduct_cat&post=11377"},{"taxonomy":"product_tag","embeddable":true,"href":"http:\/\/delikatesy.wineport.pl\/index.php?rest_route=%2Fwp%2Fv2%2Fproduct_tag&post=11377"}],"curies":[{"name":"wp","href":"https:\/\/api.w.org\/{rel}","templated":true}]}}