{"id":11379,"date":"2024-03-14T13:29:57","date_gmt":"2024-03-14T12:29:57","guid":{"rendered":"http:\/\/delikatesy.wineport.pl\/?product=francis-ford-coppola-presents-rosso-shiraz-california"},"modified":"2026-05-10T18:18:28","modified_gmt":"2026-05-10T16:18:28","slug":"francis-ford-coppola-presents-rosso-shiraz-california","status":"publish","type":"product","link":"http:\/\/delikatesy.wineport.pl\/?product=francis-ford-coppola-presents-rosso-shiraz-california","title":{"rendered":"Francis Ford Coppola Presents rosso Shiraz California"},"content":{"rendered":"<p><span class=\"Apple-style-span\" style=\"font-family: Arial, Helvetica, sans-serif; font-size: 11px;\"><span style=\"color: #ff0000;\">UWAGA!!! NIE WYSY\u0141AMY ALKOHOLU KURIEREM W PRZYPADKU ZAM\u00d3WIE\u0143 OD OS\u00d3B PRYWATNYCH, TYLKO ODBI\u00d3R OSOBISTY NA UL. \u015aW. STANIS\u0141AWA 12 W WARSZAWIE!!! W przypadku op\u0142acenia zam\u00f3wienia alkoholu z wysy\u0142k\u0105, przy zwrocie pieni\u0119dzy zostanie potr\u0105cona prowizja\u00a0<\/span><strong style=\"color: #ff0000;\">DOTPAY<\/strong><span style=\"color: #ff0000;\">!<\/span><\/span><\/p>\n<p><span class=\"Apple-style-span\" style=\"font-family: Arial, Helvetica, sans-serif; font-size: 11px;\"> <span class=\"wyrozn\" style=\"font-weight: bold;\">Francis Ford Coppola Presents rosso Shiraz , California<\/span><\/span> <span class=\"Apple-style-span\" style=\"font-family: Arial, Helvetica, sans-serif; font-size: 11px;\"><br \/> <\/span> <span class=\"Apple-style-span\" style=\"font-family: Arial, Helvetica, sans-serif; font-size: 11px;\">Pochodzenie:<\/span> <span class=\"Apple-style-span\" style=\"font-family: Arial, Helvetica, sans-serif; font-size: 11px;\">\u00a0<\/span> <span class=\"Apple-style-span\" style=\"font-family: Arial, Helvetica, sans-serif; font-size: 11px;\"> <span class=\"pochodz\">California, USA<\/span><\/span> <span class=\"Apple-style-span\" style=\"font-family: Arial, Helvetica, sans-serif; font-size: 11px;\"><br \/> <\/span> <span class=\"Apple-style-span\" style=\"font-family: Arial, Helvetica, sans-serif; font-size: 11px;\"><br \/> <\/span> <span class=\"Apple-style-span\" style=\"font-family: Arial, Helvetica, sans-serif; font-size: 11px;\"><br \/> <\/span> <span class=\"Apple-style-span\" style=\"font-family: Arial, Helvetica, sans-serif; font-size: 11px;\">Barwa wina:<\/span> <span class=\"Apple-style-span\" style=\"font-family: Arial, Helvetica, sans-serif; font-size: 11px;\">\u00a0<\/span> <span class=\"Apple-style-span\" style=\"font-family: Arial, Helvetica, sans-serif; font-size: 11px;\"> <span class=\"pochodz\">czerwone<\/span><\/span> <span class=\"Apple-style-span\" style=\"font-family: Arial, Helvetica, sans-serif; font-size: 11px;\">\u00a0<\/span> <span class=\"Apple-style-span\" style=\"font-family: Arial, Helvetica, sans-serif; font-size: 11px;\"><br \/> <\/span> <span class=\"Apple-style-span\" style=\"font-family: Arial, Helvetica, sans-serif; font-size: 11px;\">Natura wina: Wytrawne<\/span> <span class=\"Apple-style-span\" style=\"font-family: Arial, Helvetica, sans-serif; font-size: 11px;\">\u00a0<\/span> <span class=\"Apple-style-span\" style=\"font-family: Arial, Helvetica, sans-serif; font-size: 11px;\"><br \/> <\/span> <span class=\"Apple-style-span\" style=\"font-family: Arial, Helvetica, sans-serif; font-size: 11px;\"><br \/> <\/span> <span class=\"Apple-style-span\" style=\"font-family: Arial, Helvetica, sans-serif; font-size: 11px;\">Blend Shiraz (95%) i Viognier (5%). Wino przez 10 miesi\u0119cy dojrzewa w beczkach z ameryka\u0144skiego i francuskiego d\u0119bu. Bogata paleta aromat\u00f3w pocz\u0105wszy od owoc\u00f3w jagodowych poprzez soczyste \u015bliwki i wanili\u0119. Kusz\u0105ca delikatno\u015b\u0107. Wino zdoby\u0142o 83 punkty w klasyfikacji presti\u017cowego czasopisma Wine Spectator.<\/span> <span class=\"Apple-style-span\" style=\"font-family: Arial, Helvetica, sans-serif; font-size: 11px;\">\u00a0<\/span><\/p>\n","protected":false},"excerpt":{"rendered":"<p>Francis Ford Coppola Presents rosso Shiraz , California Pochodzenie: California, USA Barwa wina: czerwone Natura wina: Wytrawne Blend Shiraz (95%) i Viognier (5%). Wino przez 10 miesi\u0119cy dojrzewa w beczkach z ameryka\u0144skiego i francuskiego d\u0119bu. Bogat&#8230;<\/p>\n","protected":false},"featured_media":11378,"comment_status":"open","ping_status":"closed","template":"","meta":[],"product_cat":[156,80],"product_tag":[],"class_list":{"0":"post-11379","1":"product","2":"type-product","3":"status-publish","4":"has-post-thumbnail","6":"product_cat-usa-wina-swiata","7":"product_cat-wina-swiata","9":"first","10":"instock","11":"shipping-taxable","12":"purchasable","13":"product-type-simple"},"_links":{"self":[{"href":"http:\/\/delikatesy.wineport.pl\/index.php?rest_route=\/wp\/v2\/product\/11379","targetHints":{"allow":["GET"]}}],"collection":[{"href":"http:\/\/delikatesy.wineport.pl\/index.php?rest_route=\/wp\/v2\/product"}],"about":[{"href":"http:\/\/delikatesy.wineport.pl\/index.php?rest_route=\/wp\/v2\/types\/product"}],"replies":[{"embeddable":true,"href":"http:\/\/delikatesy.wineport.pl\/index.php?rest_route=%2Fwp%2Fv2%2Fcomments&post=11379"}],"wp:featuredmedia":[{"embeddable":true,"href":"http:\/\/delikatesy.wineport.pl\/index.php?rest_route=\/wp\/v2\/media\/11378"}],"wp:attachment":[{"href":"http:\/\/delikatesy.wineport.pl\/index.php?rest_route=%2Fwp%2Fv2%2Fmedia&parent=11379"}],"wp:term":[{"taxonomy":"product_cat","embeddable":true,"href":"http:\/\/delikatesy.wineport.pl\/index.php?rest_route=%2Fwp%2Fv2%2Fproduct_cat&post=11379"},{"taxonomy":"product_tag","embeddable":true,"href":"http:\/\/delikatesy.wineport.pl\/index.php?rest_route=%2Fwp%2Fv2%2Fproduct_tag&post=11379"}],"curies":[{"name":"wp","href":"https:\/\/api.w.org\/{rel}","templated":true}]}}