{"id":11383,"date":"2024-03-14T13:30:01","date_gmt":"2024-03-14T12:30:01","guid":{"rendered":"http:\/\/delikatesy.wineport.pl\/?product=wino-rubicon-napa-valley-075l"},"modified":"2026-05-10T18:18:29","modified_gmt":"2026-05-10T16:18:29","slug":"wino-rubicon-napa-valley-075l","status":"publish","type":"product","link":"http:\/\/delikatesy.wineport.pl\/?product=wino-rubicon-napa-valley-075l","title":{"rendered":"Wino Rubicon, Napa Valley 0,75L"},"content":{"rendered":"<p><span class=\"Apple-style-span\" style=\"font-family: Arial, Helvetica, sans-serif; font-size: 11px;\"><span style=\"color: #ff0000;\">UWAGA!!! NIE WYSY\u0141AMY ALKOHOLU KURIEREM W PRZYPADKU ZAM\u00d3WIE\u0143 OD OS\u00d3B PRYWATNYCH, TYLKO ODBI\u00d3R OSOBISTY NA UL. \u015aW. STANIS\u0141AWA 12 W WARSZAWIE!!! W przypadku op\u0142acenia zam\u00f3wienia alkoholu z wysy\u0142k\u0105, przy zwrocie pieni\u0119dzy zostanie potr\u0105cona prowizja\u00a0<\/span><strong style=\"color: #ff0000;\">DOTPAY<\/strong><span style=\"color: #ff0000;\">!<\/span><\/span><\/p>\n<p><span class=\"Apple-style-span\" style=\"font-family: Arial, Helvetica, sans-serif; font-size: 11px;\"> <span class=\"wyrozn\" style=\"font-weight: bold;\">Rubicon, Napa Valley<\/span><\/span> <span class=\"Apple-style-span\" style=\"font-family: Arial, Helvetica, sans-serif; font-size: 11px;\"><br \/> <\/span> <span class=\"Apple-style-span\" style=\"font-family: Arial, Helvetica, sans-serif; font-size: 11px;\">Pochodzenie:<\/span> <span class=\"Apple-style-span\" style=\"font-family: Arial, Helvetica, sans-serif; font-size: 11px;\">\u00a0<\/span> <span class=\"Apple-style-span\" style=\"font-family: Arial, Helvetica, sans-serif; font-size: 11px;\"> <span class=\"pochodz\">Napa Valley, USA<\/span><\/span> <span class=\"Apple-style-span\" style=\"font-family: Arial, Helvetica, sans-serif; font-size: 11px;\"><br \/> <\/span> <span class=\"Apple-style-span\" style=\"font-family: Arial, Helvetica, sans-serif; font-size: 11px;\"><br \/> <\/span> <span class=\"Apple-style-span\" style=\"font-family: Arial, Helvetica, sans-serif; font-size: 11px;\">Barwa wina:<\/span> <span class=\"Apple-style-span\" style=\"font-family: Arial, Helvetica, sans-serif; font-size: 11px;\">\u00a0<\/span> <span class=\"Apple-style-span\" style=\"font-family: Arial, Helvetica, sans-serif; font-size: 11px;\"> <span class=\"pochodz\">czerwone<\/span><\/span> <span class=\"Apple-style-span\" style=\"font-family: Arial, Helvetica, sans-serif; font-size: 11px;\">\u00a0<\/span> <span class=\"Apple-style-span\" style=\"font-family: Arial, Helvetica, sans-serif; font-size: 11px;\"><br \/> <\/span> <span class=\"Apple-style-span\" style=\"font-family: Arial, Helvetica, sans-serif; font-size: 11px;\">Natura wina: Wytrawne<\/span> <span class=\"Apple-style-span\" style=\"font-family: Arial, Helvetica, sans-serif; font-size: 11px;\">\u00a0<\/span> <span class=\"Apple-style-span\" style=\"font-family: Arial, Helvetica, sans-serif; font-size: 11px;\"><br \/> <\/span> <span class=\"Apple-style-span\" style=\"font-family: Arial, Helvetica, sans-serif; font-size: 11px;\"><br \/> <\/span> <span class=\"Apple-style-span\" style=\"font-family: Arial, Helvetica, sans-serif; font-size: 11px;\">Kultowe wino z samego serca organicznych upraw Napa Valley. Bardzo dobrze wywa\u017cone o g\u0142adkim finiszu. Wyczuwalne aromaty czarnej porzeczki, bia\u0142ych kwiat\u00f3w, zi\u00f3\u0142 i tytoniu. Wino zdoby\u0142o 96 punkt\u00f3w w klasyfikacji The Wine News, 94 w klasyfikacji Wine Enthusiast, 94 w klasyfikacji Wine Spectator, 91 w klasyfikacji Wine Advocate oraz 90 w klasyfikacji Wine&amp;Spirits.<\/span> <span class=\"Apple-style-span\" style=\"font-family: Arial, Helvetica, sans-serif; font-size: 11px;\">\u00a0<\/span> <span class=\"Apple-style-span\" style=\"color: #e6dbce; font-family: Arial, Helvetica, sans-serif; font-size: 11px;\"><br \/> <\/span><\/p>\n","protected":false},"excerpt":{"rendered":"<p>Rubicon, Napa Valley Pochodzenie: Napa Valley, USA Barwa wina: czerwone Natura wina: Wytrawne Kultowe wino z samego serca organicznych upraw Napa Valley. Bardzo dobrze wywa\u017cone o g\u0142adkim finiszu. Wyczuwalne aromaty czarnej porzeczki, bia\u0142ych kwiat\u00f3w,&#8230;<\/p>\n","protected":false},"featured_media":11382,"comment_status":"open","ping_status":"closed","template":"","meta":[],"product_cat":[156,80],"product_tag":[],"class_list":{"0":"post-11383","1":"product","2":"type-product","3":"status-publish","4":"has-post-thumbnail","6":"product_cat-usa-wina-swiata","7":"product_cat-wina-swiata","9":"first","10":"instock","11":"shipping-taxable","12":"purchasable","13":"product-type-simple"},"_links":{"self":[{"href":"http:\/\/delikatesy.wineport.pl\/index.php?rest_route=\/wp\/v2\/product\/11383","targetHints":{"allow":["GET"]}}],"collection":[{"href":"http:\/\/delikatesy.wineport.pl\/index.php?rest_route=\/wp\/v2\/product"}],"about":[{"href":"http:\/\/delikatesy.wineport.pl\/index.php?rest_route=\/wp\/v2\/types\/product"}],"replies":[{"embeddable":true,"href":"http:\/\/delikatesy.wineport.pl\/index.php?rest_route=%2Fwp%2Fv2%2Fcomments&post=11383"}],"wp:featuredmedia":[{"embeddable":true,"href":"http:\/\/delikatesy.wineport.pl\/index.php?rest_route=\/wp\/v2\/media\/11382"}],"wp:attachment":[{"href":"http:\/\/delikatesy.wineport.pl\/index.php?rest_route=%2Fwp%2Fv2%2Fmedia&parent=11383"}],"wp:term":[{"taxonomy":"product_cat","embeddable":true,"href":"http:\/\/delikatesy.wineport.pl\/index.php?rest_route=%2Fwp%2Fv2%2Fproduct_cat&post=11383"},{"taxonomy":"product_tag","embeddable":true,"href":"http:\/\/delikatesy.wineport.pl\/index.php?rest_route=%2Fwp%2Fv2%2Fproduct_tag&post=11383"}],"curies":[{"name":"wp","href":"https:\/\/api.w.org\/{rel}","templated":true}]}}