{"id":11387,"date":"2024-03-14T13:30:08","date_gmt":"2024-03-14T12:30:08","guid":{"rendered":"http:\/\/delikatesy.wineport.pl\/?product=wino-francis-ford-coppola-directors-chardonnay-sonoma-county-075l"},"modified":"2026-05-10T18:18:29","modified_gmt":"2026-05-10T16:18:29","slug":"wino-francis-ford-coppola-directors-chardonnay-sonoma-county-075l","status":"publish","type":"product","link":"http:\/\/delikatesy.wineport.pl\/?product=wino-francis-ford-coppola-directors-chardonnay-sonoma-county-075l","title":{"rendered":"WINO FRANCIS FORD COPPOLA DIRECTOR&#8217;S CHARDONNAY, SONOMA COUNTY 0,75L"},"content":{"rendered":"<p><span class=\"Apple-style-span\" style=\"color: #3a3a3a; font-family: Tahoma, Verdana, Arial, sans-serif; font-size: 11px; -webkit-border-horizontal-spacing: 5px; -webkit-border-vertical-spacing: 5px;\"><span style=\"color: #ff0000;\">UWAGA!!! NIE WYSY\u0141AMY ALKOHOLU KURIEREM W PRZYPADKU ZAM\u00d3WIE\u0143 OD OS\u00d3B PRYWATNYCH, TYLKO ODBI\u00d3R OSOBISTY NA UL. \u015aW. STANIS\u0141AWA 12 W WARSZAWIE!!! W przypadku op\u0142acenia zam\u00f3wienia alkoholu z wysy\u0142k\u0105, przy zwrocie pieni\u0119dzy zostanie potr\u0105cona prowizja\u00a0<\/span><strong style=\"color: #ff0000;\">DOTPAY<\/strong><span style=\"color: #ff0000;\">!<\/span><\/span><\/p>\n<p><span class=\"Apple-style-span\" style=\"color: #3a3a3a; font-family: Tahoma, Verdana, Arial, sans-serif; font-size: 11px; -webkit-border-horizontal-spacing: 5px; -webkit-border-vertical-spacing: 5px;\">Wino otrzymane z odmiany Chardonnay uprawianej w kilku winnicach Sonoma County, kt\u00f3re maj\u0105 znacz\u0105co r\u00f3\u017cne dzienne i nocne temperatury powierza. Szczodrze owocowe, pe\u0142ne, aksamitne, w smaku z aromatem dojrza\u0142ych owoc\u00f3w cytrusowych, melona, gruszki, go\u017adzik\u00f3w i wanilii. Rekomendowane do skorupiak\u00f3w (g\u0142\u00f3wnie kraby), kurczaka, ser\u00f3w.<\/span> <span class=\"Apple-style-span\" style=\"color: #3a3a3a; font-family: Tahoma, Verdana, Arial, sans-serif; font-size: 11px; -webkit-border-horizontal-spacing: 5px; -webkit-border-vertical-spacing: 5px;\">\u00a0<\/span> <span class=\"Apple-style-span\" style=\"color: #3a3a3a; font-family: Tahoma, Verdana, Arial, sans-serif; font-size: 11px; -webkit-border-horizontal-spacing: 5px; -webkit-border-vertical-spacing: 5px;\"><br \/> <\/span> <span class=\"Apple-style-span\" style=\"color: #3a3a3a; font-family: Tahoma, Verdana, Arial, sans-serif; font-size: 11px; -webkit-border-horizontal-spacing: 5px; -webkit-border-vertical-spacing: 5px;\">Etykieta opatrzona jest w rysunek wykorzystywany przez urz\u0105dzenie Zoetrop, wyprodukowane dla potrzeb przemys\u0142u filmowego.<\/span> <span class=\"Apple-style-span\" style=\"color: #3a3a3a; font-family: Tahoma, Verdana, Arial, sans-serif; font-size: 11px; -webkit-border-horizontal-spacing: 5px; -webkit-border-vertical-spacing: 5px;\">\u00a0<\/span><\/p>\n","protected":false},"excerpt":{"rendered":"<p>Wino otrzymane z odmiany Chardonnay uprawianej w kilku winnicach Sonoma County, kt\u00f3re maj\u0105 znacz\u0105co r\u00f3\u017cne dzienne i nocne temperatury powierza. Szczodrze owocowe, pe\u0142ne, aksamitne, w smaku z aromatem dojrza\u0142ych owoc\u00f3w cytrusowych, melona, gruszki, go&#8230;<\/p>\n","protected":false},"featured_media":11386,"comment_status":"open","ping_status":"closed","template":"","meta":[],"product_cat":[156,80],"product_tag":[],"class_list":{"0":"post-11387","1":"product","2":"type-product","3":"status-publish","4":"has-post-thumbnail","6":"product_cat-usa-wina-swiata","7":"product_cat-wina-swiata","9":"first","10":"instock","11":"shipping-taxable","12":"purchasable","13":"product-type-simple"},"_links":{"self":[{"href":"http:\/\/delikatesy.wineport.pl\/index.php?rest_route=\/wp\/v2\/product\/11387","targetHints":{"allow":["GET"]}}],"collection":[{"href":"http:\/\/delikatesy.wineport.pl\/index.php?rest_route=\/wp\/v2\/product"}],"about":[{"href":"http:\/\/delikatesy.wineport.pl\/index.php?rest_route=\/wp\/v2\/types\/product"}],"replies":[{"embeddable":true,"href":"http:\/\/delikatesy.wineport.pl\/index.php?rest_route=%2Fwp%2Fv2%2Fcomments&post=11387"}],"wp:featuredmedia":[{"embeddable":true,"href":"http:\/\/delikatesy.wineport.pl\/index.php?rest_route=\/wp\/v2\/media\/11386"}],"wp:attachment":[{"href":"http:\/\/delikatesy.wineport.pl\/index.php?rest_route=%2Fwp%2Fv2%2Fmedia&parent=11387"}],"wp:term":[{"taxonomy":"product_cat","embeddable":true,"href":"http:\/\/delikatesy.wineport.pl\/index.php?rest_route=%2Fwp%2Fv2%2Fproduct_cat&post=11387"},{"taxonomy":"product_tag","embeddable":true,"href":"http:\/\/delikatesy.wineport.pl\/index.php?rest_route=%2Fwp%2Fv2%2Fproduct_tag&post=11387"}],"curies":[{"name":"wp","href":"https:\/\/api.w.org\/{rel}","templated":true}]}}