{"id":11389,"date":"2024-03-14T13:30:09","date_gmt":"2024-03-14T12:30:09","guid":{"rendered":"http:\/\/delikatesy.wineport.pl\/?product=wino-francis-ford-coppola-directors-pinot-noir-north-coast-075l"},"modified":"2026-05-10T18:18:29","modified_gmt":"2026-05-10T16:18:29","slug":"wino-francis-ford-coppola-directors-pinot-noir-north-coast-075l","status":"publish","type":"product","link":"http:\/\/delikatesy.wineport.pl\/?product=wino-francis-ford-coppola-directors-pinot-noir-north-coast-075l","title":{"rendered":"Wino FRANCIS FORD COPPOLA DIRECTOR&#8217;S PINOT NOIR, NORTH COAST 0,75L"},"content":{"rendered":"<ul style=\"font-family: Verdana; font-size: 11px;\">\n<li><span style=\"color: #ff0000;\">UWAGA!!! NIE WYSY\u0141AMY ALKOHOLU KURIEREM W PRZYPADKU ZAM\u00d3WIE\u0143 OD OS\u00d3B PRYWATNYCH, TYLKO ODBI\u00d3R OSOBISTY NA UL. \u015aW. STANIS\u0141AWA 12 W WARSZAWIE!!! W przypadku op\u0142acenia zam\u00f3wienia alkoholu z wysy\u0142k\u0105, przy zwrocie pieni\u0119dzy zostanie potr\u0105cona prowizja\u00a0<\/span><strong style=\"color: #ff0000;\">DOTPAY<\/strong><span style=\"color: #ff0000;\">!<\/span><\/li>\n<li>Kalifornijskie wina wytrawne czerwone,\u00a0Kalifornijski Pinot Noir z ro\u017cnych winnic Sonoma County, z apelacj\u0105 North Coast poniewa\u017c cz\u0119\u015b\u0107 winogron pochodzi z winnicy Mendocino County, po\u0142o\u017conej na p\u00f3\u0142noc Sonomy\u00a0ma bardzo jedwabist\u0105 struktur\u0119, znakomity nos, w smaku z malin\u0105, truskawk\u0105, cynamonem i przyprawami\u00a0rekomendowane do indyka, sos\u00f3w z \u017curawin\u0105, wieprzowiny, grzyb\u00f3w<\/li>\n<\/ul>\n<div style=\"font-family: Verdana; font-size: 11px;\">\u00a0<\/div>\n<div>\u00a0<\/div>\n","protected":false},"excerpt":{"rendered":"<p>Kalifornijskie wina wytrawne czerwone, Kalifornijski Pinot Noir z ro\u017cnych winnic Sonoma County, z apelacj\u0105 North Coast poniewa\u017c cz\u0119\u015b\u0107 winogron pochodzi z winnicy Mendocino County, po\u0142o\u017conej na p\u00f3\u0142noc Sonomy ma bardzo jedwabist\u0105 struktur\u0119, znakomity n&#8230;<\/p>\n","protected":false},"featured_media":11388,"comment_status":"open","ping_status":"closed","template":"","meta":[],"product_cat":[156,80],"product_tag":[],"class_list":{"0":"post-11389","1":"product","2":"type-product","3":"status-publish","4":"has-post-thumbnail","6":"product_cat-usa-wina-swiata","7":"product_cat-wina-swiata","9":"first","10":"instock","11":"shipping-taxable","12":"purchasable","13":"product-type-simple"},"_links":{"self":[{"href":"http:\/\/delikatesy.wineport.pl\/index.php?rest_route=\/wp\/v2\/product\/11389","targetHints":{"allow":["GET"]}}],"collection":[{"href":"http:\/\/delikatesy.wineport.pl\/index.php?rest_route=\/wp\/v2\/product"}],"about":[{"href":"http:\/\/delikatesy.wineport.pl\/index.php?rest_route=\/wp\/v2\/types\/product"}],"replies":[{"embeddable":true,"href":"http:\/\/delikatesy.wineport.pl\/index.php?rest_route=%2Fwp%2Fv2%2Fcomments&post=11389"}],"wp:featuredmedia":[{"embeddable":true,"href":"http:\/\/delikatesy.wineport.pl\/index.php?rest_route=\/wp\/v2\/media\/11388"}],"wp:attachment":[{"href":"http:\/\/delikatesy.wineport.pl\/index.php?rest_route=%2Fwp%2Fv2%2Fmedia&parent=11389"}],"wp:term":[{"taxonomy":"product_cat","embeddable":true,"href":"http:\/\/delikatesy.wineport.pl\/index.php?rest_route=%2Fwp%2Fv2%2Fproduct_cat&post=11389"},{"taxonomy":"product_tag","embeddable":true,"href":"http:\/\/delikatesy.wineport.pl\/index.php?rest_route=%2Fwp%2Fv2%2Fproduct_tag&post=11389"}],"curies":[{"name":"wp","href":"https:\/\/api.w.org\/{rel}","templated":true}]}}