{"id":11395,"date":"2024-03-14T13:30:11","date_gmt":"2024-03-14T12:30:11","guid":{"rendered":"http:\/\/delikatesy.wineport.pl\/?product=carmen-wine-makers-reserve-red-maipo-valley"},"modified":"2026-05-10T18:18:30","modified_gmt":"2026-05-10T16:18:30","slug":"carmen-wine-makers-reserve-red-maipo-valley","status":"publish","type":"product","link":"http:\/\/delikatesy.wineport.pl\/?product=carmen-wine-makers-reserve-red-maipo-valley","title":{"rendered":"CARMEN WINE MAKER&#8217;S RESERVE RED, MAIPO VALLEY"},"content":{"rendered":"<p><span style=\"color: #ff0000;\">UWAGA!!! NIE WYSY\u0141AMY ALKOHOLU KURIEREM W PRZYPADKU ZAM\u00d3WIE\u0143 OD OS\u00d3B PRYWATNYCH, TYLKO ODBI\u00d3R OSOBISTY NA UL. \u015aW. STANIS\u0141AWA 12 W WARSZAWIE!!! W przypadku op\u0142acenia zam\u00f3wienia alkoholu z wysy\u0142k\u0105, przy zwrocie pieni\u0119dzy zostanie potr\u0105cona prowizja\u00a0<\/span><strong style=\"color: #ff0000;\">DOTPAY<\/strong><span style=\"color: #ff0000;\">!<\/span><\/p>\n<table style=\"color: #3a3a3a;\" border=\"0\" width=\"100%\" cellspacing=\"5\" cellpadding=\"0\">\n<tbody>\n<tr>\n<td class=\"main\" style=\"font-family: Tahoma, Verdana, Arial, sans-serif; font-size: 11px;\">\n<p> G\u0142\u0119boko rubinowy kolor z wyra\u017anymi owocowymi nutami czarnej porzeczki, truskawki, \u015bliwek, wi\u015bni oraz malin. Dojrzewanie w d\u0119bowych beczkach nadaje winu z\u0142o\u017cono\u015bci oraz nuty wanilii i tostu. Dobra struktura z zachwycaj\u0105cym d\u0142ugim, owocowym finiszem.<\/td>\n<\/tr>\n<\/tbody>\n<\/table>\n","protected":false},"excerpt":{"rendered":"<p>G\u0142\u0119boko rubinowy kolor z wyra\u017anymi owocowymi nutami czarnej porzeczki, truskawki, \u015bliwek, wi\u015bni oraz malin. Dojrzewanie w d\u0119bowych beczkach nadaje winu z\u0142o\u017cono\u015bci oraz nuty wanilii i tostu. Dobra struktura z zachwycaj\u0105cym d\u0142ugim, owocowym finiszem.<\/p>\n","protected":false},"featured_media":11394,"comment_status":"open","ping_status":"closed","template":"","meta":[],"product_cat":[82,80],"product_tag":[],"class_list":{"0":"post-11395","1":"product","2":"type-product","3":"status-publish","4":"has-post-thumbnail","6":"product_cat-chile","7":"product_cat-wina-swiata","9":"first","10":"instock","11":"shipping-taxable","12":"purchasable","13":"product-type-simple"},"_links":{"self":[{"href":"http:\/\/delikatesy.wineport.pl\/index.php?rest_route=\/wp\/v2\/product\/11395","targetHints":{"allow":["GET"]}}],"collection":[{"href":"http:\/\/delikatesy.wineport.pl\/index.php?rest_route=\/wp\/v2\/product"}],"about":[{"href":"http:\/\/delikatesy.wineport.pl\/index.php?rest_route=\/wp\/v2\/types\/product"}],"replies":[{"embeddable":true,"href":"http:\/\/delikatesy.wineport.pl\/index.php?rest_route=%2Fwp%2Fv2%2Fcomments&post=11395"}],"wp:featuredmedia":[{"embeddable":true,"href":"http:\/\/delikatesy.wineport.pl\/index.php?rest_route=\/wp\/v2\/media\/11394"}],"wp:attachment":[{"href":"http:\/\/delikatesy.wineport.pl\/index.php?rest_route=%2Fwp%2Fv2%2Fmedia&parent=11395"}],"wp:term":[{"taxonomy":"product_cat","embeddable":true,"href":"http:\/\/delikatesy.wineport.pl\/index.php?rest_route=%2Fwp%2Fv2%2Fproduct_cat&post=11395"},{"taxonomy":"product_tag","embeddable":true,"href":"http:\/\/delikatesy.wineport.pl\/index.php?rest_route=%2Fwp%2Fv2%2Fproduct_tag&post=11395"}],"curies":[{"name":"wp","href":"https:\/\/api.w.org\/{rel}","templated":true}]}}