{"id":11397,"date":"2024-03-14T13:30:12","date_gmt":"2024-03-14T12:30:12","guid":{"rendered":"http:\/\/delikatesy.wineport.pl\/?product=wino-rincon-privado-torrontes-mendoza-075l"},"modified":"2026-05-10T18:18:30","modified_gmt":"2026-05-10T16:18:30","slug":"wino-rincon-privado-torrontes-mendoza-075l","status":"publish","type":"product","link":"http:\/\/delikatesy.wineport.pl\/?product=wino-rincon-privado-torrontes-mendoza-075l","title":{"rendered":"Wino RINCON PRIVADO TORRONTES, MENDOZA 0,75L"},"content":{"rendered":"<ul style=\"font-family: Verdana; font-size: 11px;\">\n<li>\n<ul>\n<li><span style=\"color: #ff0000; font-size: 16px; font-family: arial, helvetica, sans-serif;\">UWAGA!!! NIE WYSY\u0141AMY ALKOHOLU KURIEREM W PRZYPADKU ZAM\u00d3WIE\u0143 OD OS\u00d3B PRYWATNYCH, TYLKO ODBI\u00d3R OSOBISTY NA UL. \u015aW. STANIS\u0141AWA 12 W WARSZAWIE!!! W przypadku op\u0142acenia zam\u00f3wienia alkoholu z wysy\u0142k\u0105, przy zwrocie pieni\u0119dzy zostanie potr\u0105cona prowizja dotpay!<\/span><\/li>\n<li>Argenty\u0144skie wino wytrawne bia\u0142e\u00a0, wyprodukowane w najstarszej winnicy w San Rafael w regionie Mendoza z wyselekcjonowanych gron Torrontes,\u00a0jasny,s\u0142oneczny kolor o aromatach ananasa i winogron,\u00a0bardzo dobry balans i wyczuwalny owocowy posmak,\u00a0delikatne z wywa\u017con\u0105 kwasowo\u015bci\u0105,\u00a0w ustach \u015bwie\u017ce<\/li>\n<\/ul>\n<div>\u00a0<\/div>\n<\/li>\n<\/ul>\n","protected":false},"excerpt":{"rendered":"<p>Argenty\u0144skie wino wytrawne bia\u0142e , wyprodukowane w najstarszej winnicy w San Rafael w regionie Mendoza z wyselekcjonowanych gron Torrontes, jasny,s\u0142oneczny kolor o aromatach ananasa i winogron, bardzo dobry balans i wyczuwalny owocowy posmak, delikat&#8230;<\/p>\n","protected":false},"featured_media":11396,"comment_status":"open","ping_status":"closed","template":"","meta":[],"product_cat":[81,80],"product_tag":[],"class_list":{"0":"post-11397","1":"product","2":"type-product","3":"status-publish","4":"has-post-thumbnail","6":"product_cat-argentyna","7":"product_cat-wina-swiata","9":"first","10":"instock","11":"shipping-taxable","12":"purchasable","13":"product-type-simple"},"_links":{"self":[{"href":"http:\/\/delikatesy.wineport.pl\/index.php?rest_route=\/wp\/v2\/product\/11397","targetHints":{"allow":["GET"]}}],"collection":[{"href":"http:\/\/delikatesy.wineport.pl\/index.php?rest_route=\/wp\/v2\/product"}],"about":[{"href":"http:\/\/delikatesy.wineport.pl\/index.php?rest_route=\/wp\/v2\/types\/product"}],"replies":[{"embeddable":true,"href":"http:\/\/delikatesy.wineport.pl\/index.php?rest_route=%2Fwp%2Fv2%2Fcomments&post=11397"}],"wp:featuredmedia":[{"embeddable":true,"href":"http:\/\/delikatesy.wineport.pl\/index.php?rest_route=\/wp\/v2\/media\/11396"}],"wp:attachment":[{"href":"http:\/\/delikatesy.wineport.pl\/index.php?rest_route=%2Fwp%2Fv2%2Fmedia&parent=11397"}],"wp:term":[{"taxonomy":"product_cat","embeddable":true,"href":"http:\/\/delikatesy.wineport.pl\/index.php?rest_route=%2Fwp%2Fv2%2Fproduct_cat&post=11397"},{"taxonomy":"product_tag","embeddable":true,"href":"http:\/\/delikatesy.wineport.pl\/index.php?rest_route=%2Fwp%2Fv2%2Fproduct_tag&post=11397"}],"curies":[{"name":"wp","href":"https:\/\/api.w.org\/{rel}","templated":true}]}}