{"id":11409,"date":"2024-03-14T13:30:17","date_gmt":"2024-03-14T12:30:17","guid":{"rendered":"http:\/\/delikatesy.wineport.pl\/?product=zestaw-prezentowy-miody-polskie-3-x-025l"},"modified":"2026-05-10T18:18:31","modified_gmt":"2026-05-10T16:18:31","slug":"zestaw-prezentowy-miody-polskie-3-x-025l","status":"publish","type":"product","link":"http:\/\/delikatesy.wineport.pl\/?product=zestaw-prezentowy-miody-polskie-3-x-025l","title":{"rendered":"ZESTAW PREZENTOWY MIODY POLSKIE 3 x 0,25l"},"content":{"rendered":"<p>\u00a0<\/p>\n<p><span style=\"color: #ff0000; font-size: 16px; font-family: arial, helvetica, sans-serif;\">UWAGA!!! NIE WYSY\u0141AMY ALKOHOLU W PRZYPADKU ZAM\u00d3WIE\u0143 OD OS\u00d3B PRYWATNYCH, TYLKO ODBI\u00d3R OSOBISTY NA UL. \u015aW. STANIS\u0141AWA 12 W WARSZAWIE!!! W przypadku op\u0142acenia zam\u00f3wienia alkoholu z wysy\u0142k\u0105, przy zwrocie pieni\u0119dzy zostanie potr\u0105cona prowizja\u00a0DOTPAY!<\/span><\/p>\n<p>\u00a0<\/p>\n<p><span style=\"color: #ff0000; font-size: 16px; font-family: arial, helvetica, sans-serif;\">\u00a0<\/span><\/p>\n<p><span style=\"font-family: arial, helvetica, sans-serif; font-size: 12pt; color: #000000;\"><span class=\"Apple-style-span\" style=\"line-height: 16px;\">Zestaw MIODY POLSKIE<\/span> <span class=\"Apple-style-span\" style=\"line-height: 16px;\"><br \/> <\/span> <span class=\"Apple-style-span\" style=\"line-height: 16px;\">Kolorystyka opakowania jest utrzymana w szlachetnym, dostojnym stylu, w kolorystyce intensywnego bordo, obrazuj\u0105c 3 staropolskich je\u017ad\u017ac\u00f3w. Na zestawie zosta\u0142y umieszczone opisy informacyjne w dw\u00f3ch j\u0119zykach: polskim i angielskim. Zestaw ten zosta\u0142 przygotowany z my\u015bl\u0105 o rynku krajowym oraz zagranicznym i na obydwu cieszy si\u0119 du\u017cym zainteresowaniem. Sk\u0142ada si\u0119 on z najlepszych miod\u00f3w pitnych APIS w typie P\u00f3\u0142torak, Dw\u00f3jniak, Tr\u00f3jniak, czyli miod\u00f3w: &#8220;Jadwiga&#8221;, &#8220;Kurpiowski&#8221; oraz &#8220;Piastowski&#8221;.<\/span><\/span><\/p>\n","protected":false},"excerpt":{"rendered":"<p>Zestaw MIODY POLSKIE Kolorystyka opakowania jest utrzymana w szlachetnym, dostojnym stylu, w kolorystyce intensywnego bordo, obrazuj\u0105c 3 staropolskich je\u017ad\u017ac\u00f3w. Na zestawie zosta\u0142y umieszczone opisy informacyjne w dw\u00f3ch j\u0119zykach: polskim i angielskim&#8230;<\/p>\n","protected":false},"featured_media":11408,"comment_status":"open","ping_status":"closed","template":"","meta":[],"product_cat":[105,104,139,106],"product_tag":[],"class_list":{"0":"post-11409","1":"product","2":"type-product","3":"status-publish","4":"has-post-thumbnail","6":"product_cat-kremy","7":"product_cat-likiery","8":"product_cat-miody","9":"product_cat-nalewki-i-miody","11":"first","12":"instock","13":"shipping-taxable","14":"purchasable","15":"product-type-simple"},"_links":{"self":[{"href":"http:\/\/delikatesy.wineport.pl\/index.php?rest_route=\/wp\/v2\/product\/11409","targetHints":{"allow":["GET"]}}],"collection":[{"href":"http:\/\/delikatesy.wineport.pl\/index.php?rest_route=\/wp\/v2\/product"}],"about":[{"href":"http:\/\/delikatesy.wineport.pl\/index.php?rest_route=\/wp\/v2\/types\/product"}],"replies":[{"embeddable":true,"href":"http:\/\/delikatesy.wineport.pl\/index.php?rest_route=%2Fwp%2Fv2%2Fcomments&post=11409"}],"wp:featuredmedia":[{"embeddable":true,"href":"http:\/\/delikatesy.wineport.pl\/index.php?rest_route=\/wp\/v2\/media\/11408"}],"wp:attachment":[{"href":"http:\/\/delikatesy.wineport.pl\/index.php?rest_route=%2Fwp%2Fv2%2Fmedia&parent=11409"}],"wp:term":[{"taxonomy":"product_cat","embeddable":true,"href":"http:\/\/delikatesy.wineport.pl\/index.php?rest_route=%2Fwp%2Fv2%2Fproduct_cat&post=11409"},{"taxonomy":"product_tag","embeddable":true,"href":"http:\/\/delikatesy.wineport.pl\/index.php?rest_route=%2Fwp%2Fv2%2Fproduct_tag&post=11409"}],"curies":[{"name":"wp","href":"https:\/\/api.w.org\/{rel}","templated":true}]}}