{"id":11443,"date":"2024-03-14T13:30:25","date_gmt":"2024-03-14T12:30:25","guid":{"rendered":"http:\/\/delikatesy.wineport.pl\/?product=wino-gaio-gaio-rosso-vignali-roccamora-igt-075l"},"modified":"2026-05-10T18:20:03","modified_gmt":"2026-05-10T16:20:03","slug":"wino-gaio-gaio-rosso-vignali-roccamora-igt-075l","status":"publish","type":"product","link":"http:\/\/delikatesy.wineport.pl\/?product=wino-gaio-gaio-rosso-vignali-roccamora-igt-075l","title":{"rendered":"WINO GAIO Gaio Rosso Vignali Roccamora IGT 0,75L"},"content":{"rendered":"<p><span class=\"Apple-style-span\" style=\"color: #696969; font-family: Tahoma, Verdana, Helvetica, sans-serif; font-size: 11px; line-height: 15px;\"><span style=\"color: #ff0000;\">UWAGA!!! NIE WYSY\u0141AMY ALKOHOLU KURIEREM W PRZYPADKU ZAM\u00d3WIE\u0143 OD OS\u00d3B PRYWATNYCH, TYLKO ODBI\u00d3R OSOBISTY NA UL. \u015aW. STANIS\u0141AWA 12 W WARSZAWIE!!! W przypadku op\u0142acenia zam\u00f3wienia alkoholu z wysy\u0142k\u0105, przy zwrocie pieni\u0119dzy zostanie potr\u0105cona prowizja\u00a0<\/span><strong style=\"color: #ff0000;\">DOTPAY<\/strong><span style=\"color: #ff0000;\">!<\/span><\/span><\/p>\n<p><span class=\"Apple-style-span\" style=\"color: #696969; font-family: Tahoma, Verdana, Helvetica, sans-serif; font-size: 11px; line-height: 15px;\">G\u0142\u0119boka, rubinowa czerwie\u0144 sukni. Aromat owocowy, nuty wi\u015bni,\u015bliwek i morwy. Usta swie\u017ce, z delikatn\u0105 goryczk\u0105, trwa\u0142e, nie\u017cle zbalansowane. Rewelacyjna relacja jakosci do ceny!<\/span><\/p>\n","protected":false},"excerpt":{"rendered":"<p>G\u0142\u0119boka, rubinowa czerwie\u0144 sukni. Aromat owocowy, nuty wi\u015bni,\u015bliwek i morwy. Usta swie\u017ce, z delikatn\u0105 goryczk\u0105, trwa\u0142e, nie\u017cle zbalansowane. Rewelacyjna relacja jakosci do ceny!<\/p>\n","protected":false},"featured_media":11442,"comment_status":"open","ping_status":"closed","template":"","meta":[],"product_cat":[80,95,120],"product_tag":[],"class_list":{"0":"post-11443","1":"product","2":"type-product","3":"status-publish","4":"has-post-thumbnail","6":"product_cat-wina-swiata","7":"product_cat-wlochy","8":"product_cat-wlochy-sicilia","10":"first","11":"instock","12":"shipping-taxable","13":"purchasable","14":"product-type-simple"},"_links":{"self":[{"href":"http:\/\/delikatesy.wineport.pl\/index.php?rest_route=\/wp\/v2\/product\/11443","targetHints":{"allow":["GET"]}}],"collection":[{"href":"http:\/\/delikatesy.wineport.pl\/index.php?rest_route=\/wp\/v2\/product"}],"about":[{"href":"http:\/\/delikatesy.wineport.pl\/index.php?rest_route=\/wp\/v2\/types\/product"}],"replies":[{"embeddable":true,"href":"http:\/\/delikatesy.wineport.pl\/index.php?rest_route=%2Fwp%2Fv2%2Fcomments&post=11443"}],"wp:featuredmedia":[{"embeddable":true,"href":"http:\/\/delikatesy.wineport.pl\/index.php?rest_route=\/wp\/v2\/media\/11442"}],"wp:attachment":[{"href":"http:\/\/delikatesy.wineport.pl\/index.php?rest_route=%2Fwp%2Fv2%2Fmedia&parent=11443"}],"wp:term":[{"taxonomy":"product_cat","embeddable":true,"href":"http:\/\/delikatesy.wineport.pl\/index.php?rest_route=%2Fwp%2Fv2%2Fproduct_cat&post=11443"},{"taxonomy":"product_tag","embeddable":true,"href":"http:\/\/delikatesy.wineport.pl\/index.php?rest_route=%2Fwp%2Fv2%2Fproduct_tag&post=11443"}],"curies":[{"name":"wp","href":"https:\/\/api.w.org\/{rel}","templated":true}]}}