{"id":11499,"date":"2024-03-14T13:30:39","date_gmt":"2024-03-14T12:30:39","guid":{"rendered":"http:\/\/delikatesy.wineport.pl\/?product=wino-pomerol-jean-pierre-moueix-pomerol-a-c-075l"},"modified":"2026-05-10T18:21:14","modified_gmt":"2026-05-10T16:21:14","slug":"wino-pomerol-jean-pierre-moueix-pomerol-a-c-075l","status":"publish","type":"product","link":"http:\/\/delikatesy.wineport.pl\/?product=wino-pomerol-jean-pierre-moueix-pomerol-a-c-075l","title":{"rendered":"WINO POMEROL JEAN PIERRE MOUEIX, POMEROL A.C 0,75L"},"content":{"rendered":"<ul style=\"font-family: Verdana; font-size: 11px;\">\n<li><span style=\"color: #ff0000;\">UWAGA!!! NIE WYSY\u0141AMY ALKOHOLU KURIEREM W PRZYPADKU ZAM\u00d3WIE\u0143 OD OS\u00d3B PRYWATNYCH, TYLKO ODBI\u00d3R OSOBISTY NA UL. \u015aW. STANIS\u0141AWA 12 W WARSZAWIE!!! W przypadku op\u0142acenia zam\u00f3wienia alkoholu z wysy\u0142k\u0105, przy zwrocie pieni\u0119dzy zostanie potr\u0105cona prowizja\u00a0<\/span><strong style=\"color: #ff0000;\">DOTPAY<\/strong><span style=\"color: #ff0000;\">!<\/span><\/li>\n<li>Francuskie wina wytrawne czerwone,\u00a0wino jest unikatem, poniewa\u017c jest mieszank\u0105 wspania\u0142ych win z Pomerol oraz produkcji kilku \u00a0wybranych winnic, kt\u00f3re nie maj\u0105 w\u0142asnej etykiety\u00a0jest winem pe\u0142nym owoc\u00f3w, bardzo przyjemnym\u00a0w ustach mocny, charakterystyczny bukiet ziemi, co pokazuje kwintesencj\u0119 ziemi Pomerol.\u00a0<\/li>\n<\/ul>\n<div style=\"font-family: Verdana; font-size: 11px;\">\u00a0<\/div>\n<div style=\"font-family: Verdana; font-size: 11px;\">\u00a0<\/div>\n<div>\u00a0<\/div>\n","protected":false},"excerpt":{"rendered":"<p>Francuskie wina wytrawne czerwone, wino jest unikatem, poniewa\u017c jest mieszank\u0105 wspania\u0142ych win z Pomerol oraz produkcji kilku wybranych winnic, kt\u00f3re nie maj\u0105 w\u0142asnej etykiety jest winem pe\u0142nym owoc\u00f3w, bardzo przyjemnym w ustach mocny, charakterystyc&#8230;<\/p>\n","protected":false},"featured_media":11498,"comment_status":"open","ping_status":"closed","template":"","meta":[],"product_cat":[83,85,80],"product_tag":[],"class_list":{"0":"post-11499","1":"product","2":"type-product","3":"status-publish","4":"has-post-thumbnail","6":"product_cat-francja","7":"product_cat-francja-bordeaux","8":"product_cat-wina-swiata","10":"first","11":"instock","12":"shipping-taxable","13":"purchasable","14":"product-type-simple"},"_links":{"self":[{"href":"http:\/\/delikatesy.wineport.pl\/index.php?rest_route=\/wp\/v2\/product\/11499","targetHints":{"allow":["GET"]}}],"collection":[{"href":"http:\/\/delikatesy.wineport.pl\/index.php?rest_route=\/wp\/v2\/product"}],"about":[{"href":"http:\/\/delikatesy.wineport.pl\/index.php?rest_route=\/wp\/v2\/types\/product"}],"replies":[{"embeddable":true,"href":"http:\/\/delikatesy.wineport.pl\/index.php?rest_route=%2Fwp%2Fv2%2Fcomments&post=11499"}],"wp:featuredmedia":[{"embeddable":true,"href":"http:\/\/delikatesy.wineport.pl\/index.php?rest_route=\/wp\/v2\/media\/11498"}],"wp:attachment":[{"href":"http:\/\/delikatesy.wineport.pl\/index.php?rest_route=%2Fwp%2Fv2%2Fmedia&parent=11499"}],"wp:term":[{"taxonomy":"product_cat","embeddable":true,"href":"http:\/\/delikatesy.wineport.pl\/index.php?rest_route=%2Fwp%2Fv2%2Fproduct_cat&post=11499"},{"taxonomy":"product_tag","embeddable":true,"href":"http:\/\/delikatesy.wineport.pl\/index.php?rest_route=%2Fwp%2Fv2%2Fproduct_tag&post=11499"}],"curies":[{"name":"wp","href":"https:\/\/api.w.org\/{rel}","templated":true}]}}