{"id":11507,"date":"2024-03-14T13:30:41","date_gmt":"2024-03-14T12:30:41","guid":{"rendered":"http:\/\/delikatesy.wineport.pl\/?product=wino-chateau-de-sales-pomerol-a-c-075l"},"modified":"2026-05-10T18:21:16","modified_gmt":"2026-05-10T16:21:16","slug":"wino-chateau-de-sales-pomerol-a-c-075l","status":"publish","type":"product","link":"http:\/\/delikatesy.wineport.pl\/?product=wino-chateau-de-sales-pomerol-a-c-075l","title":{"rendered":"WINO CHATEAU DE SALES, POMEROL A.C. 0,75L"},"content":{"rendered":"<p><span class=\"Apple-style-span\" style=\"color: #3a3a3a; font-family: Tahoma, Verdana, Arial, sans-serif; font-size: 11px; -webkit-border-horizontal-spacing: 5px; -webkit-border-vertical-spacing: 5px;\"><span style=\"color: #ff0000;\">UWAGA!!! NIE WYSY\u0141AMY ALKOHOLU KURIEREM W PRZYPADKU ZAM\u00d3WIE\u0143 OD OS\u00d3B PRYWATNYCH, TYLKO ODBI\u00d3R OSOBISTY NA UL. \u015aW. STANIS\u0141AWA 12 W WARSZAWIE!!! W przypadku op\u0142acenia zam\u00f3wienia alkoholu z wysy\u0142k\u0105, przy zwrocie pieni\u0119dzy zostanie potr\u0105cona prowizja\u00a0<\/span><strong style=\"color: #ff0000;\">DOTPAY<\/strong><span style=\"color: #ff0000;\">!<\/span><\/span><\/p>\n<p><span class=\"Apple-style-span\" style=\"color: #3a3a3a; font-family: Tahoma, Verdana, Arial, sans-serif; font-size: 11px; -webkit-border-horizontal-spacing: 5px; -webkit-border-vertical-spacing: 5px;\">Jest winem z najwi\u0119kszej winnicy z Pomerol, osi\u0105ga pe\u0142en potencja\u0142 na \u017cwirowo &#8211; piaszczystych ciep\u0142ych ziemiach. Winogrona zbiera si\u0119 w optymalnym stadium dojrza\u0142o\u015bci w ci\u0105gu 7 dni pracy. Najlepsze do spo\u017cycia w ci\u0105gu 7 &#8211; 15 lat.<\/span><\/p>\n","protected":false},"excerpt":{"rendered":"<p>Jest winem z najwi\u0119kszej winnicy z Pomerol, osi\u0105ga pe\u0142en potencja\u0142 na \u017cwirowo &#8211; piaszczystych ciep\u0142ych ziemiach. Winogrona zbiera si\u0119 w optymalnym stadium dojrza\u0142o\u015bci w ci\u0105gu 7 dni pracy. Najlepsze do spo\u017cycia w ci\u0105gu 7 &#8211; 15 lat.<\/p>\n","protected":false},"featured_media":11506,"comment_status":"open","ping_status":"closed","template":"","meta":[],"product_cat":[83,85,80],"product_tag":[],"class_list":{"0":"post-11507","1":"product","2":"type-product","3":"status-publish","4":"has-post-thumbnail","6":"product_cat-francja","7":"product_cat-francja-bordeaux","8":"product_cat-wina-swiata","10":"first","11":"instock","12":"shipping-taxable","13":"purchasable","14":"product-type-simple"},"_links":{"self":[{"href":"http:\/\/delikatesy.wineport.pl\/index.php?rest_route=\/wp\/v2\/product\/11507","targetHints":{"allow":["GET"]}}],"collection":[{"href":"http:\/\/delikatesy.wineport.pl\/index.php?rest_route=\/wp\/v2\/product"}],"about":[{"href":"http:\/\/delikatesy.wineport.pl\/index.php?rest_route=\/wp\/v2\/types\/product"}],"replies":[{"embeddable":true,"href":"http:\/\/delikatesy.wineport.pl\/index.php?rest_route=%2Fwp%2Fv2%2Fcomments&post=11507"}],"wp:featuredmedia":[{"embeddable":true,"href":"http:\/\/delikatesy.wineport.pl\/index.php?rest_route=\/wp\/v2\/media\/11506"}],"wp:attachment":[{"href":"http:\/\/delikatesy.wineport.pl\/index.php?rest_route=%2Fwp%2Fv2%2Fmedia&parent=11507"}],"wp:term":[{"taxonomy":"product_cat","embeddable":true,"href":"http:\/\/delikatesy.wineport.pl\/index.php?rest_route=%2Fwp%2Fv2%2Fproduct_cat&post=11507"},{"taxonomy":"product_tag","embeddable":true,"href":"http:\/\/delikatesy.wineport.pl\/index.php?rest_route=%2Fwp%2Fv2%2Fproduct_tag&post=11507"}],"curies":[{"name":"wp","href":"https:\/\/api.w.org\/{rel}","templated":true}]}}