{"id":11509,"date":"2024-03-14T13:30:41","date_gmt":"2024-03-14T12:30:41","guid":{"rendered":"http:\/\/delikatesy.wineport.pl\/?product=chateau-lafleur-gazin-pomerol-a-c-2004"},"modified":"2026-05-17T20:32:03","modified_gmt":"2026-05-17T18:32:03","slug":"chateau-lafleur-gazin-pomerol-a-c-2004","status":"publish","type":"product","link":"http:\/\/delikatesy.wineport.pl\/?product=chateau-lafleur-gazin-pomerol-a-c-2004","title":{"rendered":"CHATEAU LAFLEUR-GAZIN, POMEROL A.C. 2004"},"content":{"rendered":"<p><span class=\"Apple-style-span\" style=\"color: #222222; font-family: arial, helvetica, clean, sans-serif; font-size: 11px; line-height: 15px;\"><span style=\"color: #ff0000;\">UWAGA!!! NIE WYSY\u0141AMY ALKOHOLU KURIEREM W PRZYPADKU ZAM\u00d3WIE\u0143 OD OS\u00d3B PRYWATNYCH, TYLKO ODBI\u00d3R OSOBISTY NA UL. \u015aW. STANIS\u0141AWA 12 W WARSZAWIE!!! W przypadku op\u0142acenia zam\u00f3wienia alkoholu z wysy\u0142k\u0105, przy zwrocie pieni\u0119dzy zostanie potr\u0105cona prowizja\u00a0<\/span><strong style=\"color: #ff0000;\">DOTPAY<\/strong><span style=\"color: #ff0000;\">!<\/span><\/span><\/p>\n<p><span class=\"Apple-style-span\" style=\"color: #222222; font-family: arial, helvetica, clean, sans-serif; font-size: 11px; line-height: 15px;\">rouge 75cl Winnica jest usytuowana mi\u0119dzy Chateau Lafleur a Gazin. Wino jest produkowane metod\u0105 tradycyjn\u0105 ze starych trzydziestoletnich krzew\u00f3w. Ma g\u0142\u0119boki czerwony kolor i o\u017cywiony zapach. Jest winem kt\u00f3re powinno le\u017cakowa\u0107 kilka lat dla uzyskania pe\u0142nej satysfakcji smaku<\/span><\/p>\n","protected":false},"excerpt":{"rendered":"<p>rouge 75cl Winnica jest usytuowana mi\u0119dzy Chateau Lafleur a Gazin. Wino jest produkowane metod\u0105 tradycyjn\u0105 ze starych trzydziestoletnich krzew\u00f3w. Ma g\u0142\u0119boki czerwony kolor i o\u017cywiony zapach. Jest winem kt\u00f3re powinno le\u017cakowa\u0107 kilka lat dla uzyskania &#8230;<\/p>\n","protected":false},"featured_media":11508,"comment_status":"open","ping_status":"closed","template":"","meta":[],"product_cat":[83,85,80],"product_tag":[],"class_list":{"0":"post-11509","1":"product","2":"type-product","3":"status-publish","4":"has-post-thumbnail","6":"product_cat-francja","7":"product_cat-francja-bordeaux","8":"product_cat-wina-swiata","10":"first","11":"instock","12":"shipping-taxable","13":"purchasable","14":"product-type-simple"},"_links":{"self":[{"href":"http:\/\/delikatesy.wineport.pl\/index.php?rest_route=\/wp\/v2\/product\/11509","targetHints":{"allow":["GET"]}}],"collection":[{"href":"http:\/\/delikatesy.wineport.pl\/index.php?rest_route=\/wp\/v2\/product"}],"about":[{"href":"http:\/\/delikatesy.wineport.pl\/index.php?rest_route=\/wp\/v2\/types\/product"}],"replies":[{"embeddable":true,"href":"http:\/\/delikatesy.wineport.pl\/index.php?rest_route=%2Fwp%2Fv2%2Fcomments&post=11509"}],"wp:featuredmedia":[{"embeddable":true,"href":"http:\/\/delikatesy.wineport.pl\/index.php?rest_route=\/wp\/v2\/media\/11508"}],"wp:attachment":[{"href":"http:\/\/delikatesy.wineport.pl\/index.php?rest_route=%2Fwp%2Fv2%2Fmedia&parent=11509"}],"wp:term":[{"taxonomy":"product_cat","embeddable":true,"href":"http:\/\/delikatesy.wineport.pl\/index.php?rest_route=%2Fwp%2Fv2%2Fproduct_cat&post=11509"},{"taxonomy":"product_tag","embeddable":true,"href":"http:\/\/delikatesy.wineport.pl\/index.php?rest_route=%2Fwp%2Fv2%2Fproduct_tag&post=11509"}],"curies":[{"name":"wp","href":"https:\/\/api.w.org\/{rel}","templated":true}]}}