{"id":11538,"date":"2024-03-14T13:30:49","date_gmt":"2024-03-14T12:30:49","guid":{"rendered":"http:\/\/delikatesy.wineport.pl\/?product=porto-ramos-pinto-ruby"},"modified":"2026-05-10T18:22:29","modified_gmt":"2026-05-10T16:22:29","slug":"porto-ramos-pinto-ruby","status":"publish","type":"product","link":"http:\/\/delikatesy.wineport.pl\/?product=porto-ramos-pinto-ruby","title":{"rendered":"PORTO Ramos Pinto Ruby"},"content":{"rendered":"<p><span class=\"Apple-style-span\" style=\"font-family: Arial, Helvetica, sans-serif; font-size: 11px;\"><span style=\"color: #ff0000;\">UWAGA!!! NIE WYSY\u0141AMY ALKOHOLU KURIEREM W PRZYPADKU ZAM\u00d3WIE\u0143 OD OS\u00d3B PRYWATNYCH, TYLKO ODBI\u00d3R OSOBISTY NA UL. \u015aW. STANIS\u0141AWA 12 W WARSZAWIE!!! W przypadku op\u0142acenia zam\u00f3wienia alkoholu z wysy\u0142k\u0105, przy zwrocie pieni\u0119dzy zostanie potr\u0105cona prowizja\u00a0<\/span><strong style=\"color: #ff0000;\">DOTPAY<\/strong><span style=\"color: #ff0000;\">!<\/span><\/span><\/p>\n<p><span class=\"Apple-style-span\" style=\"font-family: Arial, Helvetica, sans-serif; font-size: 11px;\"> <span class=\"wyrozn\" style=\"font-weight: bold;\">Ramos Pinto Porto Ruby<\/span><\/span> <span class=\"Apple-style-span\" style=\"font-family: Arial, Helvetica, sans-serif; font-size: 11px;\"><br \/> <\/span> <span class=\"Apple-style-span\" style=\"font-family: Arial, Helvetica, sans-serif; font-size: 11px;\">Pochodzenie:<\/span> <span class=\"Apple-style-span\" style=\"font-family: Arial, Helvetica, sans-serif; font-size: 11px;\">\u00a0<\/span> <span class=\"Apple-style-span\" style=\"font-family: Arial, Helvetica, sans-serif; font-size: 11px;\"> <span class=\"pochodz\">Douro, Portugalia<\/span><\/span> <span class=\"Apple-style-span\" style=\"font-family: Arial, Helvetica, sans-serif; font-size: 11px;\"><br \/> <\/span> <span class=\"Apple-style-span\" style=\"font-family: Arial, Helvetica, sans-serif; font-size: 11px;\"><br \/> <\/span> <span class=\"Apple-style-span\" style=\"font-family: Arial, Helvetica, sans-serif; font-size: 11px;\"><br \/> <\/span> <span class=\"Apple-style-span\" style=\"font-family: Arial, Helvetica, sans-serif; font-size: 11px;\">Barwa wina:<\/span> <span class=\"Apple-style-span\" style=\"font-family: Arial, Helvetica, sans-serif; font-size: 11px;\">\u00a0<\/span> <span class=\"Apple-style-span\" style=\"font-family: Arial, Helvetica, sans-serif; font-size: 11px;\"> <span class=\"pochodz\">czerwone<\/span><\/span> <span class=\"Apple-style-span\" style=\"font-family: Arial, Helvetica, sans-serif; font-size: 11px;\">\u00a0<\/span> <span class=\"Apple-style-span\" style=\"font-family: Arial, Helvetica, sans-serif; font-size: 11px;\"><br \/> <\/span> <span class=\"Apple-style-span\" style=\"font-family: Arial, Helvetica, sans-serif; font-size: 11px;\">Natura wina: S\u0142odkie<\/span> <span class=\"Apple-style-span\" style=\"font-family: Arial, Helvetica, sans-serif; font-size: 11px;\">\u00a0<\/span> <span class=\"Apple-style-span\" style=\"font-family: Arial, Helvetica, sans-serif; font-size: 11px;\"><br \/> <\/span> <span class=\"Apple-style-span\" style=\"font-family: Arial, Helvetica, sans-serif; font-size: 11px;\"><br \/> <\/span> <span class=\"Apple-style-span\" style=\"font-family: Arial, Helvetica, sans-serif; font-size: 11px;\">Porto z regionu Douro otrzymane ze szczep\u00f3w Touriga Francesa i Tinta Barroca. Bardzo intensywne, \u017cywe z wyra\u017anymi aromatami czerwonych owoc\u00f3w (wi\u015bnia, je\u017cyna, malina) i delikatn\u0105 nut\u0105 cynamonu. Podawa\u0107 w temperaturze pokojowej.<\/span> <span class=\"Apple-style-span\" style=\"font-family: Arial, Helvetica, sans-serif; font-size: 11px;\">\u00a0Porto dla wymagaj\u0105cych w najlepszym wydaniu.<\/span><\/p>\n","protected":false},"excerpt":{"rendered":"<p>Ramos Pinto Porto Ruby Pochodzenie: Douro, Portugalia Barwa wina: czerwone Natura wina: S\u0142odkie Porto z regionu Douro otrzymane ze szczep\u00f3w Touriga Francesa i Tinta Barroca. Bardzo intensywne, \u017cywe z wyra\u017anymi aromatami czerwonych owoc\u00f3w (wi\u015bnia, je\u017c&#8230;<\/p>\n","protected":false},"featured_media":11537,"comment_status":"open","ping_status":"closed","template":"","meta":[],"product_cat":[94,80],"product_tag":[],"class_list":{"0":"post-11538","1":"product","2":"type-product","3":"status-publish","4":"has-post-thumbnail","6":"product_cat-portugalia","7":"product_cat-wina-swiata","9":"first","10":"instock","11":"shipping-taxable","12":"purchasable","13":"product-type-simple"},"_links":{"self":[{"href":"http:\/\/delikatesy.wineport.pl\/index.php?rest_route=\/wp\/v2\/product\/11538","targetHints":{"allow":["GET"]}}],"collection":[{"href":"http:\/\/delikatesy.wineport.pl\/index.php?rest_route=\/wp\/v2\/product"}],"about":[{"href":"http:\/\/delikatesy.wineport.pl\/index.php?rest_route=\/wp\/v2\/types\/product"}],"replies":[{"embeddable":true,"href":"http:\/\/delikatesy.wineport.pl\/index.php?rest_route=%2Fwp%2Fv2%2Fcomments&post=11538"}],"wp:featuredmedia":[{"embeddable":true,"href":"http:\/\/delikatesy.wineport.pl\/index.php?rest_route=\/wp\/v2\/media\/11537"}],"wp:attachment":[{"href":"http:\/\/delikatesy.wineport.pl\/index.php?rest_route=%2Fwp%2Fv2%2Fmedia&parent=11538"}],"wp:term":[{"taxonomy":"product_cat","embeddable":true,"href":"http:\/\/delikatesy.wineport.pl\/index.php?rest_route=%2Fwp%2Fv2%2Fproduct_cat&post=11538"},{"taxonomy":"product_tag","embeddable":true,"href":"http:\/\/delikatesy.wineport.pl\/index.php?rest_route=%2Fwp%2Fv2%2Fproduct_tag&post=11538"}],"curies":[{"name":"wp","href":"https:\/\/api.w.org\/{rel}","templated":true}]}}