{"id":11540,"date":"2024-03-14T13:30:50","date_gmt":"2024-03-14T12:30:50","guid":{"rendered":"http:\/\/delikatesy.wineport.pl\/?product=porto-ramos-pinto-lbv-oryginalny-kartonik"},"modified":"2026-05-17T20:32:07","modified_gmt":"2026-05-17T18:32:07","slug":"porto-ramos-pinto-lbv-oryginalny-kartonik","status":"publish","type":"product","link":"http:\/\/delikatesy.wineport.pl\/?product=porto-ramos-pinto-lbv-oryginalny-kartonik","title":{"rendered":"PORTO RAMOS PINTO LBV (ORYGINALNY KARTONIK)"},"content":{"rendered":"<p><span class=\"Apple-style-span\" style=\"color: #3a3a3a; font-family: Tahoma, Verdana, Arial, sans-serif; font-size: 11px; -webkit-border-horizontal-spacing: 5px; -webkit-border-vertical-spacing: 5px;\"><span style=\"color: #ff0000;\">UWAGA!!! NIE WYSY\u0141AMY ALKOHOLU KURIEREM W PRZYPADKU ZAM\u00d3WIE\u0143 OD OS\u00d3B PRYWATNYCH, TYLKO ODBI\u00d3R OSOBISTY NA UL. \u015aW. STANIS\u0141AWA 12 W WARSZAWIE!!! W przypadku op\u0142acenia zam\u00f3wienia alkoholu z wysy\u0142k\u0105, przy zwrocie pieni\u0119dzy zostanie potr\u0105cona prowizja\u00a0<\/span><strong style=\"color: #ff0000;\">DOTPAY<\/strong><span style=\"color: #ff0000;\">!<\/span><br \/> <\/span> <span class=\"Apple-style-span\" style=\"color: #3a3a3a; font-family: Tahoma, Verdana, Arial, sans-serif; font-size: 11px; -webkit-border-horizontal-spacing: 5px; -webkit-border-vertical-spacing: 5px;\">Intensywne i eleganckie rocznikowe porto, przyjemna struktura z aromatami dojrza\u0142ych owoc\u00f3w, czekolady i pieprzu. Wino nie jest filtrowane przez co mo\u017ce wytr\u0105ci\u0107 si\u0119 osad. Otworzy\u0107 i zdekantowa\u0107 godzin\u0119 przed podaniem.<\/span><\/p>\n","protected":false},"excerpt":{"rendered":"<p>Intensywne i eleganckie rocznikowe porto, przyjemna struktura z aromatami dojrza\u0142ych owoc\u00f3w, czekolady i pieprzu. Wino nie jest filtrowane przez co mo\u017ce wytr\u0105ci\u0107 si\u0119 osad. Otworzy\u0107 i zdekantowa\u0107 godzin\u0119 przed podaniem.<\/p>\n","protected":false},"featured_media":11539,"comment_status":"open","ping_status":"closed","template":"","meta":[],"product_cat":[94,80],"product_tag":[],"class_list":{"0":"post-11540","1":"product","2":"type-product","3":"status-publish","4":"has-post-thumbnail","6":"product_cat-portugalia","7":"product_cat-wina-swiata","9":"first","10":"instock","11":"shipping-taxable","12":"purchasable","13":"product-type-simple"},"_links":{"self":[{"href":"http:\/\/delikatesy.wineport.pl\/index.php?rest_route=\/wp\/v2\/product\/11540","targetHints":{"allow":["GET"]}}],"collection":[{"href":"http:\/\/delikatesy.wineport.pl\/index.php?rest_route=\/wp\/v2\/product"}],"about":[{"href":"http:\/\/delikatesy.wineport.pl\/index.php?rest_route=\/wp\/v2\/types\/product"}],"replies":[{"embeddable":true,"href":"http:\/\/delikatesy.wineport.pl\/index.php?rest_route=%2Fwp%2Fv2%2Fcomments&post=11540"}],"wp:featuredmedia":[{"embeddable":true,"href":"http:\/\/delikatesy.wineport.pl\/index.php?rest_route=\/wp\/v2\/media\/11539"}],"wp:attachment":[{"href":"http:\/\/delikatesy.wineport.pl\/index.php?rest_route=%2Fwp%2Fv2%2Fmedia&parent=11540"}],"wp:term":[{"taxonomy":"product_cat","embeddable":true,"href":"http:\/\/delikatesy.wineport.pl\/index.php?rest_route=%2Fwp%2Fv2%2Fproduct_cat&post=11540"},{"taxonomy":"product_tag","embeddable":true,"href":"http:\/\/delikatesy.wineport.pl\/index.php?rest_route=%2Fwp%2Fv2%2Fproduct_tag&post=11540"}],"curies":[{"name":"wp","href":"https:\/\/api.w.org\/{rel}","templated":true}]}}