{"id":11742,"date":"2024-03-14T13:31:44","date_gmt":"2024-03-14T12:31:44","guid":{"rendered":"http:\/\/delikatesy.wineport.pl\/?product=gruner-veltliner-lossterrassen-weingut-stadt-krems-biale-wytrawnene-075l"},"modified":"2026-05-10T18:25:22","modified_gmt":"2026-05-10T16:25:22","slug":"gruner-veltliner-lossterrassen-weingut-stadt-krems-biale-wytrawnene-075l","status":"publish","type":"product","link":"http:\/\/delikatesy.wineport.pl\/?product=gruner-veltliner-lossterrassen-weingut-stadt-krems-biale-wytrawnene-075l","title":{"rendered":"GRUNER VELTLINER, LOSSTERRASSEN, WEINGUT STADT KREMS bia\u0142e wytrawnene 0,75L"},"content":{"rendered":"<p class=\"MsoNormal\"><span style=\"color: #ff0000;\">UWAGA!!! NIE WYSY\u0141AMY ALKOHOLU KURIEREM W PRZYPADKU ZAM\u00d3WIE\u0143 OD OS\u00d3B PRYWATNYCH, TYLKO ODBI\u00d3R OSOBISTY NA UL. \u015aW. STANIS\u0141AWA 12 W WARSZAWIE!!! W przypadku op\u0142acenia zam\u00f3wienia alkoholu z wysy\u0142k\u0105, przy zwrocie pieni\u0119dzy zostanie potr\u0105cona prowizja <strong>DOTPAY<\/strong>!<\/span><\/p>\n<p class=\"MsoNormal\">Weingut Stadt Krems to cos bardzo specjalnego.<\/p>\n<p class=\"MsoNormal\">To posiad\u0142osc w miescie, liczacym 25 000 mieszkanc\u00f3w, kt\u00f3re<\/p>\n<p class=\"MsoNormal\">moze pochwalic sie historia d\u0142uzsza niz 1000 lat. Sama winnica<\/p>\n<p class=\"MsoNormal\">liczy ponad 550 lat i jest jedna z najstarszych w Austrii, a nawet<\/p>\n<p class=\"MsoNormal\">i w Europie. Winnice w 1452 roku za\u0142ozy\u0142 burgrabia Ulrich<\/p>\n<p class=\"MsoNormal\">von Dachsberg. Obecnie winnica po\u0142ozona na najlepszych<\/p>\n<p class=\"MsoNormal\">wzg\u00f3rzach miasta Krems liczy 30 hektar\u00f3w. Kieruje nia Fritz<\/p>\n<p class=\"MsoNormal\">Miesbauer, czarujacy i entuzjastyczny winemaker (choc<\/p>\n<p class=\"MsoNormal\">w istocie winnica nalezy do miasta Krems). Kr\u00f3luje tu<\/p>\n<p class=\"MsoNormal\">ziemia lessowa, pamietajaca czasy epoki lodowcowej, kt\u00f3ra<\/p>\n<p class=\"MsoNormal\">daje znakomite warunki dla uprawy<\/p>\n<p class=\"MsoNormal\">odmiany Veltliner.<\/p>\n<p class=\"MsoNormal\">\u00a0Bardzo swieze, owocowe wino bogate w aromaty ananasa i grejpfruta. Pe\u0142ne cia\u0142a,<\/p>\n<p class=\"MsoNormal\">\u00a0<\/p>\n<p class=\"MsoNormal\">o przyjemnej kwasowosci, z d\u0142ugim zakonczeniem. Nadaje sie do picia od razu<\/p>\n<p class=\"MsoNormal\">lub do przechowywania przez kolejne 2-3 lata. Idealny towarzysz do tradycyjnych<\/p>\n<p class=\"MsoNormal\">austriackich potraw. Znakomity do wieprzowiny, kurczaka oraz kuchni w\u0142oskiej<\/p>\n<p class=\"MsoNormal\">i azjatyckiej. Szczep: 100% Gr\u00fcner Veltliner.<\/p>\n","protected":false},"excerpt":{"rendered":"<p>Weingut Stadt Krems to cos bardzo specjalnego. To posiad\u0142osc w miescie, liczacym 25 000 mieszkanc\u00f3w, kt\u00f3re moze pochwalic sie historia d\u0142uzsza niz 1000 lat. Sama winnica liczy ponad 550 lat i jest jedna z najstarszych w Austrii, a nawet i w Europie. &#8230;<\/p>\n","protected":false},"featured_media":11741,"comment_status":"open","ping_status":"closed","template":"","meta":[],"product_cat":[169,80],"product_tag":[],"class_list":{"0":"post-11742","1":"product","2":"type-product","3":"status-publish","4":"has-post-thumbnail","6":"product_cat-austria","7":"product_cat-wina-swiata","9":"first","10":"instock","11":"shipping-taxable","12":"purchasable","13":"product-type-simple"},"_links":{"self":[{"href":"http:\/\/delikatesy.wineport.pl\/index.php?rest_route=\/wp\/v2\/product\/11742","targetHints":{"allow":["GET"]}}],"collection":[{"href":"http:\/\/delikatesy.wineport.pl\/index.php?rest_route=\/wp\/v2\/product"}],"about":[{"href":"http:\/\/delikatesy.wineport.pl\/index.php?rest_route=\/wp\/v2\/types\/product"}],"replies":[{"embeddable":true,"href":"http:\/\/delikatesy.wineport.pl\/index.php?rest_route=%2Fwp%2Fv2%2Fcomments&post=11742"}],"wp:featuredmedia":[{"embeddable":true,"href":"http:\/\/delikatesy.wineport.pl\/index.php?rest_route=\/wp\/v2\/media\/11741"}],"wp:attachment":[{"href":"http:\/\/delikatesy.wineport.pl\/index.php?rest_route=%2Fwp%2Fv2%2Fmedia&parent=11742"}],"wp:term":[{"taxonomy":"product_cat","embeddable":true,"href":"http:\/\/delikatesy.wineport.pl\/index.php?rest_route=%2Fwp%2Fv2%2Fproduct_cat&post=11742"},{"taxonomy":"product_tag","embeddable":true,"href":"http:\/\/delikatesy.wineport.pl\/index.php?rest_route=%2Fwp%2Fv2%2Fproduct_tag&post=11742"}],"curies":[{"name":"wp","href":"https:\/\/api.w.org\/{rel}","templated":true}]}}