{"id":11746,"date":"2024-03-14T13:31:45","date_gmt":"2024-03-14T12:31:45","guid":{"rendered":"http:\/\/delikatesy.wineport.pl\/?product=riesling-steinterrassen-kremstal-dacweingut-stadt-krems-biale-wytrawne"},"modified":"2026-05-10T18:25:23","modified_gmt":"2026-05-10T16:25:23","slug":"riesling-steinterrassen-kremstal-dacweingut-stadt-krems-biale-wytrawne","status":"publish","type":"product","link":"http:\/\/delikatesy.wineport.pl\/?product=riesling-steinterrassen-kremstal-dacweingut-stadt-krems-biale-wytrawne","title":{"rendered":"RIESLING, STEINTERRASSEN KREMSTAL DAC,WEINGUT STADT KREMS bia\u0142e wytrawne"},"content":{"rendered":"<p class=\"MsoNormal\"><span style=\"color: #ff0000;\">UWAGA!!! NIE WYSY\u0141AMY ALKOHOLU KURIEREM W PRZYPADKU ZAM\u00d3WIE\u0143 OD OS\u00d3B PRYWATNYCH, TYLKO ODBI\u00d3R OSOBISTY NA UL. \u015aW. STANIS\u0141AWA 12 W WARSZAWIE!!! W przypadku op\u0142acenia zam\u00f3wienia alkoholu z wysy\u0142k\u0105, przy zwrocie pieni\u0119dzy zostanie potr\u0105cona prowizja\u00a0<\/span><strong style=\"color: #ff0000;\">DOTPAY<\/strong><span style=\"color: #ff0000;\">!<\/span><\/p>\n<p class=\"MsoNormal\">Weingut Stadt Krems to cos bardzo specjalnego.<\/p>\n<p class=\"MsoNormal\">To posiad\u0142osc w miescie, liczacym 25 000 mieszkanc\u00f3w, kt\u00f3re<\/p>\n<p class=\"MsoNormal\">moze pochwalic sie historia d\u0142uzsza niz 1000 lat. Sama winnica<\/p>\n<p class=\"MsoNormal\">liczy ponad 550 lat i jest jedna z najstarszych w Austrii, a nawet<\/p>\n<p class=\"MsoNormal\">i w Europie. Winnice w 1452 roku za\u0142ozy\u0142 burgrabia Ulrich<\/p>\n<p class=\"MsoNormal\">von Dachsberg. Obecnie winnica po\u0142ozona na najlepszych<\/p>\n<p class=\"MsoNormal\">wzg\u00f3rzach miasta Krems liczy 30 hektar\u00f3w. Kieruje nia Fritz<\/p>\n<p class=\"MsoNormal\">Miesbauer, czarujacy i entuzjastyczny winemaker (choc<\/p>\n<p class=\"MsoNormal\">w istocie winnica nalezy do miasta Krems). Kr\u00f3luje tu<\/p>\n<p class=\"MsoNormal\">ziemia lessowa, pamietajaca czasy epoki lodowcowej, kt\u00f3ra<\/p>\n<p class=\"MsoNormal\">daje znakomite warunki dla uprawy<\/p>\n<p class=\"MsoNormal\">odmiany Veltliner.<\/p>\n<p class=\"MsoNormal\">\u00a0<\/p>\n<p class=\"MsoNormal\">Klasyczny, o dobrej strukturze Riesling z mineralnym posmakiem. Nos bogaty<\/p>\n<p class=\"MsoNormal\">w aromaty moreli i brzoskwini. Do picia w ciagu 3 lat lub do dalszego<\/p>\n<p class=\"MsoNormal\">przechowywania przez najblizsze 10 lat. Idealny do grillowanych przekasek,<\/p>\n<p class=\"MsoNormal\">smazonych ryb i pieczonych potraw.<\/p>\n<p class=\"MsoNormal\">Szczep: 100% Riesling.<\/p>\n","protected":false},"excerpt":{"rendered":"<p>Weingut Stadt Krems to cos bardzo specjalnego. To posiad\u0142osc w miescie, liczacym 25 000 mieszkanc\u00f3w, kt\u00f3re moze pochwalic sie historia d\u0142uzsza niz 1000 lat. Sama winnica liczy ponad 550 lat i jest jedna z najstarszych w Austrii, a nawet i w Europie. &#8230;<\/p>\n","protected":false},"featured_media":11745,"comment_status":"open","ping_status":"closed","template":"","meta":[],"product_cat":[169,80],"product_tag":[],"class_list":{"0":"post-11746","1":"product","2":"type-product","3":"status-publish","4":"has-post-thumbnail","6":"product_cat-austria","7":"product_cat-wina-swiata","9":"first","10":"instock","11":"shipping-taxable","12":"purchasable","13":"product-type-simple"},"_links":{"self":[{"href":"http:\/\/delikatesy.wineport.pl\/index.php?rest_route=\/wp\/v2\/product\/11746","targetHints":{"allow":["GET"]}}],"collection":[{"href":"http:\/\/delikatesy.wineport.pl\/index.php?rest_route=\/wp\/v2\/product"}],"about":[{"href":"http:\/\/delikatesy.wineport.pl\/index.php?rest_route=\/wp\/v2\/types\/product"}],"replies":[{"embeddable":true,"href":"http:\/\/delikatesy.wineport.pl\/index.php?rest_route=%2Fwp%2Fv2%2Fcomments&post=11746"}],"wp:featuredmedia":[{"embeddable":true,"href":"http:\/\/delikatesy.wineport.pl\/index.php?rest_route=\/wp\/v2\/media\/11745"}],"wp:attachment":[{"href":"http:\/\/delikatesy.wineport.pl\/index.php?rest_route=%2Fwp%2Fv2%2Fmedia&parent=11746"}],"wp:term":[{"taxonomy":"product_cat","embeddable":true,"href":"http:\/\/delikatesy.wineport.pl\/index.php?rest_route=%2Fwp%2Fv2%2Fproduct_cat&post=11746"},{"taxonomy":"product_tag","embeddable":true,"href":"http:\/\/delikatesy.wineport.pl\/index.php?rest_route=%2Fwp%2Fv2%2Fproduct_tag&post=11746"}],"curies":[{"name":"wp","href":"https:\/\/api.w.org\/{rel}","templated":true}]}}