{"id":11748,"date":"2024-03-14T13:31:47","date_gmt":"2024-03-14T12:31:47","guid":{"rendered":"http:\/\/delikatesy.wineport.pl\/?product=zweigeltweingut-stadt-krems-czerwone-wytrawne"},"modified":"2026-05-10T18:25:24","modified_gmt":"2026-05-10T16:25:24","slug":"zweigeltweingut-stadt-krems-czerwone-wytrawne","status":"publish","type":"product","link":"http:\/\/delikatesy.wineport.pl\/?product=zweigeltweingut-stadt-krems-czerwone-wytrawne","title":{"rendered":"ZWEIGELT,WEINGUT STADT KREMS czerwone wytrawne"},"content":{"rendered":"<p><span class=\"Apple-style-span\" style=\"color: #3a3a3a; font-family: Verdana, Arial, sans-serif; font-size: 12pt; border-spacing: 5px;\"><span style=\"color: #ff0000;\">UWAGA!!! NIE WYSY\u0141AMY ALKOHOLU KURIEREM W PRZYPADKU ZAM\u00d3WIE\u0143 OD OS\u00d3B PRYWATNYCH, TYLKO ODBI\u00d3R OSOBISTY NA UL. \u015aW. STANIS\u0141AWA 12 W WARSZAWIE!!! W przypadku op\u0142acenia zam\u00f3wienia alkoholu z wysy\u0142k\u0105, przy zwrocie pieni\u0119dzy zostanie potr\u0105cona prowizja\u00a0<\/span><strong style=\"color: #ff0000;\">DOTPAY<\/strong><span style=\"color: #ff0000;\">!<\/span><\/span><\/p>\n<p><span class=\"Apple-style-span\" style=\"color: #3a3a3a; font-family: Verdana, Arial, sans-serif; font-size: 11px; -webkit-border-horizontal-spacing: 5px; -webkit-border-vertical-spacing: 5px;\">Soczyste, \u0142adnie skoncentrowane wino. W smaku przywo\u0142uje wspomnienie owoc\u00f3w le\u015bnych i wi\u015bni. Polecane do pieczonego i grillowanego mi\u0119sa oraz \u0142agodnych ser\u00f3w.<\/span><\/p>\n","protected":false},"excerpt":{"rendered":"<p>Soczyste, \u0142adnie skoncentrowane wino. W smaku przywo\u0142uje wspomnienie owoc\u00f3w le\u015bnych i wi\u015bni. Polecane do pieczonego i grillowanego mi\u0119sa oraz \u0142agodnych ser\u00f3w.<\/p>\n","protected":false},"featured_media":11747,"comment_status":"open","ping_status":"closed","template":"","meta":[],"product_cat":[169,80],"product_tag":[],"class_list":{"0":"post-11748","1":"product","2":"type-product","3":"status-publish","4":"has-post-thumbnail","6":"product_cat-austria","7":"product_cat-wina-swiata","9":"first","10":"instock","11":"shipping-taxable","12":"purchasable","13":"product-type-simple"},"_links":{"self":[{"href":"http:\/\/delikatesy.wineport.pl\/index.php?rest_route=\/wp\/v2\/product\/11748","targetHints":{"allow":["GET"]}}],"collection":[{"href":"http:\/\/delikatesy.wineport.pl\/index.php?rest_route=\/wp\/v2\/product"}],"about":[{"href":"http:\/\/delikatesy.wineport.pl\/index.php?rest_route=\/wp\/v2\/types\/product"}],"replies":[{"embeddable":true,"href":"http:\/\/delikatesy.wineport.pl\/index.php?rest_route=%2Fwp%2Fv2%2Fcomments&post=11748"}],"wp:featuredmedia":[{"embeddable":true,"href":"http:\/\/delikatesy.wineport.pl\/index.php?rest_route=\/wp\/v2\/media\/11747"}],"wp:attachment":[{"href":"http:\/\/delikatesy.wineport.pl\/index.php?rest_route=%2Fwp%2Fv2%2Fmedia&parent=11748"}],"wp:term":[{"taxonomy":"product_cat","embeddable":true,"href":"http:\/\/delikatesy.wineport.pl\/index.php?rest_route=%2Fwp%2Fv2%2Fproduct_cat&post=11748"},{"taxonomy":"product_tag","embeddable":true,"href":"http:\/\/delikatesy.wineport.pl\/index.php?rest_route=%2Fwp%2Fv2%2Fproduct_tag&post=11748"}],"curies":[{"name":"wp","href":"https:\/\/api.w.org\/{rel}","templated":true}]}}