{"id":11776,"date":"2024-03-14T13:31:55","date_gmt":"2024-03-14T12:31:55","guid":{"rendered":"http:\/\/delikatesy.wineport.pl\/?product=campogiovanni-brunello-di-montalcino-d-o-c-g"},"modified":"2026-05-10T18:26:03","modified_gmt":"2026-05-10T16:26:03","slug":"campogiovanni-brunello-di-montalcino-d-o-c-g","status":"publish","type":"product","link":"http:\/\/delikatesy.wineport.pl\/?product=campogiovanni-brunello-di-montalcino-d-o-c-g","title":{"rendered":"CAMPOGIOVANNI, BRUNELLO DI MONTALCINO D.O.C.G."},"content":{"rendered":"<p><span class=\"Apple-style-span\" style=\"font-family: Georgia, Tahoma, Arial, Verdana, sans-serif; font-size: 12px; line-height: 18px; -webkit-border-horizontal-spacing: 2px; -webkit-border-vertical-spacing: 2px;\"><span style=\"color: #ff0000;\">UWAGA!!! NIE WYSY\u0141AMY ALKOHOLU KURIEREM W PRZYPADKU ZAM\u00d3WIE\u0143 OD OS\u00d3B PRYWATNYCH, TYLKO ODBI\u00d3R OSOBISTY NA UL. \u015aW. STANIS\u0141AWA 12 W WARSZAWIE!!! W przypadku op\u0142acenia zam\u00f3wienia alkoholu z wysy\u0142k\u0105, przy zwrocie pieni\u0119dzy zostanie potr\u0105cona prowizja\u00a0<\/span><strong style=\"color: #ff0000;\">DOTPAY<\/strong><span style=\"color: #ff0000;\">!<\/span><\/span><\/p>\n<p><span class=\"Apple-style-span\" style=\"font-family: Georgia, Tahoma, Arial, Verdana, sans-serif; font-size: 12px; line-height: 18px; -webkit-border-horizontal-spacing: 2px; -webkit-border-vertical-spacing: 2px;\">Dojrzewa przez 36 miesi\u0119cy w d\u0119bowej beczce i kolejne 18 miesi\u0119cy w butelce. Kusz\u0105cy bukiet dojrza\u0142ych jag\u00f3d, ciastek migda\u0142owych oraz czekolady. Do d\u0142ugiego przechowywania. Kompozycja: Brunello (Clone Sangiovese) 100%<\/span><\/p>\n","protected":false},"excerpt":{"rendered":"<p>Dojrzewa przez 36 miesi\u0119cy w d\u0119bowej beczce i kolejne 18 miesi\u0119cy w butelce. Kusz\u0105cy bukiet dojrza\u0142ych jag\u00f3d, ciastek migda\u0142owych oraz czekolady. Do d\u0142ugiego przechowywania. Kompozycja: Brunello (Clone Sangiovese) 100%<\/p>\n","protected":false},"featured_media":11775,"comment_status":"open","ping_status":"closed","template":"","meta":[],"product_cat":[80,95,96],"product_tag":[],"class_list":{"0":"post-11776","1":"product","2":"type-product","3":"status-publish","4":"has-post-thumbnail","6":"product_cat-wina-swiata","7":"product_cat-wlochy","8":"product_cat-wlochy-toscania","10":"first","11":"instock","12":"shipping-taxable","13":"purchasable","14":"product-type-simple"},"_links":{"self":[{"href":"http:\/\/delikatesy.wineport.pl\/index.php?rest_route=\/wp\/v2\/product\/11776","targetHints":{"allow":["GET"]}}],"collection":[{"href":"http:\/\/delikatesy.wineport.pl\/index.php?rest_route=\/wp\/v2\/product"}],"about":[{"href":"http:\/\/delikatesy.wineport.pl\/index.php?rest_route=\/wp\/v2\/types\/product"}],"replies":[{"embeddable":true,"href":"http:\/\/delikatesy.wineport.pl\/index.php?rest_route=%2Fwp%2Fv2%2Fcomments&post=11776"}],"wp:featuredmedia":[{"embeddable":true,"href":"http:\/\/delikatesy.wineport.pl\/index.php?rest_route=\/wp\/v2\/media\/11775"}],"wp:attachment":[{"href":"http:\/\/delikatesy.wineport.pl\/index.php?rest_route=%2Fwp%2Fv2%2Fmedia&parent=11776"}],"wp:term":[{"taxonomy":"product_cat","embeddable":true,"href":"http:\/\/delikatesy.wineport.pl\/index.php?rest_route=%2Fwp%2Fv2%2Fproduct_cat&post=11776"},{"taxonomy":"product_tag","embeddable":true,"href":"http:\/\/delikatesy.wineport.pl\/index.php?rest_route=%2Fwp%2Fv2%2Fproduct_tag&post=11776"}],"curies":[{"name":"wp","href":"https:\/\/api.w.org\/{rel}","templated":true}]}}