{"id":11780,"date":"2024-03-14T13:31:56","date_gmt":"2024-03-14T12:31:56","guid":{"rendered":"http:\/\/delikatesy.wineport.pl\/?product=batasiolo-barolo-d-o-c-g"},"modified":"2026-05-10T18:26:04","modified_gmt":"2026-05-10T16:26:04","slug":"batasiolo-barolo-d-o-c-g","status":"publish","type":"product","link":"http:\/\/delikatesy.wineport.pl\/?product=batasiolo-barolo-d-o-c-g","title":{"rendered":"BATASIOLO BAROLO, D.O.C.G."},"content":{"rendered":"<p><span class=\"Apple-style-span\" style=\"font-family: Georgia, Tahoma, Arial, Verdana, sans-serif; font-size: 12px; line-height: 18px; -webkit-border-horizontal-spacing: 2px; -webkit-border-vertical-spacing: 2px;\"><span style=\"color: #ff0000;\">UWAGA!!! NIE WYSY\u0141AMY ALKOHOLU KURIEREM W PRZYPADKU ZAM\u00d3WIE\u0143 OD OS\u00d3B PRYWATNYCH, TYLKO ODBI\u00d3R OSOBISTY NA UL. \u015aW. STANIS\u0141AWA 12 W WARSZAWIE!!! W przypadku op\u0142acenia zam\u00f3wienia alkoholu z wysy\u0142k\u0105, przy zwrocie pieni\u0119dzy zostanie potr\u0105cona prowizja\u00a0<\/span><strong style=\"color: #ff0000;\">DOTPAY<\/strong><span style=\"color: #ff0000;\">!<\/span><\/span><\/p>\n<p><span class=\"Apple-style-span\" style=\"font-family: Georgia, Tahoma, Arial, Verdana, sans-serif; font-size: 12px; line-height: 18px; -webkit-border-horizontal-spacing: 2px; -webkit-border-vertical-spacing: 2px;\">Wino ze szczepu Nebbiolo o pi\u0119knym rubinowym kolorze, posiada mocny smak. Przez 2 lat dojrzewa w d\u0119bowych beczkach, posiada mocny smak dojrza\u0142ej \u015bliwki wielki potencja\u0142 starzenia.<\/span><\/p>\n","protected":false},"excerpt":{"rendered":"<p>Wino ze szczepu Nebbiolo o pi\u0119knym rubinowym kolorze, posiada mocny smak. Przez 2 lat dojrzewa w d\u0119bowych beczkach, posiada mocny smak dojrza\u0142ej \u015bliwki wielki potencja\u0142 starzenia.<\/p>\n","protected":false},"featured_media":11779,"comment_status":"open","ping_status":"closed","template":"","meta":[],"product_cat":[80,95,172],"product_tag":[],"class_list":{"0":"post-11780","1":"product","2":"type-product","3":"status-publish","4":"has-post-thumbnail","6":"product_cat-wina-swiata","7":"product_cat-wlochy","8":"product_cat-wlochy-piemont","10":"first","11":"instock","12":"shipping-taxable","13":"purchasable","14":"product-type-simple"},"_links":{"self":[{"href":"http:\/\/delikatesy.wineport.pl\/index.php?rest_route=\/wp\/v2\/product\/11780","targetHints":{"allow":["GET"]}}],"collection":[{"href":"http:\/\/delikatesy.wineport.pl\/index.php?rest_route=\/wp\/v2\/product"}],"about":[{"href":"http:\/\/delikatesy.wineport.pl\/index.php?rest_route=\/wp\/v2\/types\/product"}],"replies":[{"embeddable":true,"href":"http:\/\/delikatesy.wineport.pl\/index.php?rest_route=%2Fwp%2Fv2%2Fcomments&post=11780"}],"wp:featuredmedia":[{"embeddable":true,"href":"http:\/\/delikatesy.wineport.pl\/index.php?rest_route=\/wp\/v2\/media\/11779"}],"wp:attachment":[{"href":"http:\/\/delikatesy.wineport.pl\/index.php?rest_route=%2Fwp%2Fv2%2Fmedia&parent=11780"}],"wp:term":[{"taxonomy":"product_cat","embeddable":true,"href":"http:\/\/delikatesy.wineport.pl\/index.php?rest_route=%2Fwp%2Fv2%2Fproduct_cat&post=11780"},{"taxonomy":"product_tag","embeddable":true,"href":"http:\/\/delikatesy.wineport.pl\/index.php?rest_route=%2Fwp%2Fv2%2Fproduct_tag&post=11780"}],"curies":[{"name":"wp","href":"https:\/\/api.w.org\/{rel}","templated":true}]}}