{"id":11788,"date":"2024-03-14T13:31:58","date_gmt":"2024-03-14T12:31:58","guid":{"rendered":"http:\/\/delikatesy.wineport.pl\/?product=batasiolo-gavi-del-comune-di-gavi-d-o-c-g"},"modified":"2026-05-10T18:26:07","modified_gmt":"2026-05-10T16:26:07","slug":"batasiolo-gavi-del-comune-di-gavi-d-o-c-g","status":"publish","type":"product","link":"http:\/\/delikatesy.wineport.pl\/?product=batasiolo-gavi-del-comune-di-gavi-d-o-c-g","title":{"rendered":"BATASIOLO GAVI DEL COMUNE DI GAVI, D.O.C.G."},"content":{"rendered":"<p><span class=\"Apple-style-span\" style=\"font-family: verdana; font-size: 10px;\"><span style=\"color: #ff0000;\">UWAGA!!! NIE WYSY\u0141AMY ALKOHOLU KURIEREM W PRZYPADKU ZAM\u00d3WIE\u0143 OD OS\u00d3B PRYWATNYCH, TYLKO ODBI\u00d3R OSOBISTY NA UL. \u015aW. STANIS\u0141AWA 12 W WARSZAWIE!!! W przypadku op\u0142acenia zam\u00f3wienia alkoholu z wysy\u0142k\u0105, przy zwrocie pieni\u0119dzy zostanie potr\u0105cona prowizja\u00a0<\/span><strong style=\"color: #ff0000;\">DOTPAY<\/strong><span style=\"color: #ff0000;\">!<\/span><\/span><\/p>\n<p><span class=\"Apple-style-span\" style=\"font-family: verdana; font-size: 10px;\">Kolor: zielony-zabarwiony kolorem \u017c\u00f3\u0142tej s\u0142omy.<\/span> <span class=\"Apple-style-span\" style=\"font-family: verdana; font-size: 10px;\"><br \/> <\/span> <span class=\"Apple-style-span\" style=\"font-family: verdana; font-size: 10px;\"><br \/> <\/span> <span class=\"Apple-style-span\" style=\"font-family: verdana; font-size: 10px;\">Bukiet: Bogate aromaty z pe\u0142n\u0105 \u017cycia soczysto\u015bci\u0105 i ujawnieniem kwiecistych odcieni, jak r\u00f3wnie\u017c any\u017cu i \u015bwie\u017cego siana.<\/span> <span class=\"Apple-style-span\" style=\"font-family: verdana; font-size: 10px;\"><br \/> <\/span> <span class=\"Apple-style-span\" style=\"font-family: verdana; font-size: 10px;\"><br \/> <\/span> <span class=\"Apple-style-span\" style=\"font-family: verdana; font-size: 10px;\">Smak: imponuj\u0105co zbilansowane, z w\u0142a\u015bciwym poziomem kruchej kwa\u015bno\u015bci, i zapachem dojrza\u0142ego owocu.<\/span> <span class=\"Apple-style-span\" style=\"font-family: verdana; font-size: 10px;\"><br \/> <\/span> <span class=\"Apple-style-span\" style=\"font-family: verdana; font-size: 10px;\"><br \/> <\/span><\/p>\n<div><span class=\"Apple-style-span\" style=\"font-family: verdana; font-size: 10px;\">Wyciskanie wina i dojrzewanie: po lekkim wyci\u015bni\u0119ciu, winogrona s\u0105 poddawane fermentacji w temperaturze 15-16oC przez dziesi\u0119\u0107 dni.<\/span> <span class=\"Apple-style-span\" style=\"font-family: verdana; font-size: 10px;\"><br \/> <\/span> <span class=\"Apple-style-span\" style=\"font-family: verdana; font-size: 10px;\">Po sch\u0142odzeniu wino jest przechowywane, nast\u0119pnie przez kr\u00f3tki okres czasu dojrzewa w butelkach a\u017c do nast\u0119pnej wiosny; w ten spos\u00f3b zachowuje ono s<\/span> <span class=\"Apple-style-span\" style=\"font-family: verdana; font-size: 10px;\">woj\u0105 s\u0142ynn\u0105 \u015bwie\u017co\u015b\u0107 i bogactwo aromatu.<\/span><\/div>\n","protected":false},"excerpt":{"rendered":"<p>Kolor: zielony-zabarwiony kolorem \u017c\u00f3\u0142tej s\u0142omy. Bukiet: Bogate aromaty z pe\u0142n\u0105 \u017cycia soczysto\u015bci\u0105 i ujawnieniem kwiecistych odcieni, jak r\u00f3wnie\u017c any\u017cu i \u015bwie\u017cego siana. Smak: imponuj\u0105co zbilansowane, z w\u0142a\u015bciwym poziomem kruchej kwa\u015bno\u015bci, i zapachem&#8230;<\/p>\n","protected":false},"featured_media":11787,"comment_status":"open","ping_status":"closed","template":"","meta":[],"product_cat":[80,95,172],"product_tag":[],"class_list":{"0":"post-11788","1":"product","2":"type-product","3":"status-publish","4":"has-post-thumbnail","6":"product_cat-wina-swiata","7":"product_cat-wlochy","8":"product_cat-wlochy-piemont","10":"first","11":"instock","12":"shipping-taxable","13":"purchasable","14":"product-type-simple"},"_links":{"self":[{"href":"http:\/\/delikatesy.wineport.pl\/index.php?rest_route=\/wp\/v2\/product\/11788","targetHints":{"allow":["GET"]}}],"collection":[{"href":"http:\/\/delikatesy.wineport.pl\/index.php?rest_route=\/wp\/v2\/product"}],"about":[{"href":"http:\/\/delikatesy.wineport.pl\/index.php?rest_route=\/wp\/v2\/types\/product"}],"replies":[{"embeddable":true,"href":"http:\/\/delikatesy.wineport.pl\/index.php?rest_route=%2Fwp%2Fv2%2Fcomments&post=11788"}],"wp:featuredmedia":[{"embeddable":true,"href":"http:\/\/delikatesy.wineport.pl\/index.php?rest_route=\/wp\/v2\/media\/11787"}],"wp:attachment":[{"href":"http:\/\/delikatesy.wineport.pl\/index.php?rest_route=%2Fwp%2Fv2%2Fmedia&parent=11788"}],"wp:term":[{"taxonomy":"product_cat","embeddable":true,"href":"http:\/\/delikatesy.wineport.pl\/index.php?rest_route=%2Fwp%2Fv2%2Fproduct_cat&post=11788"},{"taxonomy":"product_tag","embeddable":true,"href":"http:\/\/delikatesy.wineport.pl\/index.php?rest_route=%2Fwp%2Fv2%2Fproduct_tag&post=11788"}],"curies":[{"name":"wp","href":"https:\/\/api.w.org\/{rel}","templated":true}]}}