{"id":11792,"date":"2024-03-14T13:31:59","date_gmt":"2024-03-14T12:31:59","guid":{"rendered":"http:\/\/delikatesy.wineport.pl\/?product=batasiolo-barbaresco-d-o-c-g"},"modified":"2026-05-10T18:26:08","modified_gmt":"2026-05-10T16:26:08","slug":"batasiolo-barbaresco-d-o-c-g","status":"publish","type":"product","link":"http:\/\/delikatesy.wineport.pl\/?product=batasiolo-barbaresco-d-o-c-g","title":{"rendered":"BATASIOLO BARBARESCO, D.O.C.G."},"content":{"rendered":"<p><span class=\"Apple-style-span\" style=\"font-family: verdana; font-size: 10px; line-height: 12px;\"><span style=\"color: #ff0000;\">UWAGA!!! NIE WYSY\u0141AMY ALKOHOLU KURIEREM W PRZYPADKU ZAM\u00d3WIE\u0143 OD OS\u00d3B PRYWATNYCH, TYLKO ODBI\u00d3R OSOBISTY NA UL. \u015aW. STANIS\u0141AWA 12 W WARSZAWIE!!! W przypadku op\u0142acenia zam\u00f3wienia alkoholu z wysy\u0142k\u0105, przy zwrocie pieni\u0119dzy zostanie potr\u0105cona prowizja\u00a0<\/span><strong style=\"color: #ff0000;\">DOTPAY<\/strong><span style=\"color: #ff0000;\">!<\/span><\/span><\/p>\n<p><span class=\"Apple-style-span\" style=\"font-family: verdana; font-size: 10px; line-height: 12px;\">Tradycja produkcji Barbaresco jest tak d\u0142uga jak tradycja produkcji Barolo. Posiada ono cechy wina tradycyjnego, z odrobin\u0105 nowoczesno\u015bci. Okres dojrzewania trwa oko\u0142o 3 lata. Wi\u0119ksza cz\u0119\u015b\u0107 wina (ok. 65%) le\u017cakuje w tradycyjnych, d\u0119bowych beczu\u0142kach, reszta przelewana jest do wi\u0119kszych beczek. Doskonalenie wina w butelkach nast\u0119puje przez okres jednego roku, podczas kt\u00f3rego ciemne, ale przyjemne garbniki z du\u017cych beczek \u0142\u0105cz\u0105 si\u0119 ze s\u0142odkimi i pe\u0142nymi z ma\u0142ych beczu\u0142ek. Barbaresco jest winem, w kt\u00f3rym mo\u017cna si\u0119 rozsmakowa\u0107 szczeg\u00f3lnie ze wzgl\u0119du na sw\u00f3j wyszukany bukiet. W smaku wyczuwa si\u0119 owoce le\u015bne z delikatnym odcieniem przypraw. Elegancja i subtelno\u015b\u0107 s\u0105 g\u0142\u00f3wnymi cechami tego d\u0142ugowiecznego wina. Temp. serw. 18 stopni C. Grona: Nebbiolo.<\/span><\/p>\n","protected":false},"excerpt":{"rendered":"<p>Tradycja produkcji Barbaresco jest tak d\u0142uga jak tradycja produkcji Barolo. Posiada ono cechy wina tradycyjnego, z odrobin\u0105 nowoczesno\u015bci. Okres dojrzewania trwa oko\u0142o 3 lata. Wi\u0119ksza cz\u0119\u015b\u0107 wina (ok. 65%) le\u017cakuje w tradycyjnych, d\u0119bowych beczu\u0142kach,&#8230;<\/p>\n","protected":false},"featured_media":11791,"comment_status":"open","ping_status":"closed","template":"","meta":[],"product_cat":[80,95,172],"product_tag":[],"class_list":{"0":"post-11792","1":"product","2":"type-product","3":"status-publish","4":"has-post-thumbnail","6":"product_cat-wina-swiata","7":"product_cat-wlochy","8":"product_cat-wlochy-piemont","10":"first","11":"instock","12":"shipping-taxable","13":"purchasable","14":"product-type-simple"},"_links":{"self":[{"href":"http:\/\/delikatesy.wineport.pl\/index.php?rest_route=\/wp\/v2\/product\/11792","targetHints":{"allow":["GET"]}}],"collection":[{"href":"http:\/\/delikatesy.wineport.pl\/index.php?rest_route=\/wp\/v2\/product"}],"about":[{"href":"http:\/\/delikatesy.wineport.pl\/index.php?rest_route=\/wp\/v2\/types\/product"}],"replies":[{"embeddable":true,"href":"http:\/\/delikatesy.wineport.pl\/index.php?rest_route=%2Fwp%2Fv2%2Fcomments&post=11792"}],"wp:featuredmedia":[{"embeddable":true,"href":"http:\/\/delikatesy.wineport.pl\/index.php?rest_route=\/wp\/v2\/media\/11791"}],"wp:attachment":[{"href":"http:\/\/delikatesy.wineport.pl\/index.php?rest_route=%2Fwp%2Fv2%2Fmedia&parent=11792"}],"wp:term":[{"taxonomy":"product_cat","embeddable":true,"href":"http:\/\/delikatesy.wineport.pl\/index.php?rest_route=%2Fwp%2Fv2%2Fproduct_cat&post=11792"},{"taxonomy":"product_tag","embeddable":true,"href":"http:\/\/delikatesy.wineport.pl\/index.php?rest_route=%2Fwp%2Fv2%2Fproduct_tag&post=11792"}],"curies":[{"name":"wp","href":"https:\/\/api.w.org\/{rel}","templated":true}]}}