{"id":11794,"date":"2024-03-14T13:31:59","date_gmt":"2024-03-14T12:31:59","guid":{"rendered":"http:\/\/delikatesy.wineport.pl\/?product=roses-mojito-cordial-mixer-570ml"},"modified":"2026-05-10T18:26:09","modified_gmt":"2026-05-10T16:26:09","slug":"roses-mojito-cordial-mixer-570ml","status":"publish","type":"product","link":"http:\/\/delikatesy.wineport.pl\/?product=roses-mojito-cordial-mixer-570ml","title":{"rendered":"ROSE&#8217;S MOJITO CORDIAL MIXER 570ML"},"content":{"rendered":"<p><span style=\"font-size: 14pt; font-weight: bold; color: rgb(50, 205, 50); \" class=\"Apple-style-span\">Rose&#8217;s to numer 1 na \u015bwiecie w syropach do drink\u00f3w&nbsp;<a href=\"http:\/\/www.rosesmixers.com\/\">http:\/\/www.rosesmixers.com\/<\/a>  <\/span>    <\/p>\n<div>  \t  \t  \t<\/div>\n<div>\n<p class=\"MsoNormal\">  \t\t  \t\t  \t\t<span style=\"font-size:12.0pt;font-family:\" times=\"\" new=\"\" roman\",\"serif\";=\"\" mso-fareast-font-family:\"times=\"\" roman\";color:black;mso-fareast-language:=\"\" pl\"=\"\">Przepis na: Classic Rose\u2019s Mojito Coctail  \t\t\t  \t\t\t  \t\t\t<o:p><\/o:p><\/span><\/p>\n<p class=\"MsoNormal\" style=\"margin-top:1.5pt\">  \t\t  \t\t  \t\t<span style=\"font-size:12.0pt; font-family:\" times=\"\" new=\"\" roman\",\"serif\";mso-fareast-font-family:\"times=\"\" roman\";=\"\" color:black;mso-fareast-language:pl\"=\"\">20 ml&nbsp;Rose\u2019s Mojito  \t\t\t  \t\t\t  \t\t\t<o:p><\/o:p><\/span><\/p>\n<p class=\"MsoNormal\" style=\"margin-top:1.5pt\">  \t\t  \t\t  \t\t<span style=\"font-size:12.0pt; font-family:\" times=\"\" new=\"\" roman\",\"serif\";mso-fareast-font-family:\"times=\"\" roman\";=\"\" color:black;mso-fareast-language:pl\"=\"\">40 ml Rumu  \t\t\t  \t\t\t  \t\t\t<o:p><\/o:p><\/span><\/p>\n<p class=\"MsoNormal\" style=\"margin-top:1.5pt\">  \t\t  \t\t  \t\t<span style=\"font-size:12.0pt; font-family:\" times=\"\" new=\"\" roman\",\"serif\";mso-fareast-font-family:\"times=\"\" roman\";=\"\" color:black;mso-fareast-language:pl\"=\"\">20 ml&nbsp;Rose\u2019s Lime  \t\t\t  \t\t\t  \t\t\t<o:p><\/o:p><\/span><\/p>\n<p class=\"MsoNormal\" style=\"margin-top:1.5pt\">  \t\t  \t\t  \t\t<span style=\"font-size:12.0pt; font-family:\" times=\"\" new=\"\" roman\",\"serif\";mso-fareast-font-family:\"times=\"\" roman\";=\"\" color:black;mso-fareast-language:pl\"=\"\">l\u00f3d , woda gazowana, \u015bwie\u017ca mi\u0119ta  \t\t\t  \t\t\t  \t\t\t<o:p><\/o:p><\/span><\/p>\n<p class=\"MsoNormal\" style=\"margin-top:1.5pt\">  \t\t  \t\t  \t\t<span style=\"font-size:12.0pt; font-family:\" times=\"\" new=\"\" roman\",\"serif\";mso-fareast-font-family:\"times=\"\" roman\";=\"\" color:black;mso-fareast-language:pl\"=\"\">Przepis:  \t\t\t  \t\t\t  \t\t\t<o:p><\/o:p><\/span><\/p>\n<p class=\"MsoNormal\" style=\"margin-top:1.5pt\">  \t\t  \t\t  \t\t<span style=\"font-size:12.0pt; font-family:\" times=\"\" new=\"\" roman\",\"serif\";mso-fareast-font-family:\"times=\"\" roman\";=\"\" color:black;mso-fareast-language:pl\"=\"\">Trzy pierwsze sk\u0142adniki wymiesza\u0107 z lodem  w szejkerze, przela\u0107 do szklanki  \t\t\t  \t\t\t  \t\t\t<o:p><\/o:p><\/span><\/p>\n<p class=\"MsoNormal\" style=\"margin-top:1.5pt\">  \t\t  \t\t  \t\t<span style=\"font-size:12.0pt; font-family:\" times=\"\" new=\"\" roman\",\"serif\";mso-fareast-font-family:\"times=\"\" roman\";=\"\" color:black;mso-fareast-language:pl\"=\"\">Dope\u0142ni\u0107 wod\u0105 gazowan\u0105. Udekorowa\u0107 limonk\u0105  i \u015bwie\u017c\u0105 mi\u0119t\u0105.  \t\t\t  \t\t\t  \t\t\t<o:p><\/o:p><\/span><\/p>\n<p class=\"MsoNormal\" style=\"margin-top:1.5pt\">  \t\t  \t\t  \t\t<span style=\"font-size:12.0pt; font-family:\" times=\"\" new=\"\" roman\",\"serif\";mso-fareast-font-family:\"times=\"\" roman\";=\"\" color:black;mso-fareast-language:pl\"=\"\">(w mojej domowej wersji wrzucam mi\u0119te do  szejkera z kruszonym lodem)  \t\t\t  \t\t\t  \t\t\t<o:p><\/o:p><\/span><\/p>\n<p class=\"MsoNormal\" style=\"margin-top:1.5pt\">  \t\t  \t\t  \t\t<span style=\"font-size:12.0pt; font-family:\" times=\"\" new=\"\" roman\",\"serif\";mso-fareast-font-family:\"times=\"\" roman\";=\"\" color:black;mso-fareast-language:pl\"=\"\">  \t\t\t  \t\t\t  \t\t\t<o:p>&nbsp;<\/o:p><\/span><\/p>\n<p class=\"MsoNormal\" style=\"margin-top:1.5pt\">  \t\t  \t\t  \t\t<span style=\"font-size:12.0pt; font-family:\" times=\"\" new=\"\" roman\",\"serif\";mso-fareast-font-family:\"times=\"\" roman\";=\"\" color:black;mso-fareast-language:pl\"=\"\">bezalkoholowe  \t\t\t  \t\t\t  \t\t\t<o:p><\/o:p><\/span><\/p>\n<p class=\"MsoNormal\" style=\"margin-top:1.5pt\">  \t\t  \t\t  \t\t<span style=\"font-size:12.0pt; font-family:\" times=\"\" new=\"\" roman\",\"serif\";mso-fareast-font-family:\"times=\"\" roman\";=\"\" color:black;mso-fareast-language:pl\"=\"\">&nbsp;Classic Rose\u2019s Mojito Coctail  \t\t\t  \t\t\t  \t\t\t<o:p><\/o:p><\/span><\/p>\n<p class=\"MsoNormal\" style=\"margin-top:1.5pt\">  \t\t  \t\t  \t\t<span style=\"font-size:12.0pt; font-family:\" times=\"\" new=\"\" roman\",\"serif\";mso-fareast-font-family:\"times=\"\" roman\";=\"\" color:black;mso-fareast-language:pl\"=\"\">10 ml Rose&#8217;s Mojito&nbsp;  \t\t\t  \t\t\t  \t\t\t<o:p><\/o:p><\/span><\/p>\n<p class=\"MsoNormal\" style=\"margin-top:1.5pt\">  \t\t  \t\t  \t\t<span style=\"font-size:12.0pt; font-family:\" times=\"\" new=\"\" roman\",\"serif\";mso-fareast-font-family:\"times=\"\" roman\";=\"\" color:black;mso-fareast-language:pl\"=\"\">5 ml Rose&#8217;s Lime  \t\t\t  \t\t\t  \t\t\t<o:p><\/o:p><\/span><\/p>\n<p class=\"MsoNormal\" style=\"margin-top:1.5pt\">  \t\t  \t\t  \t\t<span style=\"font-size:12.0pt; font-family:\" times=\"\" new=\"\" roman\",\"serif\";mso-fareast-font-family:\"times=\"\" roman\";=\"\" color:black;mso-fareast-language:pl\"=\"\">woda gazowana  \t\t\t  \t\t\t  \t\t\t<o:p><\/o:p><\/span><\/p>\n<p class=\"MsoNormal\" style=\"margin-top:1.5pt\">  \t\t  \t\t  \t\t<span style=\"font-size:12.0pt; font-family:\" times=\"\" new=\"\" roman\",\"serif\";mso-fareast-font-family:\"times=\"\" roman\";=\"\" color:black;mso-fareast-language:pl\"=\"\">przepis  \t\t\t  \t\t\t  \t\t\t<o:p><\/o:p><\/span><\/p>\n<p class=\"MsoNormal\" style=\"margin-top:1.5pt\">  \t\t  \t\t  \t\t<span style=\"font-size:12.0pt; font-family:\" times=\"\" new=\"\" roman\",\"serif\";mso-fareast-font-family:\"times=\"\" roman\";=\"\" color:black;mso-fareast-language:pl\"=\"\">Wla\u0107 syropy do szklanki dope\u0142ni\u0107 wod\u0105  gazowan\u0105.  \t\t\t  \t\t\t  \t\t\t<o:p><\/o:p><\/span><\/p>\n<\/div>\n","protected":false},"excerpt":{"rendered":"<p>Rose&#8217;s to numer 1 na \u015bwiecie w syropach do drink\u00f3w http:\/\/www.rosesmixers.com\/ Przepis na: Classic Rose\u2019s Mojito Coctail 20 ml Rose\u2019s Mojito 40 ml Rumu 20 ml Rose\u2019s Lime l\u00f3d , woda gazowana, \u015bwie\u017ca mi\u0119ta Przepis: Trzy pierwsze sk\u0142adniki wymiesza\u0107 z l&#8230;<\/p>\n","protected":false},"featured_media":11793,"comment_status":"open","ping_status":"closed","template":"","meta":[],"product_cat":[173,174],"product_tag":[],"class_list":{"0":"post-11794","1":"product","2":"type-product","3":"status-publish","4":"has-post-thumbnail","6":"product_cat-artykuly-delikatesowe","7":"product_cat-syropy","9":"first","10":"instock","11":"shipping-taxable","12":"purchasable","13":"product-type-simple"},"_links":{"self":[{"href":"http:\/\/delikatesy.wineport.pl\/index.php?rest_route=\/wp\/v2\/product\/11794","targetHints":{"allow":["GET"]}}],"collection":[{"href":"http:\/\/delikatesy.wineport.pl\/index.php?rest_route=\/wp\/v2\/product"}],"about":[{"href":"http:\/\/delikatesy.wineport.pl\/index.php?rest_route=\/wp\/v2\/types\/product"}],"replies":[{"embeddable":true,"href":"http:\/\/delikatesy.wineport.pl\/index.php?rest_route=%2Fwp%2Fv2%2Fcomments&post=11794"}],"wp:featuredmedia":[{"embeddable":true,"href":"http:\/\/delikatesy.wineport.pl\/index.php?rest_route=\/wp\/v2\/media\/11793"}],"wp:attachment":[{"href":"http:\/\/delikatesy.wineport.pl\/index.php?rest_route=%2Fwp%2Fv2%2Fmedia&parent=11794"}],"wp:term":[{"taxonomy":"product_cat","embeddable":true,"href":"http:\/\/delikatesy.wineport.pl\/index.php?rest_route=%2Fwp%2Fv2%2Fproduct_cat&post=11794"},{"taxonomy":"product_tag","embeddable":true,"href":"http:\/\/delikatesy.wineport.pl\/index.php?rest_route=%2Fwp%2Fv2%2Fproduct_tag&post=11794"}],"curies":[{"name":"wp","href":"https:\/\/api.w.org\/{rel}","templated":true}]}}