{"id":11796,"date":"2024-03-14T13:32:00","date_gmt":"2024-03-14T12:32:00","guid":{"rendered":"http:\/\/delikatesy.wineport.pl\/?product=roses-grenadine-cordial-mixer-570ml"},"modified":"2026-05-10T18:26:10","modified_gmt":"2026-05-10T16:26:10","slug":"roses-grenadine-cordial-mixer-570ml","status":"publish","type":"product","link":"http:\/\/delikatesy.wineport.pl\/?product=roses-grenadine-cordial-mixer-570ml","title":{"rendered":"ROSE&#8217;S GRENADINE CORDIAL MIXER 570ML"},"content":{"rendered":"<p><span style=\"color: rgb(255, 0, 0); \" class=\"Apple-style-span\">  \t<span class=\"Apple-style-span\" style=\"font-size: 19px; font-weight: bold; \">Rose&#8217;s to numer 1 na \u015bwiecie w syropach do drink\u00f3w&nbsp;<\/span>  \t<span class=\"Apple-style-span\" style=\"font-size: 19px; font-weight: bold; \"><a href=\"http:\/\/www.rosesmixers.com\/\">http:\/\/www.rosesmixers.com\/<\/a><\/span><\/span>  <\/p>\n<div>  \t<span style=\"color: rgb(255, 0, 0); \" class=\"Apple-style-span\"><br \/>  \t\t<\/span><\/div>\n<div>\n<p class=\"MsoNormal\" style=\"margin-top: 1.5pt; margin-right: 0cm; margin-bottom: 12pt; margin-left: 0cm; color: rgb(255, 0, 0); \">  \t\t<span style=\"color:black\">NAJPOPULARNIEJSZE&nbsp; DRINKI:  \t\t\t<o:p><\/o:p><\/span><\/p>\n<p class=\"MsoNormal\" style=\"margin-top: 1.5pt; color: rgb(255, 0, 0); \">  \t\t<span style=\"color:black\">&nbsp;  \t\t\t<o:p><\/o:p><\/span><\/p>\n<p class=\"MsoNormal\" style=\"margin-top: 1.5pt; color: rgb(255, 0, 0); \">  \t\t<span style=\"color:black\"><a href=\"http:\/\/www.barnonedrinks.com\/drinks\/m\/mission-accomplished-3378.html\" title=\"Mission Accomplished drink recipe\">  \t\t\t\t<span style=\"color:black;text-decoration: none;text-underline:none\">Mission Accomplished<\/span><\/a>&nbsp;(Cocktail)  \t\t\t<o:p><\/o:p><\/span><\/p>\n<p class=\"MsoNormal\" style=\"margin-top: 1.5pt; color: rgb(255, 0, 0); \">  \t\t<span style=\"color:black\">&nbsp;  \t\t\t<o:p><\/o:p><\/span><\/p>\n<p class=\"MsoNormal\" style=\"margin-top: 1.5pt; color: rgb(255, 0, 0); \">  \t\t<span style=\"color:black\">20 ml<\/span>&nbsp;  \t\t<span style=\"color:black\"><a href=\"http:\/\/www.barnonedrinks.com\/tips\/dictionary\/v\/vodka-944.html\" title=\"Read about Vodka in Bar None's Drink Dictionary\">  \t\t\t\t<span style=\"color: windowtext;text-decoration:none;text-underline:none\">W\u00f3dka<\/span><\/a><\/span>&nbsp;  \t\t<span style=\"color:black\"><br \/>  \t\t\t  10 ml Rose\u2019s<\/span>&nbsp;  \t\t<span style=\"color:black\"><a href=\"http:\/\/www.barnonedrinks.com\/tips\/dictionary\/g\/grenadine-525.html\" title=\"Read about Grenadine in Bar None's Drink Dictionary\">  \t\t\t\t<span style=\"color:windowtext;text-decoration:none;text-underline:none\">Grenadine<\/span><\/a><\/span>&nbsp;  \t\t<span style=\"color:black\"><br \/>  \t\t\t  10 ml<\/span>&nbsp;  \t\t<span style=\"color:black\"><a href=\"http:\/\/www.barnonedrinks.com\/tips\/dictionary\/r\/roses-lime-juice-773.html\" title=\"Read about Rose's Lime Juice in Bar None's Drink Dictionary\">  \t\t\t\t<span style=\"color:windowtext;text-decoration:none;text-underline:none\">Rose&#8217;s Lime  Juice<\/span><\/a><\/span>&nbsp;  \t\t<span style=\"color:black\"><br \/>  \t\t\t  10 oz.<\/span>&nbsp;  \t\t<span style=\"color:black\"><a href=\"http:\/\/www.barnonedrinks.com\/tips\/dictionary\/t\/triple-sec-922.html\" title=\"Read about Triple Sec in Bar None's Drink Dictionary\">  \t\t\t\t<span style=\"color:windowtext;text-decoration:none;text-underline:none\">Triple Sec<\/span><\/a>  \t\t\t<o:p><\/o:p><\/span><\/p>\n<p class=\"MsoNormal\" style=\"margin-top: 1.5pt; color: rgb(255, 0, 0); \">  \t\t<span style=\"color:black\">&nbsp;  \t\t\t<o:p><\/o:p><\/span><\/p>\n<p class=\"MsoNormal\" style=\"margin-top: 1.5pt; color: rgb(255, 0, 0); \">  \t\t<span style=\"color:black\">Przepis  \t\t\t<o:p><\/o:p><\/span><\/p>\n<p class=\"MsoNormal\" style=\"margin-top: 1.5pt; color: rgb(255, 0, 0); \">Wla\u0107&nbsp;w\u00f3dk\u0119,&nbsp;Triple sec  \t\t<span style=\"color:black\">,<\/span>&nbsp;Rose  \t\t<span style=\"color:black\">\u2019s<\/span>&nbsp;  \t\t<span style=\"color:black\">Lime<\/span>&nbsp;, Rose\u2019s&nbsp;Grenadine&nbsp;do szejkera  wype\u0142nionego do&nbsp;po\u0142owy lodem  \t\t<span style=\"color:black\"><br \/>  \t\t\t  &nbsp;<\/span>Dobrze wstrz\u0105sn\u0105\u0107,&nbsp;przela\u0107 do odpowiedniej szklanki.  \t\t<span style=\"color:black\">  \t\t\t<o:p><\/o:p><\/span><\/p>\n<p class=\"MsoNormal\" style=\"margin-top: 1.5pt; color: rgb(255, 0, 0); \">  \t\t<span style=\"color:black\">  \t\t\t<o:p>&nbsp;<\/o:p><\/span><\/p>\n<p class=\"MsoNormal\" style=\"margin-top: 1.5pt; color: rgb(255, 0, 0); \">  \t\t<span style=\"color:black\">Tequila  Sunrise  \t\t\t<o:p><\/o:p><\/span><\/p>\n<p class=\"MsoNormal\" style=\"margin-top: 1.5pt; color: rgb(255, 0, 0); \">  \t\t<span style=\"color:black\">40 ml  tequili  \t\t\t<o:p><\/o:p><\/span><\/p>\n<p class=\"MsoNormal\" style=\"margin-top: 1.5pt; color: rgb(255, 0, 0); \">  \t\t<span style=\"color:black\">10 ml  Rose\u2019s Grenadine  \t\t\t<o:p><\/o:p><\/span><\/p>\n<p class=\"MsoNormal\" style=\"margin-top: 1.5pt; color: rgb(255, 0, 0); \">  \t\t<span style=\"color:black\">100 ml  soku pomara\u0144czowego  \t\t\t<o:p><\/o:p><\/span><\/p>\n<p class=\"MsoNormal\" style=\"margin-top: 1.5pt; color: rgb(255, 0, 0); \">  \t\t<span style=\"color:black\">Przepis:  \t\t\t<o:p><\/o:p><\/span><\/p>\n<p class=\"MsoNormal\" style=\"margin-top: 1.5pt; color: rgb(255, 0, 0); \">  \t\t<span style=\"color:black\">Do  wysokiej szklanki wrzuci\u0107 l\u00f3d, wla\u0107 tequil\u0119 i sok. Powoli wla\u0107 Rose\u2019s Grenadine  po szklance, g\u0119sty syrop osi\u0105dzie na dnie.  \t\t\t<o:p><\/o:p><\/span><\/p>\n<p class=\"MsoNormal\" style=\"margin-top: 1.5pt; color: rgb(255, 0, 0); \">  \t\t<span style=\"color:black\">&nbsp;Podawa\u0107  niewymieszane. Zamiesza\u0107 przed wypiciem.  \t\t\t<o:p><\/o:p><\/span><\/p>\n<p class=\"MsoNormal\" style=\"margin-top: 1.5pt; color: rgb(255, 0, 0); \">  \t\t<span style=\"color:black\">&nbsp;  \t\t\t<o:p><\/o:p><\/span><\/p>\n<p class=\"MsoNormal\" style=\"margin-top: 1.5pt; color: rgb(255, 0, 0); \">  \t\t<span style=\"color:black\">W\u00f3dka  Daisy  \t\t\t<o:p><\/o:p><\/span><\/p>\n<p class=\"MsoNormal\" style=\"margin-top: 1.5pt; color: rgb(255, 0, 0); \">  \t\t<span style=\"color:black\">10 ml  Rose\u2019s Grenadine  \t\t\t<o:p><\/o:p><\/span><\/p>\n<p class=\"MsoNormal\" style=\"margin-top: 1.5pt; color: rgb(255, 0, 0); \">  \t\t<span style=\"color:black\">10 ml  Rose\u2019s Lemon  \t\t\t<o:p><\/o:p><\/span><\/p>\n<p class=\"MsoNormal\" style=\"margin-top: 1.5pt; color: rgb(255, 0, 0); \">  \t\t<span style=\"color:black\">20 ml  W\u00f3dka  \t\t\t<o:p><\/o:p><\/span><\/p>\n<p class=\"MsoNormal\" style=\"margin-top: 1.5pt; color: rgb(255, 0, 0); \">  \t\t<span style=\"color:black\">Przepis;  \t\t\t<o:p><\/o:p><\/span><\/p>\n<p class=\"MsoNormal\" style=\"margin-top: 1.5pt; margin-right: 0cm; margin-bottom: 12pt; margin-left: 0cm; color: rgb(255, 0, 0); \">  \t\t<span style=\"color:black\">Wszystkie sk\u0142adniki wymiesza\u0107 ,  przela\u0107 do szklanki wype\u0142nionej lodem.  \t\t\t<o:p><\/o:p><\/span><\/p>\n<p class=\"MsoNormal\" style=\"margin-top: 1.5pt; color: rgb(255, 0, 0); \">  \t\t<span style=\"color:black\">&nbsp;RED  TONIC  \t\t\t<o:p><\/o:p><\/span><\/p>\n<p class=\"MsoNormal\" style=\"margin-top: 1.5pt; color: rgb(255, 0, 0); \">  \t\t<span style=\"color:black\">30 ml  w\u00f3dki  \t\t\t<o:p><\/o:p><\/span><\/p>\n<p class=\"MsoNormal\" style=\"margin-top: 1.5pt; color: rgb(255, 0, 0); \">  \t\t<span style=\"color:black\">50 ml  tonik  \t\t\t<o:p><\/o:p><\/span><\/p>\n<p class=\"MsoNormal\" style=\"margin-top: 1.5pt; color: rgb(255, 0, 0); \">  \t\t<span style=\"color:black\">30 ml  Rose&#8217;s Grenadine  \t\t\t<o:p><\/o:p><\/span><\/p>\n<p class=\"MsoNormal\" style=\"margin-top: 1.5pt; color: rgb(255, 0, 0); \">  \t\t<span style=\"color:black\">1\/2  &nbsp;cytryny  \t\t\t<o:p><\/o:p><\/span><\/p>\n<p class=\"MsoNormal\" style=\"margin-top: 1.5pt; color: rgb(255, 0, 0); \">  \t\t<span style=\"color:black\">przepis:  \t\t\t<o:p><\/o:p><\/span><\/p>\n<p class=\"MsoNormal\" style=\"margin-top: 1.5pt; color: rgb(255, 0, 0); \">  \t\t<span style=\"color:black\">&nbsp;Do  wysokiej szklanki wype\u0142nionej lodem wla\u0107 3 pierwsze sk\u0142adniki po czym wycisn\u0105\u0107  do \u015brodka cytryne.  \t\t\t<o:p><\/o:p><\/span><\/p>\n<p class=\"MsoNormal\" style=\"margin-top: 1.5pt; color: rgb(255, 0, 0); \">  \t\t<span style=\"color:black\">Do \u015brodka  mo\u017cna te\u017c wkroi\u0107 2 plastry cytryny. Ca\u0142o\u015b\u0107 wygl\u0105da i smakuje rewelacyjnie.  POLECAM  \t\t\t<o:p><\/o:p><\/span><\/p>\n<p class=\"MsoNormal\" style=\"margin-top: 1.5pt; color: rgb(255, 0, 0); \">  \t\t<span style=\"color:black\">  \t\t\t<o:p>&nbsp;<\/o:p><\/span>BEZALKOHOLOWE<\/p>\n<p class=\"MsoNormal\" style=\"margin-top: 1.5pt; color: rgb(255, 0, 0); \">  \t\t<span style=\"color:black\">15 ml  Rose&#8217;s Grenadine  \t\t\t<o:p><\/o:p><\/span><\/p>\n<p class=\"MsoNormal\" style=\"margin-top: 1.5pt; color: rgb(255, 0, 0); \">  \t\t<span style=\"color:black\">sok  pomara\u0144czowy  \t\t\t<o:p><\/o:p><\/span><\/p>\n<p class=\"MsoNormal\" style=\"margin-top: 1.5pt; color: rgb(255, 0, 0); \">  \t\t<span style=\"color:black\">przepis  \t\t\t<o:p><\/o:p><\/span><\/p>\n<p class=\"MsoNormal\" style=\"margin-top: 1.5pt; color: rgb(255, 0, 0); \">  \t\t<span style=\"color:black\">Wla\u0107 do  szklanki sok pomara\u0144czowy nast\u0119pnie doda\u0107 syrop Rose&#8217;s Grenadine.  \t\t\t<o:p><\/o:p><\/span><\/p>\n<p class=\"MsoNormal\" style=\"color: rgb(255, 0, 0); \">  \t\t<span style=\"font-size:12.0pt;font-family:\"Times New Roman\",\"serif\"; mso-fareast-font-family:\"Times New Roman\";color:black;mso-fareast-language: PL\">  \t\t\t<o:p>&nbsp;<\/o:p><\/span><\/p>\n<\/div>\n","protected":false},"excerpt":{"rendered":"<p>Rose&#8217;s to numer 1 na \u015bwiecie w syropach do drink\u00f3w http:\/\/www.rosesmixers.com\/ NAJPOPULARNIEJSZE DRINKI: Mission Accomplished (Cocktail) 20 ml W\u00f3dka 10 ml Rose\u2019s Grenadine 10 ml Rose&#8217;s Lime Juice 10 oz. Triple Sec Przepis Wla\u0107 w\u00f3dk\u0119, Triple sec , Ros&#8230;<\/p>\n","protected":false},"featured_media":11795,"comment_status":"open","ping_status":"closed","template":"","meta":[],"product_cat":[173,174],"product_tag":[],"class_list":{"0":"post-11796","1":"product","2":"type-product","3":"status-publish","4":"has-post-thumbnail","6":"product_cat-artykuly-delikatesowe","7":"product_cat-syropy","9":"first","10":"instock","11":"shipping-taxable","12":"purchasable","13":"product-type-simple"},"_links":{"self":[{"href":"http:\/\/delikatesy.wineport.pl\/index.php?rest_route=\/wp\/v2\/product\/11796","targetHints":{"allow":["GET"]}}],"collection":[{"href":"http:\/\/delikatesy.wineport.pl\/index.php?rest_route=\/wp\/v2\/product"}],"about":[{"href":"http:\/\/delikatesy.wineport.pl\/index.php?rest_route=\/wp\/v2\/types\/product"}],"replies":[{"embeddable":true,"href":"http:\/\/delikatesy.wineport.pl\/index.php?rest_route=%2Fwp%2Fv2%2Fcomments&post=11796"}],"wp:featuredmedia":[{"embeddable":true,"href":"http:\/\/delikatesy.wineport.pl\/index.php?rest_route=\/wp\/v2\/media\/11795"}],"wp:attachment":[{"href":"http:\/\/delikatesy.wineport.pl\/index.php?rest_route=%2Fwp%2Fv2%2Fmedia&parent=11796"}],"wp:term":[{"taxonomy":"product_cat","embeddable":true,"href":"http:\/\/delikatesy.wineport.pl\/index.php?rest_route=%2Fwp%2Fv2%2Fproduct_cat&post=11796"},{"taxonomy":"product_tag","embeddable":true,"href":"http:\/\/delikatesy.wineport.pl\/index.php?rest_route=%2Fwp%2Fv2%2Fproduct_tag&post=11796"}],"curies":[{"name":"wp","href":"https:\/\/api.w.org\/{rel}","templated":true}]}}