{"id":11798,"date":"2024-03-14T13:32:00","date_gmt":"2024-03-14T12:32:00","guid":{"rendered":"http:\/\/delikatesy.wineport.pl\/?product=roses-lime-juice-cordial-mixer-570ml"},"modified":"2026-05-10T18:26:10","modified_gmt":"2026-05-10T16:26:10","slug":"roses-lime-juice-cordial-mixer-570ml","status":"publish","type":"product","link":"http:\/\/delikatesy.wineport.pl\/?product=roses-lime-juice-cordial-mixer-570ml","title":{"rendered":"ROSE&#8217;S LIME JUICE CORDIAL MIXER 570ML"},"content":{"rendered":"<p><span class=\"Apple-style-span\" style=\"color: rgb(50, 205, 50); font-size: 19px; font-weight: bold; \">Rose&#8217;s to numer 1 na \u015bwiecie w syropach do drink\u00f3w&nbsp;<\/span>  <span class=\"Apple-style-span\" style=\"color: rgb(50, 205, 50); font-size: 19px; font-weight: bold; \"><a href=\"http:\/\/www.rosesmixers.com\/\">http:\/\/www.rosesmixers.com\/<\/a><\/span>  <\/p>\n<div>  \t<\/div>\n<div>\n<p class=\"MsoNormal\" style=\"margin-top:1.5pt\">  \t\t<span style=\"font-size:13.5pt; font-family:\"Times New Roman\",\"serif\";mso-fareast-font-family:\"Times New Roman\"; color:black;mso-fareast-language:PL\">NAJPOPULARNIEJSZE&nbsp; DRINKI:<\/p>\n<p>  \t\t\t  SHOOT LIME (shoot)<br \/>  \t\t\t  sk\u0142ad:&nbsp;  \t\t\t<o:p><\/o:p><\/span><\/p>\n<p class=\"MsoNormal\" style=\"margin-top:1.5pt\">  \t\t<span style=\"font-size:13.5pt; font-family:\"Times New Roman\",\"serif\";mso-fareast-font-family:\"Times New Roman\"; color:black;mso-fareast-language:PL\">W\u00f3dka  \t\t\t<o:p><\/o:p><\/span><\/p>\n<p class=\"MsoNormal\" style=\"margin-top:1.5pt\">  \t\t<span style=\"font-size:13.5pt; font-family:\"Times New Roman\",\"serif\";mso-fareast-font-family:\"Times New Roman\"; color:black;mso-fareast-language:PL\">Rose&#8217;s LIME Juice Cordial Mixer  \t\t\t<o:p><\/o:p><\/span><\/p>\n<p class=\"MsoNormal\" style=\"margin-top:1.5pt\">  \t\t<span style=\"font-size:13.5pt; font-family:\"Times New Roman\",\"serif\";mso-fareast-font-family:\"Times New Roman\"; color:black;mso-fareast-language:PL\"><br \/>  \t\t\t  przepis:&nbsp;<br \/>  \t\t\t  wymiesza\u0107 w\u00f3dk\u0119 1:4 z Syropem ROSE&#8217;S LIME<br \/>  \t\t\t  podawa\u0107 w zmro\u017conych kieliszkach.<\/p>\n<p>  \t\t\t  NEW MOON&nbsp;(koktajl)<br \/>  \t\t\t  sk\u0142ad:<br \/>  \t\t\t  Gin, Rose&#8217;s Lime Juice, Tonik&nbsp;<br \/>  \t\t\t  przepis:<br \/>  \t\t\t  1 1\/2 oz. Gin&nbsp; wymiesza\u0107 z&nbsp; 1\/2 oz. Rose&#8217;s Lime Juice przela\u0107 do wysokiej  szklanki wype\u0142nionej lodem, ca\u0142o\u015b\u0107 dope\u0142ni\u0107 Tonikiem.<\/p>\n<p>  \t\t\t  GIMLET&nbsp;(koktajl)<br \/>  \t\t\t  sk\u0142ad:<br \/>  \t\t\t  Gin  \t\t\t<o:p><\/o:p><\/span><\/p>\n<p class=\"MsoNormal\" style=\"margin-top:1.5pt\">  \t\t<span style=\"font-size:13.5pt; font-family:\"Times New Roman\",\"serif\";mso-fareast-font-family:\"Times New Roman\"; color:black;mso-fareast-language:PL\">Rose&#8217;s Lime Juice Cordial Mixer  \t\t\t<o:p><\/o:p><\/span><\/p>\n<p class=\"MsoNormal\" style=\"margin-top:1.5pt\">  \t\t<span style=\"font-size:13.5pt; font-family:\"Times New Roman\",\"serif\";mso-fareast-font-family:\"Times New Roman\"; color:black;mso-fareast-language:PL\"><br \/>  \t\t\t  przepis:<br \/>  \t\t\t  4 oz. Gin (b\u0105d\u017a w\u00f3dka)&nbsp; doda\u0107 1 oz. Rose&#8217;s Lime Juice wymiesza\u0107 z  kruszonym lodem podawa\u0107 w koktailowej szklance.  \t\t\t<o:p><\/o:p><\/span><\/p>\n<p class=\"MsoNormal\">  \t\t<o:p>&nbsp;<\/o:p><\/p>\n<\/div>\n","protected":false},"excerpt":{"rendered":"<p>Rose&#8217;s to numer 1 na \u015bwiecie w syropach do drink\u00f3w http:\/\/www.rosesmixers.com\/ NAJPOPULARNIEJSZE DRINKI: SHOOT LIME (shoot) sk\u0142ad: W\u00f3dka Rose&#8217;s LIME Juice Cordial Mixer przepis: wymiesza\u0107 w\u00f3dk\u0119 1:4 z Syropem ROSE&#8217;S LIME podawa\u0107 w zmro\u017conych kieliszka&#8230;<\/p>\n","protected":false},"featured_media":11797,"comment_status":"open","ping_status":"closed","template":"","meta":[],"product_cat":[173,174],"product_tag":[],"class_list":{"0":"post-11798","1":"product","2":"type-product","3":"status-publish","4":"has-post-thumbnail","6":"product_cat-artykuly-delikatesowe","7":"product_cat-syropy","9":"first","10":"instock","11":"shipping-taxable","12":"purchasable","13":"product-type-simple"},"_links":{"self":[{"href":"http:\/\/delikatesy.wineport.pl\/index.php?rest_route=\/wp\/v2\/product\/11798","targetHints":{"allow":["GET"]}}],"collection":[{"href":"http:\/\/delikatesy.wineport.pl\/index.php?rest_route=\/wp\/v2\/product"}],"about":[{"href":"http:\/\/delikatesy.wineport.pl\/index.php?rest_route=\/wp\/v2\/types\/product"}],"replies":[{"embeddable":true,"href":"http:\/\/delikatesy.wineport.pl\/index.php?rest_route=%2Fwp%2Fv2%2Fcomments&post=11798"}],"wp:featuredmedia":[{"embeddable":true,"href":"http:\/\/delikatesy.wineport.pl\/index.php?rest_route=\/wp\/v2\/media\/11797"}],"wp:attachment":[{"href":"http:\/\/delikatesy.wineport.pl\/index.php?rest_route=%2Fwp%2Fv2%2Fmedia&parent=11798"}],"wp:term":[{"taxonomy":"product_cat","embeddable":true,"href":"http:\/\/delikatesy.wineport.pl\/index.php?rest_route=%2Fwp%2Fv2%2Fproduct_cat&post=11798"},{"taxonomy":"product_tag","embeddable":true,"href":"http:\/\/delikatesy.wineport.pl\/index.php?rest_route=%2Fwp%2Fv2%2Fproduct_tag&post=11798"}],"curies":[{"name":"wp","href":"https:\/\/api.w.org\/{rel}","templated":true}]}}