{"id":11802,"date":"2024-03-14T13:32:01","date_gmt":"2024-03-14T12:32:01","guid":{"rendered":"http:\/\/delikatesy.wineport.pl\/?product=wino-choya-silver-10l-bag-in-box"},"modified":"2026-05-10T18:26:11","modified_gmt":"2026-05-10T16:26:11","slug":"wino-choya-silver-10l-bag-in-box","status":"publish","type":"product","link":"http:\/\/delikatesy.wineport.pl\/?product=wino-choya-silver-10l-bag-in-box","title":{"rendered":"Wino Choya Silver 10L BAG IN BOX"},"content":{"rendered":"<p class=\"MsoNormal\" style=\"color: #2b4501; font-family: tahoma; font-size: 11px; line-height: 17px; -webkit-border-horizontal-spacing: 1px; -webkit-border-vertical-spacing: 1px; margin: 0cm 0cm 2pt 0cm;\"><span style=\"font-family: Arial, sans-serif; font-size: 9pt;\"><span style=\"color: #ff0000;\">UWAGA!!! NIE WYSY\u0141AMY ALKOHOLU KURIEREM W PRZYPADKU ZAM\u00d3WIE\u0143 OD OS\u00d3B PRYWATNYCH, TYLKO ODBI\u00d3R OSOBISTY NA UL. \u015aW. STANIS\u0141AWA 12 W WARSZAWIE!!! W przypadku op\u0142acenia zam\u00f3wienia alkoholu z wysy\u0142k\u0105, przy zwrocie pieni\u0119dzy zostanie potr\u0105cona prowizja\u00a0<\/span><strong style=\"color: #ff0000;\">DOTPAY<\/strong><span style=\"color: #ff0000;\">!<\/span><\/span><\/p>\n<p class=\"MsoNormal\" style=\"color: #2b4501; font-family: tahoma; font-size: 11px; line-height: 17px; -webkit-border-horizontal-spacing: 1px; -webkit-border-vertical-spacing: 1px; margin: 0cm 0cm 2pt 0cm;\"><span style=\"font-family: Arial, sans-serif; font-size: 9pt;\">Wino z zielonej \u015bliwki ume powstaje s\u0142odkie, owocowe wino o g\u0142adkiej fakturze i niezwyk\u0142ej subtelno\u015bci. Dzia\u0142a antystresowo, oczyszcza organizm z toksyn. \u015awietne jako aperitif i do deser\u00f3w. Zdaniem naszych szacownych klient\u00f3w jest niekwestionowanym przebojem, a opinia o jego bezdyskusyjnie wybornym smaku, poczt\u0105 pantoflow\u0105 zatacza coraz to szersze kr\u0119gi. <\/span><\/p>\n<div><span style=\"font-family: Arial, sans-serif; font-size: 9pt;\"><br \/> <\/span><\/div>\n<div>\n<p class=\"MsoNormal\" style=\"margin: 0cm 0cm 2pt 0cm;\"><span style=\"font-family: Arial, sans-serif; font-size: 9pt;\">IDEALNE ROZWIAZANIE NA WIEKSZA IMPREZ\u0118!<\/span><\/p>\n<p class=\"MsoNormal\" style=\"margin: 0cm 0cm 2pt 0cm;\"><span style=\"font-family: Arial, sans-serif; font-size: 9pt;\">\u00a00,5l wychodzi za 13,45PLN!<\/span><\/p>\n<p class=\"MsoNormal\" style=\"margin: 0cm 0cm 2pt 0cm;\"><span style=\"font-family: Arial, sans-serif; font-size: 9pt;\">1l wychodzi za 26,9PLN!<\/span><\/p>\n<\/p><\/div>\n","protected":false},"excerpt":{"rendered":"<p>Wino z zielonej \u015bliwki ume powstaje s\u0142odkie, owocowe wino o g\u0142adkiej fakturze i niezwyk\u0142ej subtelno\u015bci. Dzia\u0142a antystresowo, oczyszcza organizm z toksyn. \u015awietne jako aperitif i do deser\u00f3w. Zdaniem naszych szacownych klient\u00f3w jest niekwestionowanym p&#8230;<\/p>\n","protected":false},"featured_media":11801,"comment_status":"open","ping_status":"closed","template":"","meta":[],"product_cat":[141,80],"product_tag":[],"class_list":{"0":"post-11802","1":"product","2":"type-product","3":"status-publish","4":"has-post-thumbnail","6":"product_cat-japonia","7":"product_cat-wina-swiata","9":"first","10":"instock","11":"shipping-taxable","12":"purchasable","13":"product-type-simple"},"_links":{"self":[{"href":"http:\/\/delikatesy.wineport.pl\/index.php?rest_route=\/wp\/v2\/product\/11802","targetHints":{"allow":["GET"]}}],"collection":[{"href":"http:\/\/delikatesy.wineport.pl\/index.php?rest_route=\/wp\/v2\/product"}],"about":[{"href":"http:\/\/delikatesy.wineport.pl\/index.php?rest_route=\/wp\/v2\/types\/product"}],"replies":[{"embeddable":true,"href":"http:\/\/delikatesy.wineport.pl\/index.php?rest_route=%2Fwp%2Fv2%2Fcomments&post=11802"}],"wp:featuredmedia":[{"embeddable":true,"href":"http:\/\/delikatesy.wineport.pl\/index.php?rest_route=\/wp\/v2\/media\/11801"}],"wp:attachment":[{"href":"http:\/\/delikatesy.wineport.pl\/index.php?rest_route=%2Fwp%2Fv2%2Fmedia&parent=11802"}],"wp:term":[{"taxonomy":"product_cat","embeddable":true,"href":"http:\/\/delikatesy.wineport.pl\/index.php?rest_route=%2Fwp%2Fv2%2Fproduct_cat&post=11802"},{"taxonomy":"product_tag","embeddable":true,"href":"http:\/\/delikatesy.wineport.pl\/index.php?rest_route=%2Fwp%2Fv2%2Fproduct_tag&post=11802"}],"curies":[{"name":"wp","href":"https:\/\/api.w.org\/{rel}","templated":true}]}}