{"id":11826,"date":"2024-03-14T13:32:09","date_gmt":"2024-03-14T12:32:09","guid":{"rendered":"http:\/\/delikatesy.wineport.pl\/?product=wino-livio-felluga-sauvignon-blanc-collio-d-o-c-075l"},"modified":"2026-05-10T18:27:13","modified_gmt":"2026-05-10T16:27:13","slug":"wino-livio-felluga-sauvignon-blanc-collio-d-o-c-075l","status":"publish","type":"product","link":"http:\/\/delikatesy.wineport.pl\/?product=wino-livio-felluga-sauvignon-blanc-collio-d-o-c-075l","title":{"rendered":"WINO LIVIO FELLUGA SAUVIGNON BLANC, COLLIO D.O.C. 0,75L"},"content":{"rendered":"<ul style=\"font-family: Verdana; font-size: 11px;\">\n<li><span style=\"color: #ff0000;\">UWAGA!!! NIE WYSY\u0141AMY ALKOHOLU KURIEREM W PRZYPADKU ZAM\u00d3WIE\u0143 OD OS\u00d3B PRYWATNYCH, TYLKO ODBI\u00d3R OSOBISTY NA UL. \u015aW. STANIS\u0141AWA 12 W WARSZAWIE!!! W przypadku op\u0142acenia zam\u00f3wienia alkoholu z wysy\u0142k\u0105, przy zwrocie pieni\u0119dzy zostanie potr\u0105cona prowizja\u00a0<\/span><strong style=\"color: #ff0000;\">DOTPAY<\/strong><span style=\"color: #ff0000;\">!<\/span><\/li>\n<li>bukiet wy\u015bmienity:li\u015b\u0107 pomidora,bukszpan,sza\u0142wia,mango z nutami pieprzu,cedru i przypraw \u015br\u00f3dziemnomorskich\u00a0w smaku dobrze&#8221;t\u0142uste&#8221;\u00a0jedno z najlepszych Sauvignon Blanc W\u0142och\u00a0polecane jako \u015bwietny aperitif a tak\u017ce do szparag\u00f3w,zup jarzynowych,str\u0105czkowych i marynowanych ryb<\/li>\n<\/ul>\n","protected":false},"excerpt":{"rendered":"<p>bukiet wy\u015bmienity:li\u015b\u0107 pomidora,bukszpan,sza\u0142wia,mango z nutami pieprzu,cedru i przypraw \u015br\u00f3dziemnomorskich w smaku dobrze&#8221;t\u0142uste&#8221; jedno z najlepszych Sauvignon Blanc W\u0142och polecane jako \u015bwietny aperitif a tak\u017ce do szparag\u00f3w,zup jarzynowych,str\u0105czkow&#8230;<\/p>\n","protected":false},"featured_media":11825,"comment_status":"open","ping_status":"closed","template":"","meta":[],"product_cat":[80,95,176],"product_tag":[],"class_list":{"0":"post-11826","1":"product","2":"type-product","3":"status-publish","4":"has-post-thumbnail","6":"product_cat-wina-swiata","7":"product_cat-wlochy","8":"product_cat-wlochy-friuli","10":"first","11":"instock","12":"shipping-taxable","13":"purchasable","14":"product-type-simple"},"_links":{"self":[{"href":"http:\/\/delikatesy.wineport.pl\/index.php?rest_route=\/wp\/v2\/product\/11826","targetHints":{"allow":["GET"]}}],"collection":[{"href":"http:\/\/delikatesy.wineport.pl\/index.php?rest_route=\/wp\/v2\/product"}],"about":[{"href":"http:\/\/delikatesy.wineport.pl\/index.php?rest_route=\/wp\/v2\/types\/product"}],"replies":[{"embeddable":true,"href":"http:\/\/delikatesy.wineport.pl\/index.php?rest_route=%2Fwp%2Fv2%2Fcomments&post=11826"}],"wp:featuredmedia":[{"embeddable":true,"href":"http:\/\/delikatesy.wineport.pl\/index.php?rest_route=\/wp\/v2\/media\/11825"}],"wp:attachment":[{"href":"http:\/\/delikatesy.wineport.pl\/index.php?rest_route=%2Fwp%2Fv2%2Fmedia&parent=11826"}],"wp:term":[{"taxonomy":"product_cat","embeddable":true,"href":"http:\/\/delikatesy.wineport.pl\/index.php?rest_route=%2Fwp%2Fv2%2Fproduct_cat&post=11826"},{"taxonomy":"product_tag","embeddable":true,"href":"http:\/\/delikatesy.wineport.pl\/index.php?rest_route=%2Fwp%2Fv2%2Fproduct_tag&post=11826"}],"curies":[{"name":"wp","href":"https:\/\/api.w.org\/{rel}","templated":true}]}}