{"id":11876,"date":"2024-03-14T13:32:24","date_gmt":"2024-03-14T12:32:24","guid":{"rendered":"http:\/\/delikatesy.wineport.pl\/?product=wino-anterra-cabernet-sauvignon-delle-venezie-i-g-t-075l"},"modified":"2026-05-10T18:27:24","modified_gmt":"2026-05-10T16:27:24","slug":"wino-anterra-cabernet-sauvignon-delle-venezie-i-g-t-075l","status":"publish","type":"product","link":"http:\/\/delikatesy.wineport.pl\/?product=wino-anterra-cabernet-sauvignon-delle-venezie-i-g-t-075l","title":{"rendered":"WINO ANTERRA CABERNET SAUVIGNON, DELLE VENEZIE I.G.T. 0,75L"},"content":{"rendered":"<ul style=\"font-family: Verdana; font-size: 11px;\">\n<li><span style=\"color: #ff0000;\">UWAGA!!! NIE WYSY\u0141AMY ALKOHOLU KURIEREM W PRZYPADKU ZAM\u00d3WIE\u0143 OD OS\u00d3B PRYWATNYCH, TYLKO ODBI\u00d3R OSOBISTY NA UL. \u015aW. STANIS\u0141AWA 12 W WARSZAWIE!!! W przypadku op\u0142acenia zam\u00f3wienia alkoholu z wysy\u0142k\u0105, przy zwrocie pieni\u0119dzy zostanie potr\u0105cona prowizja\u00a0<\/span><strong style=\"color: #ff0000;\">DOTPAY<\/strong><span style=\"color: #ff0000;\">!<\/span><\/li>\n<li>wytrawne, full body, z delikatnymi taninami wino o rubinowej barwie\u00a0bardzo intensywny bukiet\u00a0znakomicie pasuje do czerwonych mi\u0119s, pieczeni, dziczyzny i dojrza\u0142ych ser\u00f3w<\/li>\n<\/ul>\n","protected":false},"excerpt":{"rendered":"<p>wytrawne, full body, z delikatnymi taninami wino o rubinowej barwie bardzo intensywny bukiet znakomicie pasuje do czerwonych mi\u0119s, pieczeni, dziczyzny i dojrza\u0142ych ser\u00f3w<\/p>\n","protected":false},"featured_media":11875,"comment_status":"open","ping_status":"closed","template":"","meta":[],"product_cat":[80,95,97],"product_tag":[],"class_list":{"0":"post-11876","1":"product","2":"type-product","3":"status-publish","4":"has-post-thumbnail","6":"product_cat-wina-swiata","7":"product_cat-wlochy","8":"product_cat-wlochy-veneto","10":"first","11":"instock","12":"shipping-taxable","13":"purchasable","14":"product-type-simple"},"_links":{"self":[{"href":"http:\/\/delikatesy.wineport.pl\/index.php?rest_route=\/wp\/v2\/product\/11876","targetHints":{"allow":["GET"]}}],"collection":[{"href":"http:\/\/delikatesy.wineport.pl\/index.php?rest_route=\/wp\/v2\/product"}],"about":[{"href":"http:\/\/delikatesy.wineport.pl\/index.php?rest_route=\/wp\/v2\/types\/product"}],"replies":[{"embeddable":true,"href":"http:\/\/delikatesy.wineport.pl\/index.php?rest_route=%2Fwp%2Fv2%2Fcomments&post=11876"}],"wp:featuredmedia":[{"embeddable":true,"href":"http:\/\/delikatesy.wineport.pl\/index.php?rest_route=\/wp\/v2\/media\/11875"}],"wp:attachment":[{"href":"http:\/\/delikatesy.wineport.pl\/index.php?rest_route=%2Fwp%2Fv2%2Fmedia&parent=11876"}],"wp:term":[{"taxonomy":"product_cat","embeddable":true,"href":"http:\/\/delikatesy.wineport.pl\/index.php?rest_route=%2Fwp%2Fv2%2Fproduct_cat&post=11876"},{"taxonomy":"product_tag","embeddable":true,"href":"http:\/\/delikatesy.wineport.pl\/index.php?rest_route=%2Fwp%2Fv2%2Fproduct_tag&post=11876"}],"curies":[{"name":"wp","href":"https:\/\/api.w.org\/{rel}","templated":true}]}}