{"id":11878,"date":"2024-03-14T13:32:24","date_gmt":"2024-03-14T12:32:24","guid":{"rendered":"http:\/\/delikatesy.wineport.pl\/?product=wino-negro-amaro-barrique-megale-salento-i-g-t-075l"},"modified":"2026-05-10T18:27:25","modified_gmt":"2026-05-10T16:27:25","slug":"wino-negro-amaro-barrique-megale-salento-i-g-t-075l","status":"publish","type":"product","link":"http:\/\/delikatesy.wineport.pl\/?product=wino-negro-amaro-barrique-megale-salento-i-g-t-075l","title":{"rendered":"WINO NEGRO AMARO BARRIQUE MEGALE, SALENTO I.G.T. 0,75L"},"content":{"rendered":"<p><span class=\"Apple-style-span\" style=\"color: #3a3a3a; font-family: Verdana, Arial, sans-serif; font-size: 11px; -webkit-border-horizontal-spacing: 5px; -webkit-border-vertical-spacing: 5px;\"><span style=\"color: #ff0000;\">UWAGA!!! NIE WYSY\u0141AMY ALKOHOLU KURIEREM W PRZYPADKU ZAM\u00d3WIE\u0143 OD OS\u00d3B PRYWATNYCH, TYLKO ODBI\u00d3R OSOBISTY NA UL. \u015aW. STANIS\u0141AWA 12 W WARSZAWIE!!! W przypadku op\u0142acenia zam\u00f3wienia alkoholu z wysy\u0142k\u0105, przy zwrocie pieni\u0119dzy zostanie potr\u0105cona prowizja\u00a0<\/span><strong style=\"color: #ff0000;\">DOTPAY<\/strong><span style=\"color: #ff0000;\">!<\/span><br \/> <\/span> <span class=\"Apple-style-span\" style=\"color: #3a3a3a; font-family: Verdana, Arial, sans-serif; font-size: 11px; -webkit-border-horizontal-spacing: 5px; -webkit-border-vertical-spacing: 5px;\">Wino pe\u0142ne cia\u0142a, dojrzewaj\u0105ce w barrique Negro Amaro. Barwa rubinowa, nos w spos\u00f3b szczeg\u00f3lny oddaj\u0105cy region pochodzenia &#8211; Puglia. W smaku wyczuwalne charakterystyczne nuty przypraw.<\/span> <span class=\"Apple-style-span\" style=\"color: #3a3a3a; font-family: Verdana, Arial, sans-serif; font-size: 11px; -webkit-border-horizontal-spacing: 5px; -webkit-border-vertical-spacing: 5px;\">\u00a0<\/span><\/p>\n","protected":false},"excerpt":{"rendered":"<p>Wino pe\u0142ne cia\u0142a, dojrzewaj\u0105ce w barrique Negro Amaro. Barwa rubinowa, nos w spos\u00f3b szczeg\u00f3lny oddaj\u0105cy region pochodzenia &#8211; Puglia. W smaku wyczuwalne charakterystyczne nuty przypraw.<\/p>\n","protected":false},"featured_media":11877,"comment_status":"open","ping_status":"closed","template":"","meta":[],"product_cat":[80,95,119],"product_tag":[],"class_list":{"0":"post-11878","1":"product","2":"type-product","3":"status-publish","4":"has-post-thumbnail","6":"product_cat-wina-swiata","7":"product_cat-wlochy","8":"product_cat-wlochy-puglia","10":"first","11":"instock","12":"shipping-taxable","13":"purchasable","14":"product-type-simple"},"_links":{"self":[{"href":"http:\/\/delikatesy.wineport.pl\/index.php?rest_route=\/wp\/v2\/product\/11878","targetHints":{"allow":["GET"]}}],"collection":[{"href":"http:\/\/delikatesy.wineport.pl\/index.php?rest_route=\/wp\/v2\/product"}],"about":[{"href":"http:\/\/delikatesy.wineport.pl\/index.php?rest_route=\/wp\/v2\/types\/product"}],"replies":[{"embeddable":true,"href":"http:\/\/delikatesy.wineport.pl\/index.php?rest_route=%2Fwp%2Fv2%2Fcomments&post=11878"}],"wp:featuredmedia":[{"embeddable":true,"href":"http:\/\/delikatesy.wineport.pl\/index.php?rest_route=\/wp\/v2\/media\/11877"}],"wp:attachment":[{"href":"http:\/\/delikatesy.wineport.pl\/index.php?rest_route=%2Fwp%2Fv2%2Fmedia&parent=11878"}],"wp:term":[{"taxonomy":"product_cat","embeddable":true,"href":"http:\/\/delikatesy.wineport.pl\/index.php?rest_route=%2Fwp%2Fv2%2Fproduct_cat&post=11878"},{"taxonomy":"product_tag","embeddable":true,"href":"http:\/\/delikatesy.wineport.pl\/index.php?rest_route=%2Fwp%2Fv2%2Fproduct_tag&post=11878"}],"curies":[{"name":"wp","href":"https:\/\/api.w.org\/{rel}","templated":true}]}}