{"id":11894,"date":"2024-03-14T13:32:28","date_gmt":"2024-03-14T12:32:28","guid":{"rendered":"http:\/\/delikatesy.wineport.pl\/?product=wino-sangiovese-igt-toscana-cupido-075l"},"modified":"2026-05-10T18:28:16","modified_gmt":"2026-05-10T16:28:16","slug":"wino-sangiovese-igt-toscana-cupido-075l","status":"publish","type":"product","link":"http:\/\/delikatesy.wineport.pl\/?product=wino-sangiovese-igt-toscana-cupido-075l","title":{"rendered":"WINO SANGIOVESE IGT TOSCANA &#8220;CUPIDO&#8221; 0,75L"},"content":{"rendered":"<p><span class=\"Apple-style-span\" style=\"border-collapse: collapse; color: #2a3c54; font-family: Georgia, 'Times New Roman', Times, serif; font-size: 12px; line-height: 18px; -webkit-border-horizontal-spacing: 2px; -webkit-border-vertical-spacing: 2px;\">\u00a0<span style=\"color: #ff0000;\">UWAGA!!! NIE WYSY\u0141AMY ALKOHOLU KURIEREM W PRZYPADKU ZAM\u00d3WIE\u0143 OD OS\u00d3B PRYWATNYCH, TYLKO ODBI\u00d3R OSOBISTY NA UL. \u015aW. STANIS\u0141AWA 12 W WARSZAWIE!!! W przypadku op\u0142acenia zam\u00f3wienia alkoholu z wysy\u0142k\u0105, przy zwrocie pieni\u0119dzy zostanie potr\u0105cona prowizja\u00a0<\/span><strong style=\"color: #ff0000;\">DOTPAY<\/strong><span style=\"color: #ff0000;\">!<\/span><\/span><\/p>\n<p><span class=\"Apple-style-span\" style=\"border-collapse: collapse; color: #2a3c54; font-family: Georgia, 'Times New Roman', Times, serif; font-size: 12px; line-height: 18px; -webkit-border-horizontal-spacing: 2px; -webkit-border-vertical-spacing: 2px;\">Wino frywolnie uwodzi \u015bwie\u017cym z\u0142o\u017conym owocowym aromatem i lekk\u0105 sylwetk\u0105. Harmonijne i soczyste w ustach \u0142agodnie prowadzi do przyjemnego ko\u0144ca. Stanowi doskona\u0142y akompaniament do wielu lekkich potraw mi\u0119snych i ser\u00f3w. Suerowana temp. podania 16-18\u2019C.<\/span> <span class=\"Apple-style-span\" style=\"border-collapse: collapse; color: #2a3c54; font-family: Georgia, 'Times New Roman', Times, serif; font-size: 12px; line-height: 18px; -webkit-border-horizontal-spacing: 2px; -webkit-border-vertical-spacing: 2px;\">\u00a0<\/span><\/p>\n","protected":false},"excerpt":{"rendered":"<p>Wino frywolnie uwodzi \u015bwie\u017cym z\u0142o\u017conym owocowym aromatem i lekk\u0105 sylwetk\u0105. Harmonijne i soczyste w ustach \u0142agodnie prowadzi do przyjemnego ko\u0144ca. Stanowi doskona\u0142y akompaniament do wielu lekkich potraw mi\u0119snych i ser\u00f3w. Suerowana temp. podania 16-18\u2019&#8230;<\/p>\n","protected":false},"featured_media":11893,"comment_status":"open","ping_status":"closed","template":"","meta":[],"product_cat":[80,95,96],"product_tag":[],"class_list":{"0":"post-11894","1":"product","2":"type-product","3":"status-publish","4":"has-post-thumbnail","6":"product_cat-wina-swiata","7":"product_cat-wlochy","8":"product_cat-wlochy-toscania","10":"first","11":"instock","12":"shipping-taxable","13":"purchasable","14":"product-type-simple"},"_links":{"self":[{"href":"http:\/\/delikatesy.wineport.pl\/index.php?rest_route=\/wp\/v2\/product\/11894","targetHints":{"allow":["GET"]}}],"collection":[{"href":"http:\/\/delikatesy.wineport.pl\/index.php?rest_route=\/wp\/v2\/product"}],"about":[{"href":"http:\/\/delikatesy.wineport.pl\/index.php?rest_route=\/wp\/v2\/types\/product"}],"replies":[{"embeddable":true,"href":"http:\/\/delikatesy.wineport.pl\/index.php?rest_route=%2Fwp%2Fv2%2Fcomments&post=11894"}],"wp:featuredmedia":[{"embeddable":true,"href":"http:\/\/delikatesy.wineport.pl\/index.php?rest_route=\/wp\/v2\/media\/11893"}],"wp:attachment":[{"href":"http:\/\/delikatesy.wineport.pl\/index.php?rest_route=%2Fwp%2Fv2%2Fmedia&parent=11894"}],"wp:term":[{"taxonomy":"product_cat","embeddable":true,"href":"http:\/\/delikatesy.wineport.pl\/index.php?rest_route=%2Fwp%2Fv2%2Fproduct_cat&post=11894"},{"taxonomy":"product_tag","embeddable":true,"href":"http:\/\/delikatesy.wineport.pl\/index.php?rest_route=%2Fwp%2Fv2%2Fproduct_tag&post=11894"}],"curies":[{"name":"wp","href":"https:\/\/api.w.org\/{rel}","templated":true}]}}