{"id":11900,"date":"2024-03-14T13:32:28","date_gmt":"2024-03-14T12:32:28","guid":{"rendered":"http:\/\/delikatesy.wineport.pl\/?product=miod-dwojniak-kasztelanski-075l"},"modified":"2026-05-10T18:28:18","modified_gmt":"2026-05-10T16:28:18","slug":"miod-dwojniak-kasztelanski-075l","status":"publish","type":"product","link":"http:\/\/delikatesy.wineport.pl\/?product=miod-dwojniak-kasztelanski-075l","title":{"rendered":"Mi\u00f3d Dw\u00f3jniak Kasztela\u0144ski 0,75l"},"content":{"rendered":"<p>\u00a0<\/p>\n<p><span style=\"color: #ff0000; font-size: 16px; font-family: arial, helvetica, sans-serif;\">UWAGA!!! NIE WYSY\u0141AMY ALKOHOLU W PRZYPADKU ZAM\u00d3WIE\u0143 OD OS\u00d3B PRYWATNYCH, TYLKO ODBI\u00d3R OSOBISTY NA UL. \u015aW. STANIS\u0141AWA 12 W WARSZAWIE!!! W przypadku op\u0142acenia zam\u00f3wienia alkoholu z wysy\u0142k\u0105, przy zwrocie pieni\u0119dzy zostanie potr\u0105cona prowizja\u00a0DOTPAY!<\/span><\/p>\n<p>\u00a0<\/p>\n<p><span style=\"color: #ff0000; font-size: 16px; font-family: arial, helvetica, sans-serif;\">\u00a0<\/span><\/p>\n<p><span class=\"Apple-style-span\" style=\"font-family: Verdana, Arial, Helvetica, sans-serif; font-size: 11px;\">Dw\u00f3jniak to trunek sporz\u0105dzony w proporcji: dwie cz\u0119\u015bci miodu i dwie cz\u0119\u015bci wody. Dw\u00f3jniaki dojrzewaj\u0105 przez okres oko\u0142o 10 lat. Zawarto\u015b\u0107 alkoholu jest podobna jak w p\u00f3\u0142toraku: 15-17%. Wzbogacony wyci\u0105gami zio\u0142owo-korzennymi i cukrem palonym osi\u0105ga pi\u0119kny kolor ciemnego bursztynu oraz doskona\u0142y, g\u0142\u0119boki smak i aromat. Doskonale smakuje z lodem i cytryn\u0105, a podany na gor\u0105co z go\u017adzikami i cynamonem na d\u0142ugo pozostaje w pami\u0119ci.<\/span> <span class=\"Apple-style-span\" style=\"font-family: Verdana, Arial, Helvetica, sans-serif; font-size: 11px;\">\u00a0<\/span><\/p>\n","protected":false},"excerpt":{"rendered":"<p>Dw\u00f3jniak to trunek sporz\u0105dzony w proporcji: dwie cz\u0119\u015bci miodu i dwie cz\u0119\u015bci wody. Dw\u00f3jniaki dojrzewaj\u0105 przez okres oko\u0142o 10 lat. Zawarto\u015b\u0107 alkoholu jest podobna jak w p\u00f3\u0142toraku: 15-17%. Wzbogacony wyci\u0105gami zio\u0142owo-korzennymi i cukrem palonym osi\u0105ga &#8230;<\/p>\n","protected":false},"featured_media":11899,"comment_status":"open","ping_status":"closed","template":"","meta":[],"product_cat":[105,104,139,106],"product_tag":[],"class_list":{"0":"post-11900","1":"product","2":"type-product","3":"status-publish","4":"has-post-thumbnail","6":"product_cat-kremy","7":"product_cat-likiery","8":"product_cat-miody","9":"product_cat-nalewki-i-miody","11":"first","12":"instock","13":"shipping-taxable","14":"purchasable","15":"product-type-simple"},"_links":{"self":[{"href":"http:\/\/delikatesy.wineport.pl\/index.php?rest_route=\/wp\/v2\/product\/11900","targetHints":{"allow":["GET"]}}],"collection":[{"href":"http:\/\/delikatesy.wineport.pl\/index.php?rest_route=\/wp\/v2\/product"}],"about":[{"href":"http:\/\/delikatesy.wineport.pl\/index.php?rest_route=\/wp\/v2\/types\/product"}],"replies":[{"embeddable":true,"href":"http:\/\/delikatesy.wineport.pl\/index.php?rest_route=%2Fwp%2Fv2%2Fcomments&post=11900"}],"wp:featuredmedia":[{"embeddable":true,"href":"http:\/\/delikatesy.wineport.pl\/index.php?rest_route=\/wp\/v2\/media\/11899"}],"wp:attachment":[{"href":"http:\/\/delikatesy.wineport.pl\/index.php?rest_route=%2Fwp%2Fv2%2Fmedia&parent=11900"}],"wp:term":[{"taxonomy":"product_cat","embeddable":true,"href":"http:\/\/delikatesy.wineport.pl\/index.php?rest_route=%2Fwp%2Fv2%2Fproduct_cat&post=11900"},{"taxonomy":"product_tag","embeddable":true,"href":"http:\/\/delikatesy.wineport.pl\/index.php?rest_route=%2Fwp%2Fv2%2Fproduct_tag&post=11900"}],"curies":[{"name":"wp","href":"https:\/\/api.w.org\/{rel}","templated":true}]}}