{"id":11908,"date":"2024-03-14T13:32:30","date_gmt":"2024-03-14T12:32:30","guid":{"rendered":"http:\/\/delikatesy.wineport.pl\/?product=wino-poggio-ai-santi-montepulciano-dabruzzo-d-o-c-075l"},"modified":"2026-05-10T18:28:20","modified_gmt":"2026-05-10T16:28:20","slug":"wino-poggio-ai-santi-montepulciano-dabruzzo-d-o-c-075l","status":"publish","type":"product","link":"http:\/\/delikatesy.wineport.pl\/?product=wino-poggio-ai-santi-montepulciano-dabruzzo-d-o-c-075l","title":{"rendered":"WINO POGGIO AI SANTI, MONTEPULCIANO D&#8217;ABRUZZO D.O.C 0,75L"},"content":{"rendered":"<div style=\"clear: both; color: #333333; font-family: tahoma; font-size: 11px; line-height: 13px; padding: 0px; margin: 0px;\"><span style=\"color: #ff0000;\">UWAGA!!! NIE WYSY\u0141AMY ALKOHOLU KURIEREM W PRZYPADKU ZAM\u00d3WIE\u0143 OD OS\u00d3B PRYWATNYCH, TYLKO ODBI\u00d3R OSOBISTY NA UL. \u015aW. STANIS\u0141AWA 12 W WARSZAWIE!!! W przypadku op\u0142acenia zam\u00f3wienia alkoholu z wysy\u0142k\u0105, przy zwrocie pieni\u0119dzy zostanie potr\u0105cona prowizja\u00a0<\/span><strong style=\"color: #ff0000;\">DOTPAY<\/strong><span style=\"color: #ff0000;\">!<\/span>  <\/p>\n<table style=\"padding: 0px; margin: 0px;\" border=\"0\">\n<tbody style=\"padding: 0px; margin: 0px;\">\n<tr style=\"padding: 0px; margin: 0px;\">\n<td style=\"padding: 0px; margin: 0px;\"><br style=\"padding: 0px; margin: 0px;\" \/> Ciemnorubinowe wino o intensywnym aromacie czerwonych owoc\u00f3w podkre\u015blone nut\u0105 przypraw: go\u017adzik\u00f3w i lukrecji. Pe\u0142ne, dobrze zbudowane z wyczuwaln\u0105 delikatnie tanin\u0105. Idealne w zestawieniu z pieczonym mi\u0119sem, makaronami i serami. <\/td>\n<\/tr>\n<\/tbody>\n<\/table><\/div>\n","protected":false},"excerpt":{"rendered":"<p>Ciemnorubinowe wino o intensywnym aromacie czerwonych owoc\u00f3w podkre\u015blone nut\u0105 przypraw: go\u017adzik\u00f3w i lukrecji. Pe\u0142ne, dobrze zbudowane z wyczuwaln\u0105 delikatnie tanin\u0105. Idealne w zestawieniu z pieczonym mi\u0119sem, makaronami i serami.<\/p>\n","protected":false},"featured_media":11907,"comment_status":"open","ping_status":"closed","template":"","meta":[],"product_cat":[80,95,118],"product_tag":[],"class_list":{"0":"post-11908","1":"product","2":"type-product","3":"status-publish","4":"has-post-thumbnail","6":"product_cat-wina-swiata","7":"product_cat-wlochy","8":"product_cat-wlochy-abruzja","10":"first","11":"instock","12":"shipping-taxable","13":"purchasable","14":"product-type-simple"},"_links":{"self":[{"href":"http:\/\/delikatesy.wineport.pl\/index.php?rest_route=\/wp\/v2\/product\/11908","targetHints":{"allow":["GET"]}}],"collection":[{"href":"http:\/\/delikatesy.wineport.pl\/index.php?rest_route=\/wp\/v2\/product"}],"about":[{"href":"http:\/\/delikatesy.wineport.pl\/index.php?rest_route=\/wp\/v2\/types\/product"}],"replies":[{"embeddable":true,"href":"http:\/\/delikatesy.wineport.pl\/index.php?rest_route=%2Fwp%2Fv2%2Fcomments&post=11908"}],"wp:featuredmedia":[{"embeddable":true,"href":"http:\/\/delikatesy.wineport.pl\/index.php?rest_route=\/wp\/v2\/media\/11907"}],"wp:attachment":[{"href":"http:\/\/delikatesy.wineport.pl\/index.php?rest_route=%2Fwp%2Fv2%2Fmedia&parent=11908"}],"wp:term":[{"taxonomy":"product_cat","embeddable":true,"href":"http:\/\/delikatesy.wineport.pl\/index.php?rest_route=%2Fwp%2Fv2%2Fproduct_cat&post=11908"},{"taxonomy":"product_tag","embeddable":true,"href":"http:\/\/delikatesy.wineport.pl\/index.php?rest_route=%2Fwp%2Fv2%2Fproduct_tag&post=11908"}],"curies":[{"name":"wp","href":"https:\/\/api.w.org\/{rel}","templated":true}]}}