{"id":11910,"date":"2024-03-14T13:32:30","date_gmt":"2024-03-14T12:32:30","guid":{"rendered":"http:\/\/delikatesy.wineport.pl\/?product=wino-chianti-guicciardini-strozzi-d-o-c-g-075l"},"modified":"2026-05-10T18:28:21","modified_gmt":"2026-05-10T16:28:21","slug":"wino-chianti-guicciardini-strozzi-d-o-c-g-075l","status":"publish","type":"product","link":"http:\/\/delikatesy.wineport.pl\/?product=wino-chianti-guicciardini-strozzi-d-o-c-g-075l","title":{"rendered":"Wino Chianti Guicciardini Strozzi D.O.C.G. 0,75L"},"content":{"rendered":"<p><span class=\"Apple-style-span\" style=\"color: #6d6c6c; font-family: georgia, tahoma, helvetica, sans-serif; font-size: 11px; line-height: 17px;\"><span style=\"color: #ff0000;\">UWAGA!!! NIE WYSY\u0141AMY ALKOHOLU KURIEREM W PRZYPADKU ZAM\u00d3WIE\u0143 OD OS\u00d3B PRYWATNYCH, TYLKO ODBI\u00d3R OSOBISTY NA UL. \u015aW. STANIS\u0141AWA 12 W WARSZAWIE!!! W przypadku op\u0142acenia zam\u00f3wienia alkoholu z wysy\u0142k\u0105, przy zwrocie pieni\u0119dzy zostanie potr\u0105cona prowizja\u00a0<\/span><strong style=\"color: #ff0000;\">DOTPAY<\/strong><span style=\"color: #ff0000;\">!<\/span><\/span><\/p>\n<p><span class=\"Apple-style-span\" style=\"color: #6d6c6c; font-family: georgia, tahoma, helvetica, sans-serif; font-size: 11px; line-height: 17px;\">Chianti z winnicy Villa Cusona, po\u0142o\u017conej w\u015br\u00f3d wzg\u00f3rz San Gimignano, charakteryzuje si\u0119 przepi\u0119kn\u0105 rubinow\u0105 barw\u0105 oraz intensywnym i trwa\u0142ym aromatem. Dojrzewa w d\u0119bowych beczkach, w piwnicach wybudowanych w 1850 roku. Znakomicie pasuje do wi\u0119kszo\u015bci potraw.<\/span><\/p>\n","protected":false},"excerpt":{"rendered":"<p>Chianti z winnicy Villa Cusona, po\u0142o\u017conej w\u015br\u00f3d wzg\u00f3rz San Gimignano, charakteryzuje si\u0119 przepi\u0119kn\u0105 rubinow\u0105 barw\u0105 oraz intensywnym i trwa\u0142ym aromatem. Dojrzewa w d\u0119bowych beczkach, w piwnicach wybudowanych w 1850 roku. Znakomicie pasuje do wi\u0119kszo\u015bc&#8230;<\/p>\n","protected":false},"featured_media":11909,"comment_status":"open","ping_status":"closed","template":"","meta":[],"product_cat":[80,95,96],"product_tag":[],"class_list":{"0":"post-11910","1":"product","2":"type-product","3":"status-publish","4":"has-post-thumbnail","6":"product_cat-wina-swiata","7":"product_cat-wlochy","8":"product_cat-wlochy-toscania","10":"first","11":"instock","12":"shipping-taxable","13":"purchasable","14":"product-type-simple"},"_links":{"self":[{"href":"http:\/\/delikatesy.wineport.pl\/index.php?rest_route=\/wp\/v2\/product\/11910","targetHints":{"allow":["GET"]}}],"collection":[{"href":"http:\/\/delikatesy.wineport.pl\/index.php?rest_route=\/wp\/v2\/product"}],"about":[{"href":"http:\/\/delikatesy.wineport.pl\/index.php?rest_route=\/wp\/v2\/types\/product"}],"replies":[{"embeddable":true,"href":"http:\/\/delikatesy.wineport.pl\/index.php?rest_route=%2Fwp%2Fv2%2Fcomments&post=11910"}],"wp:featuredmedia":[{"embeddable":true,"href":"http:\/\/delikatesy.wineport.pl\/index.php?rest_route=\/wp\/v2\/media\/11909"}],"wp:attachment":[{"href":"http:\/\/delikatesy.wineport.pl\/index.php?rest_route=%2Fwp%2Fv2%2Fmedia&parent=11910"}],"wp:term":[{"taxonomy":"product_cat","embeddable":true,"href":"http:\/\/delikatesy.wineport.pl\/index.php?rest_route=%2Fwp%2Fv2%2Fproduct_cat&post=11910"},{"taxonomy":"product_tag","embeddable":true,"href":"http:\/\/delikatesy.wineport.pl\/index.php?rest_route=%2Fwp%2Fv2%2Fproduct_tag&post=11910"}],"curies":[{"name":"wp","href":"https:\/\/api.w.org\/{rel}","templated":true}]}}