{"id":11916,"date":"2024-03-14T13:32:31","date_gmt":"2024-03-14T12:32:31","guid":{"rendered":"http:\/\/delikatesy.wineport.pl\/?product=wino-ocra-guicciardini-strozzi-bolgheri-d-o-c-075l"},"modified":"2026-05-10T18:28:22","modified_gmt":"2026-05-10T16:28:22","slug":"wino-ocra-guicciardini-strozzi-bolgheri-d-o-c-075l","status":"publish","type":"product","link":"http:\/\/delikatesy.wineport.pl\/?product=wino-ocra-guicciardini-strozzi-bolgheri-d-o-c-075l","title":{"rendered":"Wino OCRA GUICCIARDINI STROZZI, BOLGHERI D.O.C. 0,75L"},"content":{"rendered":"<p><span class=\"Apple-style-span\" style=\"line-height: 17px; font-family: Tahoma; font-size: 11px;\"><span style=\"color: #ff0000;\">UWAGA!!! NIE WYSY\u0141AMY ALKOHOLU KURIEREM W PRZYPADKU ZAM\u00d3WIE\u0143 OD OS\u00d3B PRYWATNYCH, TYLKO ODBI\u00d3R OSOBISTY NA UL. \u015aW. STANIS\u0141AWA 12 W WARSZAWIE!!! W przypadku op\u0142acenia zam\u00f3wienia alkoholu z wysy\u0142k\u0105, przy zwrocie pieni\u0119dzy zostanie potr\u0105cona prowizja\u00a0<\/span><strong style=\"color: #ff0000;\">DOTPAY<\/strong><span style=\"color: #ff0000;\">!<\/span><\/span><\/p>\n<p><span class=\"Apple-style-span\" style=\"line-height: 17px; font-family: Tahoma; font-size: 11px;\">Ocra (krew ziemi) to wysokiej klasy kompozycja: Cabernet Sauvignon, Merlot i Syrah. Pochodzi z regionu Bolgheri kojarzonego g\u0142\u00f3wnie z presti\u017cowym winem Sassicaia. Ocra o bogatym bukiecie je\u017cyn i czarnej bor\u00f3wki z delikatnymi taninami.<\/span><\/p>\n","protected":false},"excerpt":{"rendered":"<p>Ocra (krew ziemi) to wysokiej klasy kompozycja: Cabernet Sauvignon, Merlot i Syrah. Pochodzi z regionu Bolgheri kojarzonego g\u0142\u00f3wnie z presti\u017cowym winem Sassicaia. Ocra o bogatym bukiecie je\u017cyn i czarnej bor\u00f3wki z delikatnymi taninami.<\/p>\n","protected":false},"featured_media":11915,"comment_status":"open","ping_status":"closed","template":"","meta":[],"product_cat":[80,95,96],"product_tag":[],"class_list":{"0":"post-11916","1":"product","2":"type-product","3":"status-publish","4":"has-post-thumbnail","6":"product_cat-wina-swiata","7":"product_cat-wlochy","8":"product_cat-wlochy-toscania","10":"first","11":"instock","12":"shipping-taxable","13":"purchasable","14":"product-type-simple"},"_links":{"self":[{"href":"http:\/\/delikatesy.wineport.pl\/index.php?rest_route=\/wp\/v2\/product\/11916","targetHints":{"allow":["GET"]}}],"collection":[{"href":"http:\/\/delikatesy.wineport.pl\/index.php?rest_route=\/wp\/v2\/product"}],"about":[{"href":"http:\/\/delikatesy.wineport.pl\/index.php?rest_route=\/wp\/v2\/types\/product"}],"replies":[{"embeddable":true,"href":"http:\/\/delikatesy.wineport.pl\/index.php?rest_route=%2Fwp%2Fv2%2Fcomments&post=11916"}],"wp:featuredmedia":[{"embeddable":true,"href":"http:\/\/delikatesy.wineport.pl\/index.php?rest_route=\/wp\/v2\/media\/11915"}],"wp:attachment":[{"href":"http:\/\/delikatesy.wineport.pl\/index.php?rest_route=%2Fwp%2Fv2%2Fmedia&parent=11916"}],"wp:term":[{"taxonomy":"product_cat","embeddable":true,"href":"http:\/\/delikatesy.wineport.pl\/index.php?rest_route=%2Fwp%2Fv2%2Fproduct_cat&post=11916"},{"taxonomy":"product_tag","embeddable":true,"href":"http:\/\/delikatesy.wineport.pl\/index.php?rest_route=%2Fwp%2Fv2%2Fproduct_tag&post=11916"}],"curies":[{"name":"wp","href":"https:\/\/api.w.org\/{rel}","templated":true}]}}