{"id":11924,"date":"2024-03-14T13:32:33","date_gmt":"2024-03-14T12:32:33","guid":{"rendered":"http:\/\/delikatesy.wineport.pl\/?product=wino-vignare-guicciardini-strozzi-bolgheri-superiore-d-o-c-075l"},"modified":"2026-05-10T18:28:24","modified_gmt":"2026-05-10T16:28:24","slug":"wino-vignare-guicciardini-strozzi-bolgheri-superiore-d-o-c-075l","status":"publish","type":"product","link":"http:\/\/delikatesy.wineport.pl\/?product=wino-vignare-guicciardini-strozzi-bolgheri-superiore-d-o-c-075l","title":{"rendered":"WINO VIGNARE GUICCIARDINI STROZZI, BOLGHERI SUPERIORE D.O.C. 0,75L"},"content":{"rendered":"<p><span class=\"Apple-style-span\" style=\"color: #6d6c6c; font-family: georgia, tahoma, helvetica, sans-serif; font-size: 11px; line-height: 17px;\"><span style=\"color: #ff0000;\">UWAGA!!! NIE WYSY\u0141AMY ALKOHOLU KURIEREM W PRZYPADKU ZAM\u00d3WIE\u0143 OD OS\u00d3B PRYWATNYCH, TYLKO ODBI\u00d3R OSOBISTY NA UL. \u015aW. STANIS\u0141AWA 12 W WARSZAWIE!!! W przypadku op\u0142acenia zam\u00f3wienia alkoholu z wysy\u0142k\u0105, przy zwrocie pieni\u0119dzy zostanie potr\u0105cona prowizja\u00a0<\/span><strong style=\"color: #ff0000;\">DOTPAY<\/strong><span style=\"color: #ff0000;\">!<\/span><\/span><\/p>\n<p><span class=\"Apple-style-span\" style=\"color: #6d6c6c; font-family: georgia, tahoma, helvetica, sans-serif; font-size: 11px; line-height: 17px;\">Intensywna, g\u0142\u0119boka rubinowa barwa. Bogaty nos z czarnymi owocami oraz przyjemnymi przyprawami. W smaku pe\u0142ne, z delikatnymi taninami, orzechem kokosowym i s\u0142odkawym tytoniem. Pozostawia d\u0142ugi finisz. Kompozycja Cabernet Sauvignon, Cabernet Franc i Merlot. Vignare pochodzi z winnicy o tej samej nazwie, po\u0142o\u017conej 1 kilometr od posiad\u0142o\u015bci Le Pavoniere. Wino polecane do mi\u0119sa oraz dojrza\u0142ych ser\u00f3w. Wino\u00a0 w limitowanych ilo\u015bciach.<\/span><\/p>\n","protected":false},"excerpt":{"rendered":"<p>Intensywna, g\u0142\u0119boka rubinowa barwa. Bogaty nos z czarnymi owocami oraz przyjemnymi przyprawami. W smaku pe\u0142ne, z delikatnymi taninami, orzechem kokosowym i s\u0142odkawym tytoniem. Pozostawia d\u0142ugi finisz. Kompozycja Cabernet Sauvignon, Cabernet Franc i M&#8230;<\/p>\n","protected":false},"featured_media":11923,"comment_status":"open","ping_status":"closed","template":"","meta":[],"product_cat":[80,95,96],"product_tag":[],"class_list":{"0":"post-11924","1":"product","2":"type-product","3":"status-publish","4":"has-post-thumbnail","6":"product_cat-wina-swiata","7":"product_cat-wlochy","8":"product_cat-wlochy-toscania","10":"first","11":"instock","12":"shipping-taxable","13":"purchasable","14":"product-type-simple"},"_links":{"self":[{"href":"http:\/\/delikatesy.wineport.pl\/index.php?rest_route=\/wp\/v2\/product\/11924","targetHints":{"allow":["GET"]}}],"collection":[{"href":"http:\/\/delikatesy.wineport.pl\/index.php?rest_route=\/wp\/v2\/product"}],"about":[{"href":"http:\/\/delikatesy.wineport.pl\/index.php?rest_route=\/wp\/v2\/types\/product"}],"replies":[{"embeddable":true,"href":"http:\/\/delikatesy.wineport.pl\/index.php?rest_route=%2Fwp%2Fv2%2Fcomments&post=11924"}],"wp:featuredmedia":[{"embeddable":true,"href":"http:\/\/delikatesy.wineport.pl\/index.php?rest_route=\/wp\/v2\/media\/11923"}],"wp:attachment":[{"href":"http:\/\/delikatesy.wineport.pl\/index.php?rest_route=%2Fwp%2Fv2%2Fmedia&parent=11924"}],"wp:term":[{"taxonomy":"product_cat","embeddable":true,"href":"http:\/\/delikatesy.wineport.pl\/index.php?rest_route=%2Fwp%2Fv2%2Fproduct_cat&post=11924"},{"taxonomy":"product_tag","embeddable":true,"href":"http:\/\/delikatesy.wineport.pl\/index.php?rest_route=%2Fwp%2Fv2%2Fproduct_tag&post=11924"}],"curies":[{"name":"wp","href":"https:\/\/api.w.org\/{rel}","templated":true}]}}