{"id":11926,"date":"2024-03-14T13:32:34","date_gmt":"2024-03-14T12:32:34","guid":{"rendered":"http:\/\/delikatesy.wineport.pl\/?product=wino-xadrez-vinho-verde-075l"},"modified":"2026-05-10T18:28:24","modified_gmt":"2026-05-10T16:28:24","slug":"wino-xadrez-vinho-verde-075l","status":"publish","type":"product","link":"http:\/\/delikatesy.wineport.pl\/?product=wino-xadrez-vinho-verde-075l","title":{"rendered":"Wino Xadrez Vinho Verde 0,75L"},"content":{"rendered":"<p><span class=\"Apple-style-span\" style=\"color: #580a0a; font-family: Verdana, Arial, Helvetica, sans-serif; font-size: 11px; -webkit-border-horizontal-spacing: 8px; -webkit-border-vertical-spacing: 8px;\"><span style=\"color: #ff0000;\">UWAGA!!! NIE WYSY\u0141AMY ALKOHOLU KURIEREM W PRZYPADKU ZAM\u00d3WIE\u0143 OD OS\u00d3B PRYWATNYCH, TYLKO ODBI\u00d3R OSOBISTY NA UL. \u015aW. STANIS\u0141AWA 12 W WARSZAWIE!!! W przypadku op\u0142acenia zam\u00f3wienia alkoholu z wysy\u0142k\u0105, przy zwrocie pieni\u0119dzy zostanie potr\u0105cona prowizja\u00a0<\/span><strong style=\"color: #ff0000;\">DOTPAY<\/strong><span style=\"color: #ff0000;\">!<\/span><\/span><\/p>\n<p><span class=\"Apple-style-span\" style=\"color: #580a0a; font-family: Verdana, Arial, Helvetica, sans-serif; font-size: 11px; -webkit-border-horizontal-spacing: 8px; -webkit-border-vertical-spacing: 8px;\">Szczepy: Tradycyjne szczepy regionu, g\u0142\u00f3wnie Loureiro, Arinto<\/span> <span class=\"Apple-style-span\" style=\"color: #580a0a; font-family: Verdana, Arial, Helvetica, sans-serif; font-size: 11px; -webkit-border-horizontal-spacing: 8px; -webkit-border-vertical-spacing: 8px;\"><br \/> <\/span> <span class=\"Apple-style-span\" style=\"color: #580a0a; font-family: Verdana, Arial, Helvetica, sans-serif; font-size: 11px; -webkit-border-horizontal-spacing: 8px; -webkit-border-vertical-spacing: 8px;\">Wino o jasnym \u017c\u00f3\u0142to zielonym kolorze. Aromat orze\u017awiaj\u0105cy z przewag\u0105 owoc\u00f3w tropikalnych i cytryny. W smaku owocowe, kr\u0105g\u0142e i orze\u017awiaj\u0105ce<\/span><\/p>\n","protected":false},"excerpt":{"rendered":"<p>Szczepy: Tradycyjne szczepy regionu, g\u0142\u00f3wnie Loureiro, Arinto Wino o jasnym \u017c\u00f3\u0142to zielonym kolorze. Aromat orze\u017awiaj\u0105cy z przewag\u0105 owoc\u00f3w tropikalnych i cytryny. W smaku owocowe, kr\u0105g\u0142e i orze\u017awiaj\u0105ce<\/p>\n","protected":false},"featured_media":11925,"comment_status":"open","ping_status":"closed","template":"","meta":[],"product_cat":[94,80],"product_tag":[],"class_list":{"0":"post-11926","1":"product","2":"type-product","3":"status-publish","4":"has-post-thumbnail","6":"product_cat-portugalia","7":"product_cat-wina-swiata","9":"first","10":"instock","11":"shipping-taxable","12":"purchasable","13":"product-type-simple"},"_links":{"self":[{"href":"http:\/\/delikatesy.wineport.pl\/index.php?rest_route=\/wp\/v2\/product\/11926","targetHints":{"allow":["GET"]}}],"collection":[{"href":"http:\/\/delikatesy.wineport.pl\/index.php?rest_route=\/wp\/v2\/product"}],"about":[{"href":"http:\/\/delikatesy.wineport.pl\/index.php?rest_route=\/wp\/v2\/types\/product"}],"replies":[{"embeddable":true,"href":"http:\/\/delikatesy.wineport.pl\/index.php?rest_route=%2Fwp%2Fv2%2Fcomments&post=11926"}],"wp:featuredmedia":[{"embeddable":true,"href":"http:\/\/delikatesy.wineport.pl\/index.php?rest_route=\/wp\/v2\/media\/11925"}],"wp:attachment":[{"href":"http:\/\/delikatesy.wineport.pl\/index.php?rest_route=%2Fwp%2Fv2%2Fmedia&parent=11926"}],"wp:term":[{"taxonomy":"product_cat","embeddable":true,"href":"http:\/\/delikatesy.wineport.pl\/index.php?rest_route=%2Fwp%2Fv2%2Fproduct_cat&post=11926"},{"taxonomy":"product_tag","embeddable":true,"href":"http:\/\/delikatesy.wineport.pl\/index.php?rest_route=%2Fwp%2Fv2%2Fproduct_tag&post=11926"}],"curies":[{"name":"wp","href":"https:\/\/api.w.org\/{rel}","templated":true}]}}